{"id":1508,"date":"2022-09-06T14:41:39","date_gmt":"2022-09-06T12:41:39","guid":{"rendered":"https:\/\/quom-radiator.comwarum-quom\/"},"modified":"2022-09-23T16:37:43","modified_gmt":"2022-09-23T14:37:43","slug":"warum-quom","status":"publish","type":"page","link":"https:\/\/quom-radiator.com\/de\/warum-quom\/","title":{"rendered":"Warum QUOM"},"content":{"rendered":"\t\t<div data-elementor-type=\"wp-page\" data-elementor-id=\"1508\" class=\"elementor elementor-1508 elementor-345\" data-elementor-post-type=\"page\">\n\t\t\t\t\t\t<section class=\"elementor-section elementor-top-section elementor-element elementor-element-9fb35c4 elementor-section-full_width elementor-section-height-default elementor-section-height-default\" data-id=\"9fb35c4\" data-element_type=\"section\" data-e-type=\"section\">\n\t\t\t\t\t\t<div class=\"elementor-container elementor-column-gap-default\">\n\t\t\t\t\t<div class=\"elementor-column elementor-col-100 elementor-top-column elementor-element elementor-element-6126427\" data-id=\"6126427\" data-element_type=\"column\" data-e-type=\"column\">\n\t\t\t<div class=\"elementor-widget-wrap elementor-element-populated\">\n\t\t\t\t\t\t<div class=\"elementor-element elementor-element-5c6cc54 elementor-invisible elementor-widget elementor-widget-heading\" data-id=\"5c6cc54\" data-element_type=\"widget\" data-e-type=\"widget\" data-settings=\"{&quot;_animation&quot;:&quot;fadeIn&quot;}\" data-widget_type=\"heading.default\">\n\t\t\t\t<div class=\"elementor-widget-container\">\n\t\t\t\t\t<h1 class=\"elementor-heading-title elementor-size-default\">Wir garantieren h\u00f6chste<br>is <b>Qualit\u00e4t.<\/b><\/h1>\t\t\t\t<\/div>\n\t\t\t\t<\/div>\n\t\t\t\t\t<\/div>\n\t\t<\/div>\n\t\t\t\t\t<\/div>\n\t\t<\/section>\n\t\t\t\t<section class=\"elementor-section elementor-top-section elementor-element elementor-element-44c1929 elementor-section-boxed elementor-section-height-default elementor-section-height-default\" data-id=\"44c1929\" data-element_type=\"section\" data-e-type=\"section\">\n\t\t\t\t\t\t<div class=\"elementor-container elementor-column-gap-default\">\n\t\t\t\t\t<div class=\"elementor-column elementor-col-100 elementor-top-column elementor-element elementor-element-9dc3b92\" data-id=\"9dc3b92\" data-element_type=\"column\" data-e-type=\"column\">\n\t\t\t<div class=\"elementor-widget-wrap elementor-element-populated\">\n\t\t\t\t\t\t<div class=\"elementor-element elementor-element-a299c0f elementor-widget-divider--view-line elementor-invisible elementor-widget elementor-widget-divider\" data-id=\"a299c0f\" data-element_type=\"widget\" data-e-type=\"widget\" data-settings=\"{&quot;_animation&quot;:&quot;fadeInLeft&quot;}\" data-widget_type=\"divider.default\">\n\t\t\t\t<div class=\"elementor-widget-container\">\n\t\t\t\t\t\t\t<div class=\"elementor-divider\">\n\t\t\t<span class=\"elementor-divider-separator\">\n\t\t\t\t\t\t<\/span>\n\t\t<\/div>\n\t\t\t\t\t\t<\/div>\n\t\t\t\t<\/div>\n\t\t\t\t\t<\/div>\n\t\t<\/div>\n\t\t\t\t\t<\/div>\n\t\t<\/section>\n\t\t\t\t<section class=\"elementor-section elementor-top-section elementor-element elementor-element-dbcb11d elementor-section-content-middle elementor-section-boxed elementor-section-height-default elementor-section-height-default elementor-invisible\" data-id=\"dbcb11d\" data-element_type=\"section\" data-e-type=\"section\" data-settings=\"{&quot;animation&quot;:&quot;fadeIn&quot;}\">\n\t\t\t\t\t\t<div class=\"elementor-container elementor-column-gap-no\">\n\t\t\t\t\t<div class=\"elementor-column elementor-col-100 elementor-top-column elementor-element elementor-element-231e748f\" data-id=\"231e748f\" data-element_type=\"column\" data-e-type=\"column\">\n\t\t\t<div class=\"elementor-widget-wrap elementor-element-populated\">\n\t\t\t\t\t\t<div class=\"elementor-element elementor-element-227210d3 elementor-widget elementor-widget-image\" data-id=\"227210d3\" data-element_type=\"widget\" data-e-type=\"widget\" data-widget_type=\"image.default\">\n\t\t\t\t<div class=\"elementor-widget-container\">\n\t\t\t\t\t\t\t\t\t\t\t\t\t\t\t<img fetchpriority=\"high\" decoding=\"async\" width=\"1270\" height=\"711\" src=\"https:\/\/quom-radiator.com\/wp-content\/uploads\/2022\/09\/quom-radiator-quality.png\" class=\"attachment-full size-full wp-image-1249\" alt=\"\" srcset=\"https:\/\/quom-radiator.com\/wp-content\/uploads\/2022\/09\/quom-radiator-quality.png 1270w, https:\/\/quom-radiator.com\/wp-content\/uploads\/2022\/09\/quom-radiator-quality-300x168.png 300w, https:\/\/quom-radiator.com\/wp-content\/uploads\/2022\/09\/quom-radiator-quality-1024x573.png 1024w, https:\/\/quom-radiator.com\/wp-content\/uploads\/2022\/09\/quom-radiator-quality-768x430.png 768w\" sizes=\"(max-width: 1270px) 100vw, 1270px\" \/>\t\t\t\t\t\t\t\t\t\t\t\t\t\t\t<\/div>\n\t\t\t\t<\/div>\n\t\t\t\t<div class=\"elementor-element elementor-element-4a4854e3 elementor-widget elementor-widget-text-editor\" data-id=\"4a4854e3\" data-element_type=\"widget\" data-e-type=\"widget\" data-widget_type=\"text-editor.default\">\n\t\t\t\t<div class=\"elementor-widget-container\">\n\t\t\t\t\t\t\t\t\t<p>ALLERH\u00d6CHSTE QUALIT\u00c4T WIRD GARANTIERT DURCH DIE ITALIANIT\u00c4T DES PRODUKTES, DAS VOM ROHSTOFF \u00dcBER DIE EINZELNEN KOMPONENTEN BIS HIN ZUR VERARBEITUNG ZU EINEM ERW\u00c4RMENDEN HEIZK\u00d6RPER VON ALLERH\u00d6CHSTER QUALIT\u00c4T WIRD.<\/p>\n\t\t\t\t\t\t\t\t<\/div>\n\t\t\t\t<\/div>\n\t\t\t\t<section class=\"elementor-section elementor-inner-section elementor-element elementor-element-260eab4c elementor-section-boxed elementor-section-height-default elementor-section-height-default\" data-id=\"260eab4c\" data-element_type=\"section\" data-e-type=\"section\">\n\t\t\t\t\t\t<div class=\"elementor-container elementor-column-gap-default\">\n\t\t\t\t\t<div class=\"elementor-column elementor-col-50 elementor-inner-column elementor-element elementor-element-4633aa42\" data-id=\"4633aa42\" data-element_type=\"column\" data-e-type=\"column\">\n\t\t\t<div class=\"elementor-widget-wrap elementor-element-populated\">\n\t\t\t\t\t\t<div class=\"elementor-element elementor-element-2030ecd6 elementor-widget elementor-widget-text-editor\" data-id=\"2030ecd6\" data-element_type=\"widget\" data-e-type=\"widget\" data-widget_type=\"text-editor.default\">\n\t\t\t\t<div class=\"elementor-widget-container\">\n\t\t\t\t\t\t\t\t\t<p>Allerh\u00f6chste Qualit\u00e4t wird garantiert. Gepr\u00fcfte Produkte, \u00fcberwachte Prozesse, ausgesuchte und selbstgefertigte Komponenten und Werkstoffe.<\/p>\n<p>Die besondere Gestalt der Quom-Rohre f\u00fchrt dazu, dass die durch sie zirkulierende Wassermenge im Vergleich zum herk\u00f6mmlichen runden Rohr wesentlich geringer ist. Die Erw\u00e4rmung erfolgt somit viel schneller, komfortabler und garantiert gleichzeitig eine Energieersparnis. Die Quom-Heizungen bringen eine hohe W\u00e4rmeausstrahlung und k\u00f6nnen auch f\u00fcr die Erw\u00e4rmung bei niedrigen Temperaturen mit folgenden vorteilhaft genutzt werden.<\/p>\n<p>Versionen mit einer H\u00f6he von 1,80\/2,00 Metern, 2 oder 3 S\u00e4ulig bieten eine elegante und raffinierte Einrichtungsl\u00f6sung.<\/p>\n\t\t\t\t\t\t\t\t<\/div>\n\t\t\t\t<\/div>\n\t\t\t\t\t<\/div>\n\t\t<\/div>\n\t\t\t\t<div class=\"elementor-column elementor-col-50 elementor-inner-column elementor-element elementor-element-1504765e\" data-id=\"1504765e\" data-element_type=\"column\" data-e-type=\"column\">\n\t\t\t<div class=\"elementor-widget-wrap elementor-element-populated\">\n\t\t\t\t\t\t<div class=\"elementor-element elementor-element-7bc200a6 elementor-widget elementor-widget-text-editor\" data-id=\"7bc200a6\" data-element_type=\"widget\" data-e-type=\"widget\" data-widget_type=\"text-editor.default\">\n\t\t\t\t<div class=\"elementor-widget-container\">\n\t\t\t\t\t\t\t\t\t<p>Die Modelle mit 4 und 5 S\u00e4ulen sind f\u00fcr Nischen gedacht, unter dem Fenster und in Bereichen mit eingeschr\u00e4nkter H\u00f6he, um funktionelle L\u00f6sungen mit gro\u00dfer thermischer Leistung zu erreichen.<\/p>\n<p>DIE LANGLEBIGKEIT DER INVERS GEFORMTEN ROHRE<br \/>\nDer zur Herstellung der QUOM-R\u00f6hren verwendete Stahl ist von h\u00f6chster Qualit\u00e4t damit die f\u00fcr den Erhalt der exklusiven Form der R\u00f6hren erforderliche Kompression und \u00dcberdehnung m\u00f6glich werden. Die QUOM-R\u00f6hre ist widerstandsf\u00e4higer gegen die mechanischen Beanspruchungen.<\/p>\n\t\t\t\t\t\t\t\t<\/div>\n\t\t\t\t<\/div>\n\t\t\t\t\t<\/div>\n\t\t<\/div>\n\t\t\t\t\t<\/div>\n\t\t<\/section>\n\t\t\t\t\t<\/div>\n\t\t<\/div>\n\t\t\t\t\t<\/div>\n\t\t<\/section>\n\t\t\t\t<section class=\"elementor-section elementor-top-section elementor-element elementor-element-ce49f81 elementor-section-full_width elementor-section-height-default elementor-section-height-default\" data-id=\"ce49f81\" data-element_type=\"section\" data-e-type=\"section\">\n\t\t\t\t\t\t<div class=\"elementor-container elementor-column-gap-default\">\n\t\t\t\t\t<div class=\"elementor-column elementor-col-100 elementor-top-column elementor-element elementor-element-85e219d\" data-id=\"85e219d\" data-element_type=\"column\" data-e-type=\"column\">\n\t\t\t<div class=\"elementor-widget-wrap elementor-element-populated\">\n\t\t\t\t\t\t<div class=\"elementor-element elementor-element-4f039a0 elementor-widget-divider--view-line_text elementor-widget-divider--element-align-left elementor-widget elementor-widget-divider\" data-id=\"4f039a0\" data-element_type=\"widget\" data-e-type=\"widget\" data-settings=\"{&quot;motion_fx_motion_fx_scrolling&quot;:&quot;yes&quot;,&quot;motion_fx_translateX_effect&quot;:&quot;yes&quot;,&quot;motion_fx_translateX_speed&quot;:{&quot;unit&quot;:&quot;px&quot;,&quot;size&quot;:&quot;1&quot;,&quot;sizes&quot;:[]},&quot;motion_fx_translateX_affectedRange&quot;:{&quot;unit&quot;:&quot;%&quot;,&quot;size&quot;:&quot;&quot;,&quot;sizes&quot;:{&quot;start&quot;:&quot;0&quot;,&quot;end&quot;:&quot;50&quot;}},&quot;motion_fx_devices&quot;:[&quot;desktop&quot;,&quot;tablet&quot;]}\" data-widget_type=\"divider.default\">\n\t\t\t\t<div class=\"elementor-widget-container\">\n\t\t\t\t\t\t\t<div class=\"elementor-divider\">\n\t\t\t<span class=\"elementor-divider-separator\">\n\t\t\t\t\t\t\t<span class=\"elementor-divider__text elementor-divider__element\">\n\t\t\t\tHeizkosten<b> senken<\/b>\t\t\t\t<\/span>\n\t\t\t\t\t\t<\/span>\n\t\t<\/div>\n\t\t\t\t\t\t<\/div>\n\t\t\t\t<\/div>\n\t\t\t\t\t<\/div>\n\t\t<\/div>\n\t\t\t\t\t<\/div>\n\t\t<\/section>\n\t\t\t\t<section class=\"elementor-section elementor-top-section elementor-element elementor-element-6463524 elementor-reverse-mobile elementor-section-boxed elementor-section-height-default elementor-section-height-default\" data-id=\"6463524\" data-element_type=\"section\" data-e-type=\"section\">\n\t\t\t\t\t\t<div class=\"elementor-container elementor-column-gap-default\">\n\t\t\t\t\t<div class=\"elementor-column elementor-col-50 elementor-top-column elementor-element elementor-element-3d3ef3c\" data-id=\"3d3ef3c\" data-element_type=\"column\" data-e-type=\"column\">\n\t\t\t<div class=\"elementor-widget-wrap elementor-element-populated\">\n\t\t\t\t\t\t<div class=\"elementor-element elementor-element-7140a65 elementor-invisible elementor-widget elementor-widget-image\" data-id=\"7140a65\" data-element_type=\"widget\" data-e-type=\"widget\" data-settings=\"{&quot;_animation&quot;:&quot;fadeIn&quot;}\" data-widget_type=\"image.default\">\n\t\t\t\t<div class=\"elementor-widget-container\">\n\t\t\t\t\t\t\t\t\t\t\t\t\t\t\t<img decoding=\"async\" width=\"1920\" height=\"2560\" src=\"https:\/\/quom-radiator.com\/wp-content\/uploads\/2022\/09\/save-energy.jpeg\" class=\"attachment-full size-full wp-image-1265\" alt=\"\" srcset=\"https:\/\/quom-radiator.com\/wp-content\/uploads\/2022\/09\/save-energy.jpeg 1920w, https:\/\/quom-radiator.com\/wp-content\/uploads\/2022\/09\/save-energy-225x300.jpeg 225w, https:\/\/quom-radiator.com\/wp-content\/uploads\/2022\/09\/save-energy-768x1024.jpeg 768w, https:\/\/quom-radiator.com\/wp-content\/uploads\/2022\/09\/save-energy-1152x1536.jpeg 1152w, https:\/\/quom-radiator.com\/wp-content\/uploads\/2022\/09\/save-energy-1536x2048.jpeg 1536w\" sizes=\"(max-width: 1920px) 100vw, 1920px\" \/>\t\t\t\t\t\t\t\t\t\t\t\t\t\t\t<\/div>\n\t\t\t\t<\/div>\n\t\t\t\t\t<\/div>\n\t\t<\/div>\n\t\t\t\t<div class=\"elementor-column elementor-col-50 elementor-top-column elementor-element elementor-element-ffa6af6\" data-id=\"ffa6af6\" data-element_type=\"column\" data-e-type=\"column\">\n\t\t\t<div class=\"elementor-widget-wrap elementor-element-populated\">\n\t\t\t\t\t\t<div class=\"elementor-element elementor-element-cc1ed39 elementor-invisible elementor-widget elementor-widget-heading\" data-id=\"cc1ed39\" data-element_type=\"widget\" data-e-type=\"widget\" data-settings=\"{&quot;_animation&quot;:&quot;fadeInUp&quot;}\" data-widget_type=\"heading.default\">\n\t\t\t\t<div class=\"elementor-widget-container\">\n\t\t\t\t\t<h2 class=\"elementor-heading-title elementor-size-default\">DIE HEIZK\u00d6RPER MIT DER H\u00d6CHSTEN LEISTUNG<\/h2>\t\t\t\t<\/div>\n\t\t\t\t<\/div>\n\t\t\t\t<div class=\"elementor-element elementor-element-5201ee7 elementor-invisible elementor-widget elementor-widget-text-editor\" data-id=\"5201ee7\" data-element_type=\"widget\" data-e-type=\"widget\" data-settings=\"{&quot;_animation&quot;:&quot;fadeInUp&quot;}\" data-widget_type=\"text-editor.default\">\n\t\t\t\t<div class=\"elementor-widget-container\">\n\t\t\t\t\t\t\t\t\t<p>Die herk\u00f6mmlichen genormten R\u00f6hrenheizk\u00f6rper aus Stahl bestehen aus R\u00f6hren mit einem \u00d8 von 25 mm, so als w\u00e4re das die technologische Grenze aller Hersteller. Die Quom-R\u00f6hren hingegen \u00fcbersteigen diese Grenze und beginnen bei einem \u00d8 von 30 mm, denen durch die anschlie\u00dfende Bearbeitung die Seitenteile eingedr\u00fcckt werden.<\/p>\n\t\t\t\t\t\t\t\t<\/div>\n\t\t\t\t<\/div>\n\t\t\t\t<div class=\"elementor-element elementor-element-ad4e573 elementor-invisible elementor-widget elementor-widget-text-editor\" data-id=\"ad4e573\" data-element_type=\"widget\" data-e-type=\"widget\" data-settings=\"{&quot;_animation&quot;:&quot;fadeInUp&quot;}\" data-widget_type=\"text-editor.default\">\n\t\t\t\t<div class=\"elementor-widget-container\">\n\t\t\t\t\t\t\t\t\t<ul>\n<li>GERINGERER WASSERGEHALT<br \/>\nDie besondere Struktur der Quom-R\u00f6hre mit einem \u00d8 von 30mm bringt es mit sich, dass der Wassergehalt sogar noch geringer ist als in einer herk\u00f6mmlichen R\u00f6hre mit einem \u00d8 von 25 mm.<\/li>\n<li>GERINGERER PLATZBEDARF<br \/>\nDie Breite der R\u00f6hren wird auf 22 mm reduziert, Der Abstand zwischen den Elementen bleibt bei seinem herk\u00f6mmlichen Wert von 45 mm. Auf Anfrage werden auch Elemente mit einem Abstand von 40 mm gebaut, um so eine noch gr\u00f6\u00dfere Ersparnis beim Platzbedarf zu bieten.<\/li>\n<li>HEIZENDE OBERFL\u00c4CHEN +20%<br \/>\nDie Quom-R\u00f6hre hat im Vergleich zu allen herk\u00f6mmlichen R\u00f6hren eine 20% gr\u00f6\u00dfere heizende Oberfl\u00e4che.<\/li>\n<li>GR\u00d6\u00dfERE W\u00c4RMELEISTUNG<br \/>\nEine gr\u00f6\u00dfere heizende Oberfl\u00e4che bedeutet eine h\u00f6here Leistung. Technische Proben haben ergeben, dass QUOM im Vergleich zu den herk\u00f6mmlichen Heizungen mit gleichen Abmessungen bis zu 15 % h\u00f6here W\u00e4rmeleistung hat.<\/li>\n<li>BESCHLEUNIGUNG DES W\u00c4RME\u00dcBERGANGS<br \/>\nDie charakteristische Gestalt der R\u00f6hre beg\u00fcnstigt die aufsteigende Bewegung der warmen Luft zwischen den Elementen und f\u00fchrt so zu hoher Leistung.<\/li>\n<li>ENERGIEEINSPARUNG<br \/>\nEin geringerer Wassergehalt, eine h\u00f6here Geschwindigkeit beim W\u00e4rmeaustausch, geringere Zeiten f\u00fcr das Erreichen des Betriebszustandes der Anlage und eine gr\u00f6\u00dfere Heizfl\u00e4che wandeln sich in h\u00f6here Leistung um, die zu einer daraus resultierenden Energieeinsparung f\u00fchren.<\/li>\n<\/ul>\n\t\t\t\t\t\t\t\t<\/div>\n\t\t\t\t<\/div>\n\t\t\t\t\t<\/div>\n\t\t<\/div>\n\t\t\t\t\t<\/div>\n\t\t<\/section>\n\t\t\t\t<section class=\"elementor-section elementor-top-section elementor-element elementor-element-66720c7 elementor-reverse-mobile elementor-section-boxed elementor-section-height-default elementor-section-height-default\" data-id=\"66720c7\" data-element_type=\"section\" data-e-type=\"section\">\n\t\t\t\t\t\t<div class=\"elementor-container elementor-column-gap-default\">\n\t\t\t\t\t<div class=\"elementor-column elementor-col-50 elementor-top-column elementor-element elementor-element-881cdc7\" data-id=\"881cdc7\" data-element_type=\"column\" data-e-type=\"column\">\n\t\t\t<div class=\"elementor-widget-wrap elementor-element-populated\">\n\t\t\t\t\t\t<div class=\"elementor-element elementor-element-ea95d80 elementor-invisible elementor-widget elementor-widget-image\" data-id=\"ea95d80\" data-element_type=\"widget\" data-e-type=\"widget\" data-settings=\"{&quot;_animation&quot;:&quot;fadeInUp&quot;}\" data-widget_type=\"image.default\">\n\t\t\t\t<div class=\"elementor-widget-container\">\n\t\t\t\t\t\t\t\t\t\t\t\t\t\t\t<img decoding=\"async\" width=\"904\" height=\"506\" src=\"https:\/\/quom-radiator.com\/wp-content\/uploads\/2022\/09\/radiator-design.jpeg\" class=\"attachment-full size-full wp-image-1257\" alt=\"\" srcset=\"https:\/\/quom-radiator.com\/wp-content\/uploads\/2022\/09\/radiator-design.jpeg 904w, https:\/\/quom-radiator.com\/wp-content\/uploads\/2022\/09\/radiator-design-300x168.jpeg 300w, https:\/\/quom-radiator.com\/wp-content\/uploads\/2022\/09\/radiator-design-768x430.jpeg 768w\" sizes=\"(max-width: 904px) 100vw, 904px\" \/>\t\t\t\t\t\t\t\t\t\t\t\t\t\t\t<\/div>\n\t\t\t\t<\/div>\n\t\t\t\t\t<\/div>\n\t\t<\/div>\n\t\t\t\t<div class=\"elementor-column elementor-col-50 elementor-top-column elementor-element elementor-element-9d75adf\" data-id=\"9d75adf\" data-element_type=\"column\" data-e-type=\"column\">\n\t\t\t<div class=\"elementor-widget-wrap elementor-element-populated\">\n\t\t\t\t\t\t<div class=\"elementor-element elementor-element-6528942 elementor-invisible elementor-widget elementor-widget-heading\" data-id=\"6528942\" data-element_type=\"widget\" data-e-type=\"widget\" data-settings=\"{&quot;_animation&quot;:&quot;fadeInUp&quot;}\" data-widget_type=\"heading.default\">\n\t\t\t\t<div class=\"elementor-widget-container\">\n\t\t\t\t\t<h2 class=\"elementor-heading-title elementor-size-default\">EINE NEUE MODERNE F\u00dcR HEIZK\u00d6RPER UND EINE GROSSE FLEXIBILIT\u00c4T BEI DER VERWENDUNG<\/h2>\t\t\t\t<\/div>\n\t\t\t\t<\/div>\n\t\t\t\t<div class=\"elementor-element elementor-element-872c2ef elementor-invisible elementor-widget elementor-widget-text-editor\" data-id=\"872c2ef\" data-element_type=\"widget\" data-e-type=\"widget\" data-settings=\"{&quot;_animation&quot;:&quot;fadeInUp&quot;}\" data-widget_type=\"text-editor.default\">\n\t\t\t\t<div class=\"elementor-widget-container\">\n\t\t\t\t\t\t\t\t\t<p>Die Formen unserer Rohre verleihen dem Quom-Heizk\u00f6rper eine extrem leichte Linie. Der Heizk\u00f6rper kann somit bei hochwertigen kreativen, modernen und eleganten Einrichtungen verwendet werden.<\/p>\n\t\t\t\t\t\t\t\t<\/div>\n\t\t\t\t<\/div>\n\t\t\t\t<div class=\"elementor-element elementor-element-61f5c10 elementor-invisible elementor-widget elementor-widget-text-editor\" data-id=\"61f5c10\" data-element_type=\"widget\" data-e-type=\"widget\" data-settings=\"{&quot;_animation&quot;:&quot;fadeInUp&quot;}\" data-widget_type=\"text-editor.default\">\n\t\t\t\t<div class=\"elementor-widget-container\">\n\t\t\t\t\t\t\t\t\t<ul>\n<li>R\u00f6hrenvorderseiten ab 22 mm (im Vergleich zu herk\u00f6mmlichen R\u00f6hren ab 25 mm)<\/li>\n<li>Verbindungen zwischen den Elementen ab 28 mm (im Vergleich zu 55 mm bei herk\u00f6mmlichen R\u00f6hren)<\/li>\n<li>Serienanschl\u00fcsse \u00d8 \u00bd\u201c (auf Anfrage \u00d83\/4\u201c)<\/li>\n<\/ul>\n\t\t\t\t\t\t\t\t<\/div>\n\t\t\t\t<\/div>\n\t\t\t\t<div class=\"elementor-element elementor-element-f02e662 elementor-invisible elementor-widget elementor-widget-text-editor\" data-id=\"f02e662\" data-element_type=\"widget\" data-e-type=\"widget\" data-settings=\"{&quot;_animation&quot;:&quot;fadeInUp&quot;}\" data-widget_type=\"text-editor.default\">\n\t\t\t\t<div class=\"elementor-widget-container\">\n\t\t\t\t\t\t\t\t\t<div id=\"Content\">\n<div class=\"content_wrapper clearfix\">\n<div class=\"sections_group\">\n<div class=\"entry-content\">\n<div class=\"section mcb-section \">\n<div class=\"section_wrapper mcb-section-inner\">\n<div class=\"wrap mcb-wrap one  valign-top clearfix\">\n<div class=\"mcb-wrap-inner\">\n<div class=\"column mcb-column one column_content\">\n<div class=\"the_content\">\n<div class=\"the_content_wrapper\">\n<p>Die verwendete Wassermenge f\u00fchrt dazu, dass Kupplungen mit einem \u00d8 von \u00bd\u201c f\u00fcr Ventile und Heizungen ausreichend sind.<\/p>\n<\/div>\n<\/div>\n<\/div>\n<\/div>\n<\/div>\n<\/div>\n<\/div>\n<\/div>\n<\/div>\n<\/div>\n<\/div>\n\t\t\t\t\t\t\t\t<\/div>\n\t\t\t\t<\/div>\n\t\t\t\t\t<\/div>\n\t\t<\/div>\n\t\t\t\t\t<\/div>\n\t\t<\/section>\n\t\t\t\t<\/div>\n\t\t","protected":false},"excerpt":{"rendered":"<p>Wir garantieren h\u00f6chsteis Qualit\u00e4t. ALLERH\u00d6CHSTE QUALIT\u00c4T WIRD GARANTIERT DURCH DIE ITALIANIT\u00c4T DES PRODUKTES, DAS VOM ROHSTOFF \u00dcBER DIE EINZELNEN KOMPONENTEN BIS HIN ZUR VERARBEITUNG ZU EINEM ERW\u00c4RMENDEN HEIZK\u00d6RPER VON ALLERH\u00d6CHSTER QUALIT\u00c4T WIRD. Allerh\u00f6chste Qualit\u00e4t wird garantiert. Gepr\u00fcfte Produkte, \u00fcberwachte Prozesse, ausgesuchte und selbstgefertigte Komponenten und Werkstoffe. Die besondere Gestalt der Quom-Rohre f\u00fchrt dazu, dass die [&hellip;]<\/p>\n","protected":false},"author":2,"featured_media":0,"parent":0,"menu_order":0,"comment_status":"closed","ping_status":"closed","template":"","meta":{"_seopress_robots_primary_cat":"","_seopress_titles_title":"","_seopress_titles_desc":"","_seopress_robots_index":"","footnotes":""},"class_list":["post-1508","page","type-page","status-publish","hentry"],"_links":{"self":[{"href":"https:\/\/quom-radiator.com\/de\/wp-json\/wp\/v2\/pages\/1508","targetHints":{"allow":["GET"]}}],"collection":[{"href":"https:\/\/quom-radiator.com\/de\/wp-json\/wp\/v2\/pages"}],"about":[{"href":"https:\/\/quom-radiator.com\/de\/wp-json\/wp\/v2\/types\/page"}],"author":[{"embeddable":true,"href":"https:\/\/quom-radiator.com\/de\/wp-json\/wp\/v2\/users\/2"}],"replies":[{"embeddable":true,"href":"https:\/\/quom-radiator.com\/de\/wp-json\/wp\/v2\/comments?post=1508"}],"version-history":[{"count":1,"href":"https:\/\/quom-radiator.com\/de\/wp-json\/wp\/v2\/pages\/1508\/revisions"}],"predecessor-version":[{"id":1509,"href":"https:\/\/quom-radiator.com\/de\/wp-json\/wp\/v2\/pages\/1508\/revisions\/1509"}],"wp:attachment":[{"href":"https:\/\/quom-radiator.com\/de\/wp-json\/wp\/v2\/media?parent=1508"}],"curies":[{"name":"wp","href":"https:\/\/api.w.org\/{rel}","templated":true}]}}