{"id":1526,"date":"2022-09-09T12:10:40","date_gmt":"2022-09-09T10:10:40","guid":{"rendered":"https:\/\/quom-radiator.comagb\/"},"modified":"2022-09-23T17:21:47","modified_gmt":"2022-09-23T15:21:47","slug":"agb","status":"publish","type":"page","link":"https:\/\/quom-radiator.com\/de\/agb\/","title":{"rendered":"AGB"},"content":{"rendered":"\t\t<div data-elementor-type=\"wp-page\" data-elementor-id=\"1526\" class=\"elementor elementor-1526 elementor-625\" data-elementor-post-type=\"page\">\n\t\t\t\t\t\t<section class=\"elementor-section elementor-top-section elementor-element elementor-element-ff024d2 elementor-section-boxed elementor-section-height-default elementor-section-height-default\" data-id=\"ff024d2\" data-element_type=\"section\" data-e-type=\"section\">\n\t\t\t\t\t\t<div class=\"elementor-container elementor-column-gap-default\">\n\t\t\t\t\t<div class=\"elementor-column elementor-col-100 elementor-top-column elementor-element elementor-element-11a8d36\" data-id=\"11a8d36\" data-element_type=\"column\" data-e-type=\"column\">\n\t\t\t<div class=\"elementor-widget-wrap elementor-element-populated\">\n\t\t\t\t\t\t<div class=\"elementor-element elementor-element-89c6cec elementor-invisible elementor-widget elementor-widget-heading\" data-id=\"89c6cec\" data-element_type=\"widget\" data-e-type=\"widget\" data-settings=\"{&quot;_animation&quot;:&quot;fadeInUp&quot;}\" data-widget_type=\"heading.default\">\n\t\t\t\t<div class=\"elementor-widget-container\">\n\t\t\t\t\t<h2 class=\"elementor-heading-title elementor-size-default\">AGBs<\/h2>\t\t\t\t<\/div>\n\t\t\t\t<\/div>\n\t\t\t\t<div class=\"elementor-element elementor-element-f1c0070 elementor-invisible elementor-widget elementor-widget-text-editor\" data-id=\"f1c0070\" data-element_type=\"widget\" data-e-type=\"widget\" data-settings=\"{&quot;_animation&quot;:&quot;fadeInUp&quot;}\" data-widget_type=\"text-editor.default\">\n\t\t\t\t<div class=\"elementor-widget-container\">\n\t\t\t\t\t\t\t\t\t<p>UNSERE ALLGEMEINEN GESCH\u00c4FTS- UND VERKAUFSBEDINGUNGEN<\/p>\n\t\t\t\t\t\t\t\t<\/div>\n\t\t\t\t<\/div>\n\t\t\t\t\t<\/div>\n\t\t<\/div>\n\t\t\t\t\t<\/div>\n\t\t<\/section>\n\t\t\t\t<section class=\"elementor-section elementor-top-section elementor-element elementor-element-e7a5560 elementor-section-boxed elementor-section-height-default elementor-section-height-default\" data-id=\"e7a5560\" data-element_type=\"section\" data-e-type=\"section\">\n\t\t\t\t\t\t<div class=\"elementor-container elementor-column-gap-default\">\n\t\t\t\t\t<div class=\"elementor-column elementor-col-100 elementor-top-column elementor-element elementor-element-7f84b2b\" data-id=\"7f84b2b\" data-element_type=\"column\" data-e-type=\"column\">\n\t\t\t<div class=\"elementor-widget-wrap elementor-element-populated\">\n\t\t\t\t\t\t<div class=\"elementor-element elementor-element-962e0f4 elementor-widget elementor-widget-text-editor\" data-id=\"962e0f4\" data-element_type=\"widget\" data-e-type=\"widget\" data-widget_type=\"text-editor.default\">\n\t\t\t\t<div class=\"elementor-widget-container\">\n\t\t\t\t\t\t\t\t\t<p><strong>ALLGEMEINE VERKAUFSBEDINGUNGEN<\/strong><\/p>\n<p>Der Verkauf der QUOM-Produkte ab Fabrik wird durch die hier aufgef\u00fchrten allgemeinen Bedingungen geregelt. Eventuelle Ver\u00e4nderungen gelten nur dann, wenn sie von uns schriftlich best\u00e4tigt worden sind. Die Bestellbest\u00e4tigung wird bei ihrem Empfang kontrolliert; wenn innerhalb von 2 Kalendertagen keine weiteren Mitteilungen folgen, sind diese f\u00fcr den Beginn der Arbeiten bindend. Quom beh\u00e4lt sich das Recht vor, Ver\u00e4nderungen an den Ma\u00dfen vorzunehmen und gestaffelte Lieferungen je nach am Lager verf\u00fcgbarem Material f\u00fcr die Produktion vorzunehmen. Die technischen Daten der QUOM Heizk\u00f6rper, die eine gew\u00f6hnliche Toleranz mit sich bringen, sind nur als Hinweis zu verstehen und unterliegen Ver\u00e4nderungen.<\/p>\n<p><strong>\u00c4nderungen der Bestellungen<\/strong><br \/>\nVer\u00e4nderungen und Stornierungen der Bestellungen unterliegen unserer schriftlichen Genehmigung. Die bereits verauslagten Kosten werden dem K\u00e4ufer in Rechnung gestellt. Bestellungen mit einer Best\u00e4tigung innerhalb einer bestimmten Frist k\u00f6nnen nur innerhalb der f\u00fcr die Best\u00e4tigung festgelegten Frist ver\u00e4ndert oder storniert werden.<br \/>\nM\u00f6gliche Ver\u00e4nderungen an den herzustellenden Heizk\u00f6rpern, die einer schriftlichen Genehmigung durch die QUOM unterliegen, bewirken einen Zuschlag von 30 \u2013 50% auf die Kosten des Heizk\u00f6rpers; wenn die \u00c4nderungen m\u00f6glich sind, wird der Heizk\u00f6rper regul\u00e4r fertig gestellt und gem\u00e4\u00df der Bestellbest\u00e4tigung in Rechnung gestellt.<\/p>\n<p><strong>Preise<\/strong><br \/>\nDie Preise verstehen sich ab Werk, sie sind nicht bindend und k\u00f6nnen jederzeit ohne Vorank\u00fcndigung ge\u00e4ndert werden.<\/p>\n<p><strong>Liefertermin<\/strong><br \/>\nDer in der Bestellbest\u00e4tigung angegebene Liefertermin wird m\u00f6glichst eingehalten, ohne jedoch garantiert werden zu k\u00f6nnen.<br \/>\nJeglicher Entsch\u00e4digungsanspruch oder eine Stornierung der Bestellung auf Grund von Lieferverz\u00f6gerungen werden nicht akzeptiert.<br \/>\nAls Liefertag gilt der Tag der Verladung. Sollte die Ware nicht am vereinbarten Tag \u00fcbernommen werden, beh\u00e4lt sich die Quom S.r.l. das Recht vor, dem K\u00e4ufer die Kosten und Risiken der Lagerung in Rechnung zu stellen und das Material wird regul\u00e4r in Rechnung gestellt.<br \/>\nWenn die Lieferfristen nicht eingehalten werden k\u00f6nnen, kann der K\u00e4ufer keine Entsch\u00e4digung fordern.<\/p>\n<p><strong>Lieferung und Verpackung<\/strong><br \/>\nDie Ware wird auf das Risiko und die Gefahr des K\u00e4ufers geliefert. Die Quom S.r.l. beh\u00e4lt sich die Auswahl der Verpackung vor, Sonderverpackungen werden gesondert in Rechnung gestellt.<br \/>\nDie Lieferung der Ware erfolgt mit der \u00dcbergabe der Ware an den Kurier.<br \/>\nDie Entladung f\u00e4llt in den Zust\u00e4ndigkeitsbereich des K\u00e4ufers. Die Quom S.r.l. lehnt jegliche Haftung f\u00fcr w\u00e4hrend der Lieferung entstandene Sch\u00e4den ab.<\/p>\n<p><strong>Beschwerden und R\u00fcckgaben<\/strong><br \/>\nBeschwerden f\u00fcr durch den Transport entstandene Sch\u00e4den oder fehlende Waren m\u00fcssen sofort bei Erhalt der Ware mit vorbehaltlicher Unterzeichnung des Lieferscheins erhoben werden und die Quom S.r.l. ist innerhalb von zwei Tagen schriftlich dar\u00fcber zu informieren.<br \/>\nBeschwerden bez\u00fcglich von Herstellungsfehlern m\u00fcssen rechtzeitig bei Entdeckung des Schadens angezeigt werden. Ohne unsere schriftliche Zustimmung wird keine R\u00fcckgabe akzeptiert.<\/p>\n<p><strong>Garantie<\/strong><br \/>\nF\u00fcr die Heizk\u00f6rper und de Zubeh\u00f6rteile der Quom geben wir eine Garantie f\u00fcr zwei Jahre ab Lieferdatum, unter der Voraussetzung, dass sie in geeigneter Weise verwendet wurden und die Montage fachgerecht erfolgte.<br \/>\nTeile, die in der Garantiezeit auf Grund von Material- oder Herstellungsfehlern M\u00e4ngel aufweisen, werden auf Ihre schriftliche Anfrage hin ab Ihrer Nutzung kostenlos repariert,<br \/>\nDefekte Materialen, die uns zur\u00fcckgegeben werden, m\u00fcssen nach unserer vorherigen schriftlichen Genehmigung verpackt und \u00fcber unseren Spediteur an unseren Firmensitz \u00fcbersandt werden.<br \/>\nAusgeschlossen von der Garantie sind nicht bezahlte Teile und diejenigen die Sch\u00e4den aufweisen, die durch folgende Dinge verursacht wurden:<\/p>\n<ul>\n<li>Ungeeignete Lagerung der Heizk\u00f6rper (ohne Plastikverpackung und\/ oder an feuchten Orten)<\/li>\n<li>Unangebrachte Montage und Verwendung<\/li>\n<li>Nicht korrekt durchgef\u00fchrte Wartung: die Reinigung mit aggressiven Reinigungsmitteln kann die Oberfl\u00e4chen zerst\u00f6ren, die mit einem feuchten Lappen gereinigt werden und durch die Behandlung mit Autowachs leuchtend gehalten werden<\/li>\n<li>Von nicht entsprechend ausgebildetem Personal vorgenommene Installation<\/li>\n<li>Ohne die schriftliche Genehmigung der Quom S.r.l. vorgenommene Reparaturen<\/li>\n<li>Zugabe von chemischen aggressiven Substanzen zum Wasser der Heizungsanlage<\/li>\n<li>Regelm\u00e4\u00dfige Leerung der Anlage<\/li>\n<li>Verbindung an Anlagen mit offenem Ausdehnungsgef\u00e4\u00df oder an Anlagen zur Wasseraufbereitung oder bei \u00dcberlastung,<\/li>\n<li>H\u00f6herer Betriebsdruck als in den Technischen Daten angegeben<\/li>\n<li>Anschluss an eine Wasser- und Sanit\u00e4ranlage<\/li>\n<li>Verwendung von Hanf an den Verbindungsst\u00fccken, die mit einer O-Ring-Dichtung versehen sind.<\/li>\n<\/ul>\n<p><strong>Zahlungsbedingungen<\/strong><br \/>\nWenn nichts anderes vereinbart wurde, sind die Rechnungen innerhalb von 30 Tagen netto und ohne Skonto zu zahlen.<br \/>\nBei Zahlungsverz\u00f6gerungen werden zuz\u00fcglich zu den Kosten 3 Prozentpunkte zus\u00e4tzlich hinsichtlich der Ersten Rate ABI als Entsch\u00e4digung f\u00e4llig.<br \/>\nDie \u00fcbergebene Ware bleibt bis zur erfolgten Zahlung Eigentum der QUOM; andernfalls beh\u00e4lt sich die Quom S.r.l. das Recht vor, die nicht bezahlte Ware wieder abzuholen.<\/p>\n<p>Zust\u00e4ndiger Gerichtsstand ist Bergamo.<\/p>\n<p>QUOM<br \/>\nNew column radiators<\/p>\n<p><strong>QUOM srl\/ VERKAUFSSITZ RECHTSSITZ<\/strong><br \/>\nQuom srl\/ Zona Industriale San Vito, 09040 SAN VITO (CA)<br \/>\nTel.: 035.806.084\/ Fax 035.482.4173 Tel.: 070.9931.148\/ Fax 070.9931.640<br \/>\nwww.quom.it\/ quom@quom.it E-Mail Quom@pressteckspa.com<\/p>\n\t\t\t\t\t\t\t\t<\/div>\n\t\t\t\t<\/div>\n\t\t\t\t\t<\/div>\n\t\t<\/div>\n\t\t\t\t\t<\/div>\n\t\t<\/section>\n\t\t\t\t<\/div>\n\t\t","protected":false},"excerpt":{"rendered":"<p>AGBs UNSERE ALLGEMEINEN GESCH\u00c4FTS- UND VERKAUFSBEDINGUNGEN ALLGEMEINE VERKAUFSBEDINGUNGEN Der Verkauf der QUOM-Produkte ab Fabrik wird durch die hier aufgef\u00fchrten allgemeinen Bedingungen geregelt. Eventuelle Ver\u00e4nderungen gelten nur dann, wenn sie von uns schriftlich best\u00e4tigt worden sind. Die Bestellbest\u00e4tigung wird bei ihrem Empfang kontrolliert; wenn innerhalb von 2 Kalendertagen keine weiteren Mitteilungen folgen, sind diese f\u00fcr den [&hellip;]<\/p>\n","protected":false},"author":2,"featured_media":0,"parent":0,"menu_order":0,"comment_status":"closed","ping_status":"closed","template":"","meta":{"_seopress_robots_primary_cat":"","_seopress_titles_title":"","_seopress_titles_desc":"","_seopress_robots_index":"","footnotes":""},"class_list":["post-1526","page","type-page","status-publish","hentry"],"_links":{"self":[{"href":"https:\/\/quom-radiator.com\/de\/wp-json\/wp\/v2\/pages\/1526","targetHints":{"allow":["GET"]}}],"collection":[{"href":"https:\/\/quom-radiator.com\/de\/wp-json\/wp\/v2\/pages"}],"about":[{"href":"https:\/\/quom-radiator.com\/de\/wp-json\/wp\/v2\/types\/page"}],"author":[{"embeddable":true,"href":"https:\/\/quom-radiator.com\/de\/wp-json\/wp\/v2\/users\/2"}],"replies":[{"embeddable":true,"href":"https:\/\/quom-radiator.com\/de\/wp-json\/wp\/v2\/comments?post=1526"}],"version-history":[{"count":1,"href":"https:\/\/quom-radiator.com\/de\/wp-json\/wp\/v2\/pages\/1526\/revisions"}],"predecessor-version":[{"id":1527,"href":"https:\/\/quom-radiator.com\/de\/wp-json\/wp\/v2\/pages\/1526\/revisions\/1527"}],"wp:attachment":[{"href":"https:\/\/quom-radiator.com\/de\/wp-json\/wp\/v2\/media?parent=1526"}],"curies":[{"name":"wp","href":"https:\/\/api.w.org\/{rel}","templated":true}]}}