{"id":1683,"date":"2022-09-06T14:41:39","date_gmt":"2022-09-06T12:41:39","guid":{"rendered":"https:\/\/quom-radiator.compor-que-quom\/"},"modified":"2022-09-26T00:50:25","modified_gmt":"2022-09-25T22:50:25","slug":"por-que-quom","status":"publish","type":"page","link":"https:\/\/quom-radiator.com\/es\/por-que-quom\/","title":{"rendered":"\u00bfPor qu\u00e9 QUOM?"},"content":{"rendered":"\t\t<div data-elementor-type=\"wp-page\" data-elementor-id=\"1683\" class=\"elementor elementor-1683 elementor-345\" data-elementor-post-type=\"page\">\n\t\t\t\t\t\t<section class=\"elementor-section elementor-top-section elementor-element elementor-element-9fb35c4 elementor-section-full_width elementor-section-height-default elementor-section-height-default\" data-id=\"9fb35c4\" data-element_type=\"section\" data-e-type=\"section\">\n\t\t\t\t\t\t<div class=\"elementor-container elementor-column-gap-default\">\n\t\t\t\t\t<div class=\"elementor-column elementor-col-100 elementor-top-column elementor-element elementor-element-6126427\" data-id=\"6126427\" data-element_type=\"column\" data-e-type=\"column\">\n\t\t\t<div class=\"elementor-widget-wrap elementor-element-populated\">\n\t\t\t\t\t\t<div class=\"elementor-element elementor-element-5c6cc54 elementor-invisible elementor-widget elementor-widget-heading\" data-id=\"5c6cc54\" data-element_type=\"widget\" data-e-type=\"widget\" data-settings=\"{&quot;_animation&quot;:&quot;fadeIn&quot;}\" data-widget_type=\"heading.default\">\n\t\t\t\t<div class=\"elementor-widget-container\">\n\t\t\t\t\t<h1 class=\"elementor-heading-title elementor-size-default\">La m\u00e1xima calidad<br>est\u00e1 <b>garantizada.<\/b><\/h1>\t\t\t\t<\/div>\n\t\t\t\t<\/div>\n\t\t\t\t\t<\/div>\n\t\t<\/div>\n\t\t\t\t\t<\/div>\n\t\t<\/section>\n\t\t\t\t<section class=\"elementor-section elementor-top-section elementor-element elementor-element-44c1929 elementor-section-boxed elementor-section-height-default elementor-section-height-default\" data-id=\"44c1929\" data-element_type=\"section\" data-e-type=\"section\">\n\t\t\t\t\t\t<div class=\"elementor-container elementor-column-gap-default\">\n\t\t\t\t\t<div class=\"elementor-column elementor-col-100 elementor-top-column elementor-element elementor-element-9dc3b92\" data-id=\"9dc3b92\" data-element_type=\"column\" data-e-type=\"column\">\n\t\t\t<div class=\"elementor-widget-wrap elementor-element-populated\">\n\t\t\t\t\t\t<div class=\"elementor-element elementor-element-a299c0f elementor-widget-divider--view-line elementor-invisible elementor-widget elementor-widget-divider\" data-id=\"a299c0f\" data-element_type=\"widget\" data-e-type=\"widget\" data-settings=\"{&quot;_animation&quot;:&quot;fadeInLeft&quot;}\" data-widget_type=\"divider.default\">\n\t\t\t\t<div class=\"elementor-widget-container\">\n\t\t\t\t\t\t\t<div class=\"elementor-divider\">\n\t\t\t<span class=\"elementor-divider-separator\">\n\t\t\t\t\t\t<\/span>\n\t\t<\/div>\n\t\t\t\t\t\t<\/div>\n\t\t\t\t<\/div>\n\t\t\t\t\t<\/div>\n\t\t<\/div>\n\t\t\t\t\t<\/div>\n\t\t<\/section>\n\t\t\t\t<section class=\"elementor-section elementor-top-section elementor-element elementor-element-dbcb11d elementor-section-content-middle elementor-section-boxed elementor-section-height-default elementor-section-height-default elementor-invisible\" data-id=\"dbcb11d\" data-element_type=\"section\" data-e-type=\"section\" data-settings=\"{&quot;animation&quot;:&quot;fadeIn&quot;}\">\n\t\t\t\t\t\t<div class=\"elementor-container elementor-column-gap-no\">\n\t\t\t\t\t<div class=\"elementor-column elementor-col-100 elementor-top-column elementor-element elementor-element-231e748f\" data-id=\"231e748f\" data-element_type=\"column\" data-e-type=\"column\">\n\t\t\t<div class=\"elementor-widget-wrap elementor-element-populated\">\n\t\t\t\t\t\t<div class=\"elementor-element elementor-element-227210d3 elementor-widget elementor-widget-image\" data-id=\"227210d3\" data-element_type=\"widget\" data-e-type=\"widget\" data-widget_type=\"image.default\">\n\t\t\t\t<div class=\"elementor-widget-container\">\n\t\t\t\t\t\t\t\t\t\t\t\t\t\t\t<img fetchpriority=\"high\" decoding=\"async\" width=\"1270\" height=\"711\" src=\"https:\/\/quom-radiator.com\/wp-content\/uploads\/2022\/09\/quom-radiator-quality.png\" class=\"attachment-full size-full wp-image-1251\" alt=\"\" srcset=\"https:\/\/quom-radiator.com\/wp-content\/uploads\/2022\/09\/quom-radiator-quality.png 1270w, https:\/\/quom-radiator.com\/wp-content\/uploads\/2022\/09\/quom-radiator-quality-300x168.png 300w, https:\/\/quom-radiator.com\/wp-content\/uploads\/2022\/09\/quom-radiator-quality-1024x573.png 1024w, https:\/\/quom-radiator.com\/wp-content\/uploads\/2022\/09\/quom-radiator-quality-768x430.png 768w\" sizes=\"(max-width: 1270px) 100vw, 1270px\" \/>\t\t\t\t\t\t\t\t\t\t\t\t\t\t\t<\/div>\n\t\t\t\t<\/div>\n\t\t\t\t<div class=\"elementor-element elementor-element-4a4854e3 elementor-widget elementor-widget-text-editor\" data-id=\"4a4854e3\" data-element_type=\"widget\" data-e-type=\"widget\" data-widget_type=\"text-editor.default\">\n\t\t\t\t<div class=\"elementor-widget-container\">\n\t\t\t\t\t\t\t\t\t<p>LA M\u00c1XIMA CALIDAD EST\u00c1 GARANTIZADA POR EL CAR\u00c1CTER ITALIANO DEL PRODUCTO, QUE DESDE LA MATERIA PRIMA, PASANDO POR CADA UNO DE LOS COMPONENTES, HASTA LA FABRICACI\u00d3N, LO CONVIERTEN EN UN RADIADOR DE PRIMERA CALIDAD.<\/p>\n\t\t\t\t\t\t\t\t<\/div>\n\t\t\t\t<\/div>\n\t\t\t\t<section class=\"elementor-section elementor-inner-section elementor-element elementor-element-260eab4c elementor-section-boxed elementor-section-height-default elementor-section-height-default\" data-id=\"260eab4c\" data-element_type=\"section\" data-e-type=\"section\">\n\t\t\t\t\t\t<div class=\"elementor-container elementor-column-gap-default\">\n\t\t\t\t\t<div class=\"elementor-column elementor-col-50 elementor-inner-column elementor-element elementor-element-4633aa42\" data-id=\"4633aa42\" data-element_type=\"column\" data-e-type=\"column\">\n\t\t\t<div class=\"elementor-widget-wrap elementor-element-populated\">\n\t\t\t\t\t\t<div class=\"elementor-element elementor-element-2030ecd6 elementor-widget elementor-widget-text-editor\" data-id=\"2030ecd6\" data-element_type=\"widget\" data-e-type=\"widget\" data-widget_type=\"text-editor.default\">\n\t\t\t\t<div class=\"elementor-widget-container\">\n\t\t\t\t\t\t\t\t\t<p>M\u00e1xima calidad garantizada. Productos probados, procesos controlados, componentes y materiales seleccionados y de fabricaci\u00f3n propia.<\/p>\n<p>La forma especial de los tubos Quom significa que la cantidad de agua que circula por ellos es considerablemente menor que la que circula por tubos redondos convencionales. De este modo, la calefacci\u00f3n es mucho m\u00e1s r\u00e1pida, m\u00e1s confortable y, al mismo tiempo, garantiza el ahorro de energ\u00eda. Los radiadores Quom ofrecen una elevada radiaci\u00f3n t\u00e9rmica y adem\u00e1s se pueden utilizar para calentar a bajas temperaturas con las siguientes ventajas.<\/p>\n<p>Versiones con una altura de 1,80\/2,00 metros, de dos o tres columnas ofrecen una soluci\u00f3n decorativa elegante y refinada.<\/p>\n\t\t\t\t\t\t\t\t<\/div>\n\t\t\t\t<\/div>\n\t\t\t\t\t<\/div>\n\t\t<\/div>\n\t\t\t\t<div class=\"elementor-column elementor-col-50 elementor-inner-column elementor-element elementor-element-1504765e\" data-id=\"1504765e\" data-element_type=\"column\" data-e-type=\"column\">\n\t\t\t<div class=\"elementor-widget-wrap elementor-element-populated\">\n\t\t\t\t\t\t<div class=\"elementor-element elementor-element-7bc200a6 elementor-widget elementor-widget-text-editor\" data-id=\"7bc200a6\" data-element_type=\"widget\" data-e-type=\"widget\" data-widget_type=\"text-editor.default\">\n\t\t\t\t<div class=\"elementor-widget-container\">\n\t\t\t\t\t\t\t\t\t<p>Los modelos de cuatro y cinco columnas est\u00e1n dise\u00f1ados para instalarse en nichos, bajo las ventanas y en zonas de altura limitada, ofreciendo as\u00ed soluciones funcionales de alto rendimiento t\u00e9rmico.<\/p>\n<p>LA DURABILIDAD DE LOS TUBOS DE FORMA INVERSA<br \/>\nEl acero utilizado para la fabricaci\u00f3n de los tubos QUOM es de m\u00e1xima calidad, lo que permite la compresi\u00f3n y la dilataci\u00f3n necesarias para mantener la forma exclusiva de los tubos. El tubo QUOM es m\u00e1s resistente a los esfuerzos mec\u00e1nicos.<\/p>\n\t\t\t\t\t\t\t\t<\/div>\n\t\t\t\t<\/div>\n\t\t\t\t\t<\/div>\n\t\t<\/div>\n\t\t\t\t\t<\/div>\n\t\t<\/section>\n\t\t\t\t\t<\/div>\n\t\t<\/div>\n\t\t\t\t\t<\/div>\n\t\t<\/section>\n\t\t\t\t<section class=\"elementor-section elementor-top-section elementor-element elementor-element-ce49f81 elementor-section-full_width elementor-section-height-default elementor-section-height-default\" data-id=\"ce49f81\" data-element_type=\"section\" data-e-type=\"section\">\n\t\t\t\t\t\t<div class=\"elementor-container elementor-column-gap-default\">\n\t\t\t\t\t<div class=\"elementor-column elementor-col-100 elementor-top-column elementor-element elementor-element-85e219d\" data-id=\"85e219d\" data-element_type=\"column\" data-e-type=\"column\">\n\t\t\t<div class=\"elementor-widget-wrap elementor-element-populated\">\n\t\t\t\t\t\t<div class=\"elementor-element elementor-element-4f039a0 elementor-widget-divider--view-line_text elementor-widget-divider--element-align-left elementor-widget elementor-widget-divider\" data-id=\"4f039a0\" data-element_type=\"widget\" data-e-type=\"widget\" data-settings=\"{&quot;motion_fx_motion_fx_scrolling&quot;:&quot;yes&quot;,&quot;motion_fx_translateX_effect&quot;:&quot;yes&quot;,&quot;motion_fx_translateX_speed&quot;:{&quot;unit&quot;:&quot;px&quot;,&quot;size&quot;:&quot;1&quot;,&quot;sizes&quot;:[]},&quot;motion_fx_translateX_affectedRange&quot;:{&quot;unit&quot;:&quot;%&quot;,&quot;size&quot;:&quot;&quot;,&quot;sizes&quot;:{&quot;start&quot;:&quot;0&quot;,&quot;end&quot;:&quot;50&quot;}},&quot;motion_fx_devices&quot;:[&quot;desktop&quot;,&quot;tablet&quot;]}\" data-widget_type=\"divider.default\">\n\t\t\t\t<div class=\"elementor-widget-container\">\n\t\t\t\t\t\t\t<div class=\"elementor-divider\">\n\t\t\t<span class=\"elementor-divider-separator\">\n\t\t\t\t\t\t\t<span class=\"elementor-divider__text elementor-divider__element\">\n\t\t\t\t<b>Reducir los costes<\/b> de calefacci\u00f3n\t\t\t\t<\/span>\n\t\t\t\t\t\t<\/span>\n\t\t<\/div>\n\t\t\t\t\t\t<\/div>\n\t\t\t\t<\/div>\n\t\t\t\t\t<\/div>\n\t\t<\/div>\n\t\t\t\t\t<\/div>\n\t\t<\/section>\n\t\t\t\t<section class=\"elementor-section elementor-top-section elementor-element elementor-element-6463524 elementor-reverse-mobile elementor-section-boxed elementor-section-height-default elementor-section-height-default\" data-id=\"6463524\" data-element_type=\"section\" data-e-type=\"section\">\n\t\t\t\t\t\t<div class=\"elementor-container elementor-column-gap-default\">\n\t\t\t\t\t<div class=\"elementor-column elementor-col-50 elementor-top-column elementor-element elementor-element-3d3ef3c\" data-id=\"3d3ef3c\" data-element_type=\"column\" data-e-type=\"column\">\n\t\t\t<div class=\"elementor-widget-wrap elementor-element-populated\">\n\t\t\t\t\t\t<div class=\"elementor-element elementor-element-7140a65 elementor-invisible elementor-widget elementor-widget-image\" data-id=\"7140a65\" data-element_type=\"widget\" data-e-type=\"widget\" data-settings=\"{&quot;_animation&quot;:&quot;fadeIn&quot;}\" data-widget_type=\"image.default\">\n\t\t\t\t<div class=\"elementor-widget-container\">\n\t\t\t\t\t\t\t\t\t\t\t\t\t\t\t<img decoding=\"async\" width=\"1920\" height=\"2560\" src=\"https:\/\/quom-radiator.com\/wp-content\/uploads\/2022\/09\/save-energy.jpeg\" class=\"attachment-full size-full wp-image-1267\" alt=\"\" srcset=\"https:\/\/quom-radiator.com\/wp-content\/uploads\/2022\/09\/save-energy.jpeg 1920w, https:\/\/quom-radiator.com\/wp-content\/uploads\/2022\/09\/save-energy-225x300.jpeg 225w, https:\/\/quom-radiator.com\/wp-content\/uploads\/2022\/09\/save-energy-768x1024.jpeg 768w, https:\/\/quom-radiator.com\/wp-content\/uploads\/2022\/09\/save-energy-1152x1536.jpeg 1152w, https:\/\/quom-radiator.com\/wp-content\/uploads\/2022\/09\/save-energy-1536x2048.jpeg 1536w\" sizes=\"(max-width: 1920px) 100vw, 1920px\" \/>\t\t\t\t\t\t\t\t\t\t\t\t\t\t\t<\/div>\n\t\t\t\t<\/div>\n\t\t\t\t\t<\/div>\n\t\t<\/div>\n\t\t\t\t<div class=\"elementor-column elementor-col-50 elementor-top-column elementor-element elementor-element-ffa6af6\" data-id=\"ffa6af6\" data-element_type=\"column\" data-e-type=\"column\">\n\t\t\t<div class=\"elementor-widget-wrap elementor-element-populated\">\n\t\t\t\t\t\t<div class=\"elementor-element elementor-element-cc1ed39 elementor-invisible elementor-widget elementor-widget-heading\" data-id=\"cc1ed39\" data-element_type=\"widget\" data-e-type=\"widget\" data-settings=\"{&quot;_animation&quot;:&quot;fadeInUp&quot;}\" data-widget_type=\"heading.default\">\n\t\t\t\t<div class=\"elementor-widget-container\">\n\t\t\t\t\t<h2 class=\"elementor-heading-title elementor-size-default\">RADIADORES DE M\u00c1XIMO RENDIMIENTO<\/h2>\t\t\t\t<\/div>\n\t\t\t\t<\/div>\n\t\t\t\t<div class=\"elementor-element elementor-element-5201ee7 elementor-invisible elementor-widget elementor-widget-text-editor\" data-id=\"5201ee7\" data-element_type=\"widget\" data-e-type=\"widget\" data-settings=\"{&quot;_animation&quot;:&quot;fadeInUp&quot;}\" data-widget_type=\"text-editor.default\">\n\t\t\t\t<div class=\"elementor-widget-container\">\n\t\t\t\t\t\t\t\t\t<p>Los radiadores convencionales de tubo de acero est\u00e1ndar est\u00e1n formados por tubos de 25 mm de di\u00e1metro, el supuesto l\u00edmite tecnol\u00f3gico de todos los fabricantes. Los tubos Quom, en cambio, superan este l\u00edmite y parten de un di\u00e1metro de 30 mm, teniendo en cuenta que los laterales son presionados por el mecanizado posterior.<\/p>\n\t\t\t\t\t\t\t\t<\/div>\n\t\t\t\t<\/div>\n\t\t\t\t<div class=\"elementor-element elementor-element-ad4e573 elementor-invisible elementor-widget elementor-widget-text-editor\" data-id=\"ad4e573\" data-element_type=\"widget\" data-e-type=\"widget\" data-settings=\"{&quot;_animation&quot;:&quot;fadeInUp&quot;}\" data-widget_type=\"text-editor.default\">\n\t\t\t\t<div class=\"elementor-widget-container\">\n\t\t\t\t\t\t\t\t\t<ul>\n<li><span style=\"font-weight: 400;\">MENOR CONTENIDO DE AGUA<\/span>\n<p>The special structure of the Quom pipe with a dia. of 30mm means that the water content is even lower than in a conventional pipe with a dia. of 25 mm.<\/li>\n<li><span style=\"font-weight: 400;\">MENOR NECESIDAD DE ESPACIO<\/span><br \/>\n<span style=\"font-weight: 400;\">El ancho de los tubos se reduce a 22 mm, la distancia entre los elementos se mantiene en su valor habitual de 45 mm. Bajo pedido, tambi\u00e9n se pueden construir elementos con una distancia de 40 mm para ofrecer un mayor ahorro de espacio.<\/span><\/li>\n<li><span style=\"font-weight: 400;\">SUPERFICIES CALEFACTORAS +20%<\/span><br \/>\n<span style=\"font-weight: 400;\">El tubo Quom dispone de una superficie de calentamiento un 20% superior frente a todos los tubos convencionales.<\/span><\/li>\n<li><span style=\"font-weight: 400;\">MAYOR RENDIMIENTO T\u00c9RMICO<\/span><br \/>\n<span style=\"font-weight: 400;\">Una mayor superficie de calentamiento significa un mayor rendimiento. Las pruebas t\u00e9cnicas han demostrado que QUOM cuenta con una potencia t\u00e9rmica hasta un 15 % superior a la potencia de los radiadores convencionales con las mismas dimensiones.<\/span><\/li>\n<li><span style=\"font-weight: 400;\">ACELERACI\u00d3N DE LA TRANSFERENCIA DE CALOR<\/span><br \/>\n<span style=\"font-weight: 400;\">La forma caracter\u00edstica de los tubos favorece el movimiento ascendente del aire caliente entre los elementos lo que trae consigo un alto rendimiento.<\/span><\/li>\n<li><span style=\"font-weight: 400;\">AHORRO DE ENERG\u00cdA<\/span><br \/>\n<span style=\"font-weight: 400;\">Menor contenido de agua, mayor velocidad de intercambio de calor, tiempos m\u00e1s cortos para alcanzar el estado de funcionamiento de la instalaci\u00f3n y mayor superficie de calentamiento se traducen en mayor potencia, y el resultado es un ahorro de energ\u00eda.<\/span><\/li>\n<\/ul>\n\t\t\t\t\t\t\t\t<\/div>\n\t\t\t\t<\/div>\n\t\t\t\t\t<\/div>\n\t\t<\/div>\n\t\t\t\t\t<\/div>\n\t\t<\/section>\n\t\t\t\t<section class=\"elementor-section elementor-top-section elementor-element elementor-element-66720c7 elementor-reverse-mobile elementor-section-boxed elementor-section-height-default elementor-section-height-default\" data-id=\"66720c7\" data-element_type=\"section\" data-e-type=\"section\">\n\t\t\t\t\t\t<div class=\"elementor-container elementor-column-gap-default\">\n\t\t\t\t\t<div class=\"elementor-column elementor-col-50 elementor-top-column elementor-element elementor-element-881cdc7\" data-id=\"881cdc7\" data-element_type=\"column\" data-e-type=\"column\">\n\t\t\t<div class=\"elementor-widget-wrap elementor-element-populated\">\n\t\t\t\t\t\t<div class=\"elementor-element elementor-element-ea95d80 elementor-invisible elementor-widget elementor-widget-image\" data-id=\"ea95d80\" data-element_type=\"widget\" data-e-type=\"widget\" data-settings=\"{&quot;_animation&quot;:&quot;fadeInUp&quot;}\" data-widget_type=\"image.default\">\n\t\t\t\t<div class=\"elementor-widget-container\">\n\t\t\t\t\t\t\t\t\t\t\t\t\t\t\t<img decoding=\"async\" width=\"904\" height=\"506\" src=\"https:\/\/quom-radiator.com\/wp-content\/uploads\/2022\/09\/radiator-design.jpeg\" class=\"attachment-full size-full wp-image-1259\" alt=\"\" srcset=\"https:\/\/quom-radiator.com\/wp-content\/uploads\/2022\/09\/radiator-design.jpeg 904w, https:\/\/quom-radiator.com\/wp-content\/uploads\/2022\/09\/radiator-design-300x168.jpeg 300w, https:\/\/quom-radiator.com\/wp-content\/uploads\/2022\/09\/radiator-design-768x430.jpeg 768w\" sizes=\"(max-width: 904px) 100vw, 904px\" \/>\t\t\t\t\t\t\t\t\t\t\t\t\t\t\t<\/div>\n\t\t\t\t<\/div>\n\t\t\t\t\t<\/div>\n\t\t<\/div>\n\t\t\t\t<div class=\"elementor-column elementor-col-50 elementor-top-column elementor-element elementor-element-9d75adf\" data-id=\"9d75adf\" data-element_type=\"column\" data-e-type=\"column\">\n\t\t\t<div class=\"elementor-widget-wrap elementor-element-populated\">\n\t\t\t\t\t\t<div class=\"elementor-element elementor-element-6528942 elementor-invisible elementor-widget elementor-widget-heading\" data-id=\"6528942\" data-element_type=\"widget\" data-e-type=\"widget\" data-settings=\"{&quot;_animation&quot;:&quot;fadeInUp&quot;}\" data-widget_type=\"heading.default\">\n\t\t\t\t<div class=\"elementor-widget-container\">\n\t\t\t\t\t<h2 class=\"elementor-heading-title elementor-size-default\">INNOVADOR Y MODERNO DISE\u00d1O DE RADIADORES Y UNA GRAN FLEXIBILIDAD DE USO<\/h2>\t\t\t\t<\/div>\n\t\t\t\t<\/div>\n\t\t\t\t<div class=\"elementor-element elementor-element-872c2ef elementor-invisible elementor-widget elementor-widget-text-editor\" data-id=\"872c2ef\" data-element_type=\"widget\" data-e-type=\"widget\" data-settings=\"{&quot;_animation&quot;:&quot;fadeInUp&quot;}\" data-widget_type=\"text-editor.default\">\n\t\t\t\t<div class=\"elementor-widget-container\">\n\t\t\t\t\t\t\t\t\t<p>Las formas de nuestros tubos confieren al radiador Quom una l\u00ednea ultraligera. De este modo, el radiador resulta ideal en espacios con una arquitectura interior y decoraci\u00f3n creativa, moderna, elegante y de gran calidad.<\/p>\n\t\t\t\t\t\t\t\t<\/div>\n\t\t\t\t<\/div>\n\t\t\t\t<div class=\"elementor-element elementor-element-61f5c10 elementor-invisible elementor-widget elementor-widget-text-editor\" data-id=\"61f5c10\" data-element_type=\"widget\" data-e-type=\"widget\" data-settings=\"{&quot;_animation&quot;:&quot;fadeInUp&quot;}\" data-widget_type=\"text-editor.default\">\n\t\t\t\t<div class=\"elementor-widget-container\">\n\t\t\t\t\t\t\t\t\t<ul>\n<li>Anversos de tubo a partir de 22 mm (en comparaci\u00f3n con los tubos convencionales a partir de 25 mm)<\/li>\n<li>Conexiones entre elementos a partir de 28 mm (frente a los 55 mm de los tubos convencionales)<\/li>\n<li>Conexiones est\u00e1ndar \u00d8 \u00bd\u00bb (bajo pedido \u00d83\/4&#8243;)<\/li>\n<\/ul>\n\t\t\t\t\t\t\t\t<\/div>\n\t\t\t\t<\/div>\n\t\t\t\t<div class=\"elementor-element elementor-element-f02e662 elementor-invisible elementor-widget elementor-widget-text-editor\" data-id=\"f02e662\" data-element_type=\"widget\" data-e-type=\"widget\" data-settings=\"{&quot;_animation&quot;:&quot;fadeInUp&quot;}\" data-widget_type=\"text-editor.default\">\n\t\t\t\t<div class=\"elementor-widget-container\">\n\t\t\t\t\t\t\t\t\t<p>La cantidad de agua utilizada significa que los acoplamientos con un di\u00e1metro de \u00ab\u00bd\u00bb son suficientes para las v\u00e1lvulas y los radiadores.<\/p>\n\t\t\t\t\t\t\t\t<\/div>\n\t\t\t\t<\/div>\n\t\t\t\t\t<\/div>\n\t\t<\/div>\n\t\t\t\t\t<\/div>\n\t\t<\/section>\n\t\t\t\t<\/div>\n\t\t","protected":false},"excerpt":{"rendered":"<p>La m\u00e1xima calidadest\u00e1 garantizada. LA M\u00c1XIMA CALIDAD EST\u00c1 GARANTIZADA POR EL CAR\u00c1CTER ITALIANO DEL PRODUCTO, QUE DESDE LA MATERIA PRIMA, PASANDO POR CADA UNO DE LOS COMPONENTES, HASTA LA FABRICACI\u00d3N, LO CONVIERTEN EN UN RADIADOR DE PRIMERA CALIDAD. M\u00e1xima calidad garantizada. Productos probados, procesos controlados, componentes y materiales seleccionados y de fabricaci\u00f3n propia. La forma [&hellip;]<\/p>\n","protected":false},"author":2,"featured_media":0,"parent":0,"menu_order":0,"comment_status":"closed","ping_status":"closed","template":"","meta":{"_seopress_robots_primary_cat":"","_seopress_titles_title":"","_seopress_titles_desc":"","_seopress_robots_index":"","footnotes":""},"class_list":["post-1683","page","type-page","status-publish","hentry"],"_links":{"self":[{"href":"https:\/\/quom-radiator.com\/es\/wp-json\/wp\/v2\/pages\/1683","targetHints":{"allow":["GET"]}}],"collection":[{"href":"https:\/\/quom-radiator.com\/es\/wp-json\/wp\/v2\/pages"}],"about":[{"href":"https:\/\/quom-radiator.com\/es\/wp-json\/wp\/v2\/types\/page"}],"author":[{"embeddable":true,"href":"https:\/\/quom-radiator.com\/es\/wp-json\/wp\/v2\/users\/2"}],"replies":[{"embeddable":true,"href":"https:\/\/quom-radiator.com\/es\/wp-json\/wp\/v2\/comments?post=1683"}],"version-history":[{"count":1,"href":"https:\/\/quom-radiator.com\/es\/wp-json\/wp\/v2\/pages\/1683\/revisions"}],"predecessor-version":[{"id":1684,"href":"https:\/\/quom-radiator.com\/es\/wp-json\/wp\/v2\/pages\/1683\/revisions\/1684"}],"wp:attachment":[{"href":"https:\/\/quom-radiator.com\/es\/wp-json\/wp\/v2\/media?parent=1683"}],"curies":[{"name":"wp","href":"https:\/\/api.w.org\/{rel}","templated":true}]}}