{"id":1695,"date":"2022-09-06T14:48:08","date_gmt":"2022-09-06T12:48:08","guid":{"rendered":"https:\/\/quom-radiator.comprivacidad\/"},"modified":"2022-09-26T01:08:18","modified_gmt":"2022-09-25T23:08:18","slug":"privacidad","status":"publish","type":"page","link":"https:\/\/quom-radiator.com\/es\/privacidad\/","title":{"rendered":"Privacidad"},"content":{"rendered":"\t\t<div data-elementor-type=\"wp-page\" data-elementor-id=\"1695\" class=\"elementor elementor-1695 elementor-357\" data-elementor-post-type=\"page\">\n\t\t\t\t\t\t<section class=\"elementor-section elementor-top-section elementor-element elementor-element-a4dff51 elementor-section-boxed elementor-section-height-default elementor-section-height-default\" data-id=\"a4dff51\" data-element_type=\"section\" data-e-type=\"section\">\n\t\t\t\t\t\t<div class=\"elementor-container elementor-column-gap-default\">\n\t\t\t\t\t<div class=\"elementor-column elementor-col-100 elementor-top-column elementor-element elementor-element-913f312\" data-id=\"913f312\" data-element_type=\"column\" data-e-type=\"column\">\n\t\t\t<div class=\"elementor-widget-wrap elementor-element-populated\">\n\t\t\t\t\t\t<div class=\"elementor-element elementor-element-8208896 elementor-invisible elementor-widget elementor-widget-heading\" data-id=\"8208896\" data-element_type=\"widget\" data-e-type=\"widget\" data-settings=\"{&quot;_animation&quot;:&quot;fadeInUp&quot;}\" data-widget_type=\"heading.default\">\n\t\t\t\t<div class=\"elementor-widget-container\">\n\t\t\t\t\t<h2 class=\"elementor-heading-title elementor-size-default\">Privacidad<\/h2>\t\t\t\t<\/div>\n\t\t\t\t<\/div>\n\t\t\t\t<div class=\"elementor-element elementor-element-4d697ab elementor-invisible elementor-widget elementor-widget-text-editor\" data-id=\"4d697ab\" data-element_type=\"widget\" data-e-type=\"widget\" data-settings=\"{&quot;_animation&quot;:&quot;fadeInUp&quot;}\" data-widget_type=\"text-editor.default\">\n\t\t\t\t<div class=\"elementor-widget-container\">\n\t\t\t\t\t\t\t\t\t<p>Protecci\u00f3n de Datos<br \/>\n1. Privacidad de un vistazo<br \/>\nInformaci\u00f3n general<br \/>\nLas siguientes notas proporcionan una descripci\u00f3n general simple de lo que sucede con sus datos personales cuando visita nuestro sitio web. Los datos personales son todos los datos con los que se le puede identificar personalmente. Puede encontrar informaci\u00f3n detallada sobre el tema de la protecci\u00f3n de datos en nuestra declaraci\u00f3n de protecci\u00f3n de datos que figura debajo de este texto.<\/p>\n<p>Recopilaci\u00f3n de datos en nuestro sitio web<br \/>\n\u00bfQui\u00e9n es responsable de la recopilaci\u00f3n de datos en este sitio web?<\/p>\n<p>El procesamiento de datos en este sitio web lo lleva a cabo el operador del sitio web. Puede encontrar sus datos de contacto en el pie de imprenta de este sitio web.<\/p>\n<p>\u00bfC\u00f3mo recopilamos sus datos?<\/p>\n<p>Por un lado, sus datos se recogen cuando nos los comunica. Esto puede ser, por ejemplo, datos que ingresa en un formulario de contacto.<\/p>\n<p>Nuestros sistemas de TI registran autom\u00e1ticamente otros datos cuando visita el sitio web. Se trata principalmente de datos t\u00e9cnicos (por ejemplo, navegador de Internet, sistema operativo o tiempo de visualizaci\u00f3n de la p\u00e1gina). Estos datos se recopilan autom\u00e1ticamente tan pronto como ingresa a nuestro sitio web.<\/p>\n<p>\u00bfPara qu\u00e9 usamos tus datos?<\/p>\n<p>Parte de los datos se recopilan para garantizar que el sitio web se proporcione sin errores. Se pueden utilizar otros datos para analizar su comportamiento como usuario.<\/p>\n<p>\u00bfQu\u00e9 derechos tienes respecto a tus datos?<\/p>\n<p>Tiene derecho a recibir informaci\u00f3n sobre el origen, el destinatario y el prop\u00f3sito de sus datos personales almacenados de forma gratuita en cualquier momento. Tambi\u00e9n tiene derecho a solicitar la correcci\u00f3n, el bloqueo o la eliminaci\u00f3n de estos datos. Puede ponerse en contacto con nosotros en cualquier momento en la direcci\u00f3n indicada en el pie de imprenta si tiene m\u00e1s preguntas sobre el tema de la protecci\u00f3n de datos. Tambi\u00e9n tiene derecho a presentar una reclamaci\u00f3n ante la autoridad de control competente.<\/p>\n<p>Herramientas de an\u00e1lisis y herramientas de terceros<br \/>\nCuando visita nuestro sitio web, su comportamiento de navegaci\u00f3n puede evaluarse estad\u00edsticamente. Esto se hace principalmente con cookies y los llamados programas de an\u00e1lisis. El an\u00e1lisis de su comportamiento de navegaci\u00f3n suele ser an\u00f3nimo; el comportamiento de navegaci\u00f3n no se puede rastrear hasta usted. Puede objetar este an\u00e1lisis o evitarlo al no utilizar ciertas herramientas. Encontrar\u00e1 informaci\u00f3n detallada al respecto en la siguiente declaraci\u00f3n de protecci\u00f3n de datos.<\/p>\n<p>Puede oponerse a este an\u00e1lisis. Le informaremos sobre las posibilidades de oposici\u00f3n en esta declaraci\u00f3n de protecci\u00f3n de datos.<\/p>\n<p>2. Informaci\u00f3n general e informaci\u00f3n obligatoria<br \/>\nprivacidad<br \/>\nLos operadores de estas p\u00e1ginas se toman muy en serio la protecci\u00f3n de sus datos personales. Tratamos sus datos personales de forma confidencial y de acuerdo con las normas legales de protecci\u00f3n de datos y esta declaraci\u00f3n de protecci\u00f3n de datos.<\/p>\n<p>Si utiliza este sitio web, se recopilar\u00e1n varios datos personales. Los datos personales son datos con los que se le puede identificar personalmente. Esta declaraci\u00f3n de protecci\u00f3n de datos explica qu\u00e9 datos recopilamos y para qu\u00e9 los usamos. Tambi\u00e9n explica c\u00f3mo y con qu\u00e9 prop\u00f3sito sucede esto.<\/p>\n<p>Nos gustar\u00eda se\u00f1alar que la transmisi\u00f3n de datos en Internet (por ejemplo, cuando se comunica por correo electr\u00f3nico) puede tener brechas de seguridad. No es posible una protecci\u00f3n completa de los datos contra el acceso de terceros.<\/p>\n<p>Nota sobre el organismo responsable<br \/>\nEl responsable del tratamiento de datos en este sitio web es:<\/p>\n<p>Quom Srl<br \/>\nSEDE LEGAL:<br \/>\nZona Industrial San Vito<br \/>\n09040 San Vito, Cagliari<br \/>\nItalia<\/p>\n<p>Tel\u00e9fono: +39 070 99 28 270<br \/>\nCorreo electr\u00f3nico: amministrazione@quom.it<\/p>\n<p>El organismo responsable es la persona f\u00edsica o jur\u00eddica que, sola o junto con otros, decide sobre los fines y medios del procesamiento de datos personales (por ejemplo, nombres, direcciones de correo electr\u00f3nico, etc.).<\/p>\n<p>Revocaci\u00f3n de su consentimiento para el tratamiento de datos<br \/>\nMuchas operaciones de procesamiento de datos solo son posibles con su consentimiento expreso. Puede revocar el consentimiento que ya ha dado en cualquier momento. Un mensaje informal por correo electr\u00f3nico a nosotros es suficiente. La legalidad del procesamiento de datos que tuvo lugar hasta la revocaci\u00f3n no se ve afectada por la revocaci\u00f3n.<\/p>\n<p>Derecho de recurso ante la autoridad de control competente<br \/>\nEn caso de violaciones de la ley de protecci\u00f3n de datos, la persona interesada tiene derecho a presentar una queja ante la autoridad de control responsable. La autoridad supervisora \u200b\u200bcompetente en materia de protecci\u00f3n de datos es el delegado estatal de protecci\u00f3n de datos del estado federal en el que tiene su sede nuestra empresa. Puede encontrar una lista de oficiales de protecci\u00f3n de datos y sus datos de contacto en el siguiente enlace: https:\/\/www.bfdi.bund.de\/DE\/Infothek\/Anschriften_Links\/anschriften_links-node.html.<\/p>\n<p>Derecho a la portabilidad de los datos<br \/>\nTiene derecho a que los datos que procesamos autom\u00e1ticamente sobre la base de su consentimiento o en cumplimiento de un contrato se le entreguen a usted o a un tercero en un formato com\u00fan legible por m\u00e1quina. hasta aqu\u00ed<\/p>\n\t\t\t\t\t\t\t\t<\/div>\n\t\t\t\t<\/div>\n\t\t\t\t\t<\/div>\n\t\t<\/div>\n\t\t\t\t\t<\/div>\n\t\t<\/section>\n\t\t\t\t<\/div>\n\t\t","protected":false},"excerpt":{"rendered":"<p>Privacidad Protecci\u00f3n de Datos 1. Privacidad de un vistazo Informaci\u00f3n general Las siguientes notas proporcionan una descripci\u00f3n general simple de lo que sucede con sus datos personales cuando visita nuestro sitio web. Los datos personales son todos los datos con los que se le puede identificar personalmente. Puede encontrar informaci\u00f3n detallada sobre el tema de [&hellip;]<\/p>\n","protected":false},"author":2,"featured_media":0,"parent":0,"menu_order":0,"comment_status":"closed","ping_status":"closed","template":"","meta":{"_seopress_robots_primary_cat":"","_seopress_titles_title":"","_seopress_titles_desc":"","_seopress_robots_index":"","footnotes":""},"class_list":["post-1695","page","type-page","status-publish","hentry"],"_links":{"self":[{"href":"https:\/\/quom-radiator.com\/es\/wp-json\/wp\/v2\/pages\/1695","targetHints":{"allow":["GET"]}}],"collection":[{"href":"https:\/\/quom-radiator.com\/es\/wp-json\/wp\/v2\/pages"}],"about":[{"href":"https:\/\/quom-radiator.com\/es\/wp-json\/wp\/v2\/types\/page"}],"author":[{"embeddable":true,"href":"https:\/\/quom-radiator.com\/es\/wp-json\/wp\/v2\/users\/2"}],"replies":[{"embeddable":true,"href":"https:\/\/quom-radiator.com\/es\/wp-json\/wp\/v2\/comments?post=1695"}],"version-history":[{"count":1,"href":"https:\/\/quom-radiator.com\/es\/wp-json\/wp\/v2\/pages\/1695\/revisions"}],"predecessor-version":[{"id":1696,"href":"https:\/\/quom-radiator.com\/es\/wp-json\/wp\/v2\/pages\/1695\/revisions\/1696"}],"wp:attachment":[{"href":"https:\/\/quom-radiator.com\/es\/wp-json\/wp\/v2\/media?parent=1695"}],"curies":[{"name":"wp","href":"https:\/\/api.w.org\/{rel}","templated":true}]}}