{"id":1697,"date":"2022-09-06T14:47:51","date_gmt":"2022-09-06T12:47:51","guid":{"rendered":"https:\/\/quom-radiator.comimprimir\/"},"modified":"2023-02-24T23:52:30","modified_gmt":"2023-02-24T22:52:30","slug":"imprimir","status":"publish","type":"page","link":"https:\/\/quom-radiator.com\/es\/imprimir\/","title":{"rendered":"Imprimir"},"content":{"rendered":"\t\t<div data-elementor-type=\"wp-page\" data-elementor-id=\"1697\" class=\"elementor elementor-1697 elementor-355\" data-elementor-post-type=\"page\">\n\t\t\t\t\t\t<section class=\"elementor-section elementor-top-section elementor-element elementor-element-cd2ddc4 elementor-section-boxed elementor-section-height-default elementor-section-height-default\" data-id=\"cd2ddc4\" data-element_type=\"section\" data-e-type=\"section\">\n\t\t\t\t\t\t<div class=\"elementor-container elementor-column-gap-default\">\n\t\t\t\t\t<div class=\"elementor-column elementor-col-100 elementor-top-column elementor-element elementor-element-5a6594d\" data-id=\"5a6594d\" data-element_type=\"column\" data-e-type=\"column\">\n\t\t\t<div class=\"elementor-widget-wrap elementor-element-populated\">\n\t\t\t\t\t\t<div class=\"elementor-element elementor-element-d4da410 elementor-invisible elementor-widget elementor-widget-heading\" data-id=\"d4da410\" data-element_type=\"widget\" data-e-type=\"widget\" data-settings=\"{&quot;_animation&quot;:&quot;fadeInUp&quot;}\" data-widget_type=\"heading.default\">\n\t\t\t\t<div class=\"elementor-widget-container\">\n\t\t\t\t\t<h2 class=\"elementor-heading-title elementor-size-default\">Imprimir<\/h2>\t\t\t\t<\/div>\n\t\t\t\t<\/div>\n\t\t\t\t<div class=\"elementor-element elementor-element-69073d6 elementor-widget elementor-widget-text-editor\" data-id=\"69073d6\" data-element_type=\"widget\" data-e-type=\"widget\" data-widget_type=\"text-editor.default\">\n\t\t\t\t<div class=\"elementor-widget-container\">\n\t\t\t\t\t\t\t\t\t<p><strong>Editor:<\/strong><\/p><p><strong>Quom Srl<\/strong><br \/>SEDE LEGAL:<br \/>Zona Industrial San Vito<br \/>09040 San Vito, Cagliari<br \/>Italia<\/p><p>COMERCIO:<br \/>tel. +39.070.99.28.270<br \/>Fax +39.070.99.29.214<br \/>ADMINISTRACI\u00d3N:<br \/>tel. +39.070.99.31.148<br \/>Fax +39.070.99.31.640<\/p><p>C.F. e P.Iva 02866160928<br \/><span style=\"color: var( --e-global-color-text ); font-family: var( --e-global-typography-text-font-family ), Sans-serif; font-size: var( --e-global-typography-text-font-size ); font-weight: var( --e-global-typography-text-font-weight ); letter-spacing: var( --e-global-typography-text-letter-spacing ); text-transform: var( --e-global-typography-text-text-transform ); background-color: var( --e-global-color-50b259d );\">Capitale Sociale i.v. \u20ac 10.000,00<br \/><\/span><span style=\"color: var( --e-global-color-text ); font-family: var( --e-global-typography-text-font-family ), Sans-serif; font-size: var( --e-global-typography-text-font-size ); font-weight: var( --e-global-typography-text-font-weight ); letter-spacing: var( --e-global-typography-text-letter-spacing ); text-transform: var( --e-global-typography-text-text-transform ); background-color: var( --e-global-color-50b259d );\">Registro Imprese CA n\u00b0 02886160928 \u2013 REA n\u00b0 229812<\/span><\/p><p>e-mail:<br \/>commerciale@quom.it<br \/>amministrazione@quom.it<br \/>PEC quomsrl@legalmail.it<\/p><p><strong>Representante autorizado<\/strong><\/p><p>Antonio Lobina<\/p><p><strong>redacci\u00f3n<\/strong><\/p><p>STEINER+STEINER GmbH<br \/>Hermann Steiner<br \/>hes@steinergmbh.de<br \/>www.steinergmbh.de<\/p><p><strong>Concepto web y administraci\u00f3n t\u00e9cnica<\/strong><\/p><p>Webgestalter.Net<br \/>miguel becker<br \/>https:\/\/webgestalter.net<\/p>\t\t\t\t\t\t\t\t<\/div>\n\t\t\t\t<\/div>\n\t\t\t\t\t<\/div>\n\t\t<\/div>\n\t\t\t\t\t<\/div>\n\t\t<\/section>\n\t\t\t\t<\/div>\n\t\t","protected":false},"excerpt":{"rendered":"<p>Imprimir Editor: Quom SrlSEDE LEGAL:Zona Industrial San Vito09040 San Vito, CagliariItalia COMERCIO:tel. +39.070.99.28.270Fax +39.070.99.29.214ADMINISTRACI\u00d3N:tel. +39.070.99.31.148Fax +39.070.99.31.640 C.F. e P.Iva 02866160928Capitale Sociale i.v. \u20ac 10.000,00Registro Imprese CA n\u00b0 02886160928 \u2013 REA n\u00b0 229812 e-mail:commerciale@quom.itamministrazione@quom.itPEC quomsrl@legalmail.it Representante autorizado Antonio Lobina redacci\u00f3n STEINER+STEINER GmbHHermann Steinerhes@steinergmbh.dewww.steinergmbh.de Concepto web y administraci\u00f3n t\u00e9cnica Webgestalter.Netmiguel beckerhttps:\/\/webgestalter.net<\/p>\n","protected":false},"author":2,"featured_media":0,"parent":0,"menu_order":0,"comment_status":"closed","ping_status":"closed","template":"","meta":{"_seopress_robots_primary_cat":"","_seopress_titles_title":"","_seopress_titles_desc":"","_seopress_robots_index":"","footnotes":""},"class_list":["post-1697","page","type-page","status-publish","hentry"],"_links":{"self":[{"href":"https:\/\/quom-radiator.com\/es\/wp-json\/wp\/v2\/pages\/1697","targetHints":{"allow":["GET"]}}],"collection":[{"href":"https:\/\/quom-radiator.com\/es\/wp-json\/wp\/v2\/pages"}],"about":[{"href":"https:\/\/quom-radiator.com\/es\/wp-json\/wp\/v2\/types\/page"}],"author":[{"embeddable":true,"href":"https:\/\/quom-radiator.com\/es\/wp-json\/wp\/v2\/users\/2"}],"replies":[{"embeddable":true,"href":"https:\/\/quom-radiator.com\/es\/wp-json\/wp\/v2\/comments?post=1697"}],"version-history":[{"count":5,"href":"https:\/\/quom-radiator.com\/es\/wp-json\/wp\/v2\/pages\/1697\/revisions"}],"predecessor-version":[{"id":2054,"href":"https:\/\/quom-radiator.com\/es\/wp-json\/wp\/v2\/pages\/1697\/revisions\/2054"}],"wp:attachment":[{"href":"https:\/\/quom-radiator.com\/es\/wp-json\/wp\/v2\/media?parent=1697"}],"curies":[{"name":"wp","href":"https:\/\/api.w.org\/{rel}","templated":true}]}}