{"id":2066,"date":"2023-02-22T17:53:33","date_gmt":"2023-02-22T16:53:33","guid":{"rendered":"https:\/\/quom-radiator.comfarmaceutica\/"},"modified":"2023-03-03T10:05:36","modified_gmt":"2023-03-03T09:05:36","slug":"farmaceutica","status":"publish","type":"page","link":"https:\/\/quom-radiator.com\/es\/farmaceutica\/","title":{"rendered":"Farmac\u00e9utica"},"content":{"rendered":"\t\t<div data-elementor-type=\"wp-page\" data-elementor-id=\"2066\" class=\"elementor elementor-2066 elementor-1854\" data-elementor-post-type=\"page\">\n\t\t\t\t\t\t<section class=\"elementor-section elementor-top-section elementor-element elementor-element-5c035d5e elementor-section-stretched elementor-section-full_width elementor-section-height-default elementor-section-height-default\" data-id=\"5c035d5e\" data-element_type=\"section\" data-e-type=\"section\" data-settings=\"{&quot;stretch_section&quot;:&quot;section-stretched&quot;,&quot;background_background&quot;:&quot;classic&quot;}\">\n\t\t\t\t\t\t<div class=\"elementor-container elementor-column-gap-no\">\n\t\t\t\t\t<div class=\"elementor-column elementor-col-100 elementor-top-column elementor-element elementor-element-21b8f694\" data-id=\"21b8f694\" data-element_type=\"column\" data-e-type=\"column\">\n\t\t\t<div class=\"elementor-widget-wrap elementor-element-populated\">\n\t\t\t\t\t\t<section class=\"elementor-section elementor-inner-section elementor-element elementor-element-27a642ef elementor-section-full_width elementor-section-height-default elementor-section-height-default\" data-id=\"27a642ef\" data-element_type=\"section\" data-e-type=\"section\">\n\t\t\t\t\t\t<div class=\"elementor-container elementor-column-gap-default\">\n\t\t\t\t\t<div class=\"elementor-column elementor-col-33 elementor-inner-column elementor-element elementor-element-46cca2e7\" data-id=\"46cca2e7\" data-element_type=\"column\" data-e-type=\"column\">\n\t\t\t<div class=\"elementor-widget-wrap elementor-element-populated\">\n\t\t\t\t\t\t<div class=\"elementor-element elementor-element-1301c2a3 animated-fast elementor-invisible elementor-widget elementor-widget-image\" data-id=\"1301c2a3\" data-element_type=\"widget\" data-e-type=\"widget\" data-settings=\"{&quot;_animation&quot;:&quot;fadeInRight&quot;}\" data-widget_type=\"image.default\">\n\t\t\t\t<div class=\"elementor-widget-container\">\n\t\t\t\t\t\t\t\t\t\t\t\t\t\t\t\t<a href=\"https:\/\/quom-radiator.comwp-content\/uploads\/2023\/02\/mdi-cans.jpg\" data-elementor-open-lightbox=\"yes\" data-elementor-lightbox-title=\"mdi-cans\" data-e-action-hash=\"#elementor-action%3Aaction%3Dlightbox%26settings%3DeyJpZCI6MTk1MCwidXJsIjoiaHR0cHM6XC9cL3F1b20tcmFkaWF0b3IuY29tXC93cC1jb250ZW50XC91cGxvYWRzXC8yMDIzXC8wMlwvbWRpLWNhbnMuanBnIn0%3D\">\n\t\t\t\t\t\t\t<img fetchpriority=\"high\" decoding=\"async\" width=\"800\" height=\"534\" src=\"https:\/\/quom-radiator.com\/wp-content\/uploads\/2023\/02\/mdi-cans.jpg\" class=\"attachment-large size-large wp-image-1950\" alt=\"\" srcset=\"https:\/\/quom-radiator.com\/wp-content\/uploads\/2023\/02\/mdi-cans.jpg 1024w, https:\/\/quom-radiator.com\/wp-content\/uploads\/2023\/02\/mdi-cans-300x200.jpg 300w, https:\/\/quom-radiator.com\/wp-content\/uploads\/2023\/02\/mdi-cans-768x512.jpg 768w\" sizes=\"(max-width: 800px) 100vw, 800px\" \/>\t\t\t\t\t\t\t\t<\/a>\n\t\t\t\t\t\t\t\t\t\t\t\t\t\t\t<\/div>\n\t\t\t\t<\/div>\n\t\t\t\t<div class=\"elementor-element elementor-element-26a333e5 animated-fast elementor-invisible elementor-widget elementor-widget-image\" data-id=\"26a333e5\" data-element_type=\"widget\" data-e-type=\"widget\" data-settings=\"{&quot;_animation&quot;:&quot;fadeInLeft&quot;}\" data-widget_type=\"image.default\">\n\t\t\t\t<div class=\"elementor-widget-container\">\n\t\t\t\t\t\t\t\t\t\t\t\t\t\t\t<img decoding=\"async\" width=\"400\" height=\"600\" src=\"https:\/\/quom-radiator.com\/wp-content\/uploads\/2023\/02\/Asthmaspray-2.jpg\" class=\"attachment-large size-large wp-image-1965\" alt=\"\" srcset=\"https:\/\/quom-radiator.com\/wp-content\/uploads\/2023\/02\/Asthmaspray-2.jpg 400w, https:\/\/quom-radiator.com\/wp-content\/uploads\/2023\/02\/Asthmaspray-2-200x300.jpg 200w\" sizes=\"(max-width: 400px) 100vw, 400px\" \/>\t\t\t\t\t\t\t\t\t\t\t\t\t\t\t<\/div>\n\t\t\t\t<\/div>\n\t\t\t\t\t<\/div>\n\t\t<\/div>\n\t\t\t\t<div class=\"elementor-column elementor-col-33 elementor-inner-column elementor-element elementor-element-17159906\" data-id=\"17159906\" data-element_type=\"column\" data-e-type=\"column\">\n\t\t\t<div class=\"elementor-widget-wrap elementor-element-populated\">\n\t\t\t\t\t\t<div class=\"elementor-element elementor-element-456ca177 elementor-invisible elementor-widget elementor-widget-image\" data-id=\"456ca177\" data-element_type=\"widget\" data-e-type=\"widget\" data-settings=\"{&quot;_animation&quot;:&quot;fadeInUp&quot;}\" data-widget_type=\"image.default\">\n\t\t\t\t<div class=\"elementor-widget-container\">\n\t\t\t\t\t\t\t\t\t\t\t\t\t\t\t\t<a href=\"https:\/\/quom-radiator.comwp-content\/uploads\/2023\/02\/MG_9213.jpg\" data-elementor-open-lightbox=\"yes\" data-elementor-lightbox-title=\"_MG_9213\" data-e-action-hash=\"#elementor-action%3Aaction%3Dlightbox%26settings%3DeyJpZCI6MTk1NSwidXJsIjoiaHR0cHM6XC9cL3F1b20tcmFkaWF0b3IuY29tXC93cC1jb250ZW50XC91cGxvYWRzXC8yMDIzXC8wMlwvTUdfOTIxMy5qcGcifQ%3D%3D\">\n\t\t\t\t\t\t\t<img decoding=\"async\" width=\"800\" height=\"534\" src=\"https:\/\/quom-radiator.com\/wp-content\/uploads\/2023\/02\/MG_9213-1024x683.jpg\" class=\"attachment-large size-large wp-image-1955\" alt=\"\" srcset=\"https:\/\/quom-radiator.com\/wp-content\/uploads\/2023\/02\/MG_9213-1024x683.jpg 1024w, https:\/\/quom-radiator.com\/wp-content\/uploads\/2023\/02\/MG_9213-300x200.jpg 300w, https:\/\/quom-radiator.com\/wp-content\/uploads\/2023\/02\/MG_9213-768x512.jpg 768w, https:\/\/quom-radiator.com\/wp-content\/uploads\/2023\/02\/MG_9213.jpg 1048w\" sizes=\"(max-width: 800px) 100vw, 800px\" \/>\t\t\t\t\t\t\t\t<\/a>\n\t\t\t\t\t\t\t\t\t\t\t\t\t\t\t<\/div>\n\t\t\t\t<\/div>\n\t\t\t\t<div class=\"elementor-element elementor-element-6a9de4ad elementor-widget elementor-widget-heading\" data-id=\"6a9de4ad\" data-element_type=\"widget\" data-e-type=\"widget\" data-widget_type=\"heading.default\">\n\t\t\t\t<div class=\"elementor-widget-container\">\n\t\t\t\t\t<h3 class=\"elementor-heading-title elementor-size-default\">Metered-dose Inhaler<\/h3>\t\t\t\t<\/div>\n\t\t\t\t<\/div>\n\t\t\t\t<div class=\"elementor-element elementor-element-11c1792d elementor-widget elementor-widget-heading\" data-id=\"11c1792d\" data-element_type=\"widget\" data-e-type=\"widget\" data-widget_type=\"heading.default\">\n\t\t\t\t<div class=\"elementor-widget-container\">\n\t\t\t\t\t<h2 class=\"elementor-heading-title elementor-size-default\">Farmac\u00e9utica<\/h2>\t\t\t\t<\/div>\n\t\t\t\t<\/div>\n\t\t\t\t<div class=\"elementor-element elementor-element-4ae8e4d5 elementor-widget elementor-widget-text-editor\" data-id=\"4ae8e4d5\" data-element_type=\"widget\" data-e-type=\"widget\" data-widget_type=\"text-editor.default\">\n\t\t\t\t<div class=\"elementor-widget-container\">\n\t\t\t\t\t\t\t\t\t<p>Quom vende Soluciones Farmac\u00e9uticas en pMDI&#8217;s y Sistemas de Administraci\u00f3n Nasal de Medicamentos.<\/p>\n<ul>\n<li>Dispositivos de envasado primario para las industrias faramce\u00fatica y de gen\u00e9ricos.<\/li>\n<li>pMDI &#8211; botes, v\u00e1lvulas y actuadores.<\/li>\n<li>para Soluciones Inhalatorias, nasales, orales y t\u00f3picas.<\/li>\n<\/ul>\n\t\t\t\t\t\t\t\t<\/div>\n\t\t\t\t<\/div>\n\t\t\t\t<div class=\"elementor-element elementor-element-f2bbac5 elementor-tablet-align-center elementor-align-center elementor-mobile-align-center elementor-widget elementor-widget-button\" data-id=\"f2bbac5\" data-element_type=\"widget\" data-e-type=\"widget\" data-widget_type=\"button.default\">\n\t\t\t\t<div class=\"elementor-widget-container\">\n\t\t\t\t\t\t\t\t\t<div class=\"elementor-button-wrapper\">\n\t\t\t\t\t<a class=\"elementor-button elementor-button-link elementor-size-sm\" href=\"https:\/\/quom-radiator.comes\/contacto\/\">\n\t\t\t\t\t\t<span class=\"elementor-button-content-wrapper\">\n\t\t\t\t\t\t<span class=\"elementor-button-icon\">\n\t\t\t\t\t\t\t<\/span>\n\t\t\t\t\t\t\t\t\t<span class=\"elementor-button-text\">Contacte con nosotros para m\u00e1s informaci\u00f3n<\/span>\n\t\t\t\t\t<\/span>\n\t\t\t\t\t<\/a>\n\t\t\t\t<\/div>\n\t\t\t\t\t\t\t\t<\/div>\n\t\t\t\t<\/div>\n\t\t\t\t<div class=\"elementor-element elementor-element-51bc7642 animated-fast elementor-invisible elementor-widget elementor-widget-image\" data-id=\"51bc7642\" data-element_type=\"widget\" data-e-type=\"widget\" data-settings=\"{&quot;_animation&quot;:&quot;fadeInLeft&quot;}\" data-widget_type=\"image.default\">\n\t\t\t\t<div class=\"elementor-widget-container\">\n\t\t\t\t\t\t\t\t\t\t\t\t\t\t\t\t<a href=\"https:\/\/quom-radiator.comwp-content\/uploads\/2023\/02\/khfa_02.jpg\" data-elementor-open-lightbox=\"yes\" data-elementor-lightbox-title=\"khfa_02\" data-e-action-hash=\"#elementor-action%3Aaction%3Dlightbox%26settings%3DeyJpZCI6MTk3OCwidXJsIjoiaHR0cHM6XC9cL3F1b20tcmFkaWF0b3IuY29tXC93cC1jb250ZW50XC91cGxvYWRzXC8yMDIzXC8wMlwva2hmYV8wMi5qcGcifQ%3D%3D\">\n\t\t\t\t\t\t\t<img decoding=\"async\" src=\"https:\/\/quom-radiator.com\/wp-content\/uploads\/elementor\/thumbs\/khfa_02-q2jq9fazxqet54j3qecrwrwseq9vyeosaaakqrn44s.jpg\" title=\"khfa_02\" alt=\"khfa_02\" loading=\"lazy\" \/>\t\t\t\t\t\t\t\t<\/a>\n\t\t\t\t\t\t\t\t\t\t\t\t\t\t\t<\/div>\n\t\t\t\t<\/div>\n\t\t\t\t\t<\/div>\n\t\t<\/div>\n\t\t\t\t<div class=\"elementor-column elementor-col-33 elementor-inner-column elementor-element elementor-element-64dc629f\" data-id=\"64dc629f\" data-element_type=\"column\" data-e-type=\"column\">\n\t\t\t<div class=\"elementor-widget-wrap elementor-element-populated\">\n\t\t\t\t\t\t<div class=\"elementor-element elementor-element-75298601 animated-fast elementor-invisible elementor-widget elementor-widget-image\" data-id=\"75298601\" data-element_type=\"widget\" data-e-type=\"widget\" data-settings=\"{&quot;_animation&quot;:&quot;fadeInLeft&quot;}\" data-widget_type=\"image.default\">\n\t\t\t\t<div class=\"elementor-widget-container\">\n\t\t\t\t\t\t\t\t\t\t\t\t\t\t\t<img loading=\"lazy\" decoding=\"async\" width=\"600\" height=\"400\" src=\"https:\/\/quom-radiator.com\/wp-content\/uploads\/2023\/02\/Valvola-KHFA.jpg\" class=\"attachment-large size-large wp-image-1960\" alt=\"\" srcset=\"https:\/\/quom-radiator.com\/wp-content\/uploads\/2023\/02\/Valvola-KHFA.jpg 600w, https:\/\/quom-radiator.com\/wp-content\/uploads\/2023\/02\/Valvola-KHFA-300x200.jpg 300w\" sizes=\"(max-width: 600px) 100vw, 600px\" \/>\t\t\t\t\t\t\t\t\t\t\t\t\t\t\t<\/div>\n\t\t\t\t<\/div>\n\t\t\t\t<div class=\"elementor-element elementor-element-315e715b animated-fast elementor-invisible elementor-widget elementor-widget-image\" data-id=\"315e715b\" data-element_type=\"widget\" data-e-type=\"widget\" data-settings=\"{&quot;_animation&quot;:&quot;fadeInRight&quot;}\" data-widget_type=\"image.default\">\n\t\t\t\t<div class=\"elementor-widget-container\">\n\t\t\t\t\t\t\t\t\t\t\t\t\t\t\t<img loading=\"lazy\" decoding=\"async\" width=\"600\" height=\"400\" src=\"https:\/\/quom-radiator.com\/wp-content\/uploads\/2023\/02\/Asthmaspray-5.jpg\" class=\"attachment-full size-full wp-image-1970\" alt=\"\" srcset=\"https:\/\/quom-radiator.com\/wp-content\/uploads\/2023\/02\/Asthmaspray-5.jpg 600w, https:\/\/quom-radiator.com\/wp-content\/uploads\/2023\/02\/Asthmaspray-5-300x200.jpg 300w\" sizes=\"(max-width: 600px) 100vw, 600px\" \/>\t\t\t\t\t\t\t\t\t\t\t\t\t\t\t<\/div>\n\t\t\t\t<\/div>\n\t\t\t\t\t<\/div>\n\t\t<\/div>\n\t\t\t\t\t<\/div>\n\t\t<\/section>\n\t\t\t\t\t<\/div>\n\t\t<\/div>\n\t\t\t\t\t<\/div>\n\t\t<\/section>\n\t\t\t\t<\/div>\n\t\t","protected":false},"excerpt":{"rendered":"<p>Metered-dose Inhaler Farmac\u00e9utica Quom vende Soluciones Farmac\u00e9uticas en pMDI&#8217;s y Sistemas de Administraci\u00f3n Nasal de Medicamentos. Dispositivos de envasado primario para las industrias faramce\u00fatica y de gen\u00e9ricos. pMDI &#8211; botes, v\u00e1lvulas y actuadores. para Soluciones Inhalatorias, nasales, orales y t\u00f3picas. Contacte con nosotros para m\u00e1s informaci\u00f3n<\/p>\n","protected":false},"author":2,"featured_media":0,"parent":0,"menu_order":0,"comment_status":"closed","ping_status":"closed","template":"","meta":{"_seopress_robots_primary_cat":"","_seopress_titles_title":"","_seopress_titles_desc":"","_seopress_robots_index":"","footnotes":""},"class_list":["post-2066","page","type-page","status-publish","hentry"],"_links":{"self":[{"href":"https:\/\/quom-radiator.com\/es\/wp-json\/wp\/v2\/pages\/2066","targetHints":{"allow":["GET"]}}],"collection":[{"href":"https:\/\/quom-radiator.com\/es\/wp-json\/wp\/v2\/pages"}],"about":[{"href":"https:\/\/quom-radiator.com\/es\/wp-json\/wp\/v2\/types\/page"}],"author":[{"embeddable":true,"href":"https:\/\/quom-radiator.com\/es\/wp-json\/wp\/v2\/users\/2"}],"replies":[{"embeddable":true,"href":"https:\/\/quom-radiator.com\/es\/wp-json\/wp\/v2\/comments?post=2066"}],"version-history":[{"count":6,"href":"https:\/\/quom-radiator.com\/es\/wp-json\/wp\/v2\/pages\/2066\/revisions"}],"predecessor-version":[{"id":2109,"href":"https:\/\/quom-radiator.com\/es\/wp-json\/wp\/v2\/pages\/2066\/revisions\/2109"}],"wp:attachment":[{"href":"https:\/\/quom-radiator.com\/es\/wp-json\/wp\/v2\/media?parent=2066"}],"curies":[{"name":"wp","href":"https:\/\/api.w.org\/{rel}","templated":true}]}}