{"id":1611,"date":"2022-09-09T23:57:13","date_gmt":"2022-09-09T21:57:13","guid":{"rendered":"https:\/\/quom-radiator.comsiena\/"},"modified":"2022-09-26T01:35:00","modified_gmt":"2022-09-25T23:35:00","slug":"siena","status":"publish","type":"page","link":"https:\/\/quom-radiator.com\/fr\/siena\/","title":{"rendered":"SIENA"},"content":{"rendered":"\t\t<div data-elementor-type=\"wp-page\" data-elementor-id=\"1611\" class=\"elementor elementor-1611 elementor-681\" data-elementor-post-type=\"page\">\n\t\t\t\t\t\t<section class=\"elementor-section elementor-top-section elementor-element elementor-element-2d0e3dce elementor-section-boxed elementor-section-height-default elementor-section-height-default\" data-id=\"2d0e3dce\" data-element_type=\"section\" data-e-type=\"section\">\n\t\t\t\t\t\t<div class=\"elementor-container elementor-column-gap-default\">\n\t\t\t\t\t<div class=\"elementor-column elementor-col-100 elementor-top-column elementor-element elementor-element-50ee5e01\" data-id=\"50ee5e01\" data-element_type=\"column\" data-e-type=\"column\">\n\t\t\t<div class=\"elementor-widget-wrap elementor-element-populated\">\n\t\t\t\t\t\t<div class=\"elementor-element elementor-element-31134a16 elementor-widget-divider--view-line elementor-invisible elementor-widget elementor-widget-divider\" data-id=\"31134a16\" data-element_type=\"widget\" data-e-type=\"widget\" data-settings=\"{&quot;_animation&quot;:&quot;fadeIn&quot;}\" data-widget_type=\"divider.default\">\n\t\t\t\t<div class=\"elementor-widget-container\">\n\t\t\t\t\t\t\t<div class=\"elementor-divider\">\n\t\t\t<span class=\"elementor-divider-separator\">\n\t\t\t\t\t\t<\/span>\n\t\t<\/div>\n\t\t\t\t\t\t<\/div>\n\t\t\t\t<\/div>\n\t\t\t\t\t<\/div>\n\t\t<\/div>\n\t\t\t\t\t<\/div>\n\t\t<\/section>\n\t\t\t\t<section class=\"elementor-section elementor-top-section elementor-element elementor-element-2a3d8fff elementor-section-full_width elementor-section-height-min-height elementor-section-items-stretch elementor-section-height-default\" data-id=\"2a3d8fff\" data-element_type=\"section\" data-e-type=\"section\">\n\t\t\t\t\t\t<div class=\"elementor-container elementor-column-gap-default\">\n\t\t\t\t\t<div class=\"elementor-column elementor-col-100 elementor-top-column elementor-element elementor-element-27200144\" data-id=\"27200144\" data-element_type=\"column\" data-e-type=\"column\" data-settings=\"{&quot;animation&quot;:&quot;none&quot;}\">\n\t\t\t<div class=\"elementor-widget-wrap elementor-element-populated\">\n\t\t\t\t\t\t<div class=\"elementor-element elementor-element-3ef3820d elementor-invisible elementor-widget elementor-widget-heading\" data-id=\"3ef3820d\" data-element_type=\"widget\" data-e-type=\"widget\" data-settings=\"{&quot;_animation&quot;:&quot;fadeIn&quot;}\" data-widget_type=\"heading.default\">\n\t\t\t\t<div class=\"elementor-widget-container\">\n\t\t\t\t\t<h2 class=\"elementor-heading-title elementor-size-default\">SIENA<\/h2>\t\t\t\t<\/div>\n\t\t\t\t<\/div>\n\t\t\t\t<div class=\"elementor-element elementor-element-58c664fa elementor-invisible elementor-widget elementor-widget-text-editor\" data-id=\"58c664fa\" data-element_type=\"widget\" data-e-type=\"widget\" data-settings=\"{&quot;_animation&quot;:&quot;fadeInRight&quot;}\" data-widget_type=\"text-editor.default\">\n\t\t\t\t<div class=\"elementor-widget-container\">\n\t\t\t\t\t\t\t\t\t<p>GR CE \u00c0 SA COMBINAISON DE TECHNIQUE ET D&rsquo;ESTH\u00c9TIQUE EXQUISES.<br \/>\nLE RADIATEUR SIENA APPORTE UNE TOUCHE DE GLAMOUR \u00c0 CHAQUE ESPACE.<\/p>\n\t\t\t\t\t\t\t\t<\/div>\n\t\t\t\t<\/div>\n\t\t\t\t\t<\/div>\n\t\t<\/div>\n\t\t\t\t\t<\/div>\n\t\t<\/section>\n\t\t\t\t<section class=\"elementor-section elementor-top-section elementor-element elementor-element-27ba7f9d animated-slow elementor-section-boxed elementor-section-height-default elementor-section-height-default elementor-invisible\" data-id=\"27ba7f9d\" data-element_type=\"section\" data-e-type=\"section\" data-settings=\"{&quot;animation&quot;:&quot;fadeIn&quot;}\">\n\t\t\t\t\t\t<div class=\"elementor-container elementor-column-gap-custom\">\n\t\t\t\t\t<div class=\"elementor-column elementor-col-33 elementor-top-column elementor-element elementor-element-6e04e47d elementor-invisible\" data-id=\"6e04e47d\" data-element_type=\"column\" data-e-type=\"column\" data-settings=\"{&quot;animation&quot;:&quot;fadeInLeft&quot;,&quot;animation_delay&quot;:1000}\">\n\t\t\t<div class=\"elementor-widget-wrap elementor-element-populated\">\n\t\t\t\t\t\t<div class=\"elementor-element elementor-element-212c0e6f elementor-position-top elementor-widget elementor-widget-image-box\" data-id=\"212c0e6f\" data-element_type=\"widget\" data-e-type=\"widget\" data-widget_type=\"image-box.default\">\n\t\t\t\t<div class=\"elementor-widget-container\">\n\t\t\t\t\t<div class=\"elementor-image-box-wrapper\"><figure class=\"elementor-image-box-img\"><img fetchpriority=\"high\" decoding=\"async\" width=\"539\" height=\"770\" src=\"https:\/\/quom-radiator.com\/wp-content\/uploads\/2022\/09\/SIENA-CALORIFERO.jpeg\" class=\"elementor-animation-grow attachment-full size-full wp-image-1320\" alt=\"\" srcset=\"https:\/\/quom-radiator.com\/wp-content\/uploads\/2022\/09\/SIENA-CALORIFERO.jpeg 539w, https:\/\/quom-radiator.com\/wp-content\/uploads\/2022\/09\/SIENA-CALORIFERO-210x300.jpeg 210w\" sizes=\"(max-width: 539px) 100vw, 539px\" \/><\/figure><div class=\"elementor-image-box-content\"><h3 class=\"elementor-image-box-title\">SIENA CALORIFERO<\/h3><p class=\"elementor-image-box-description\">L\u2019union entre acier et technique en vue de cr\u00e9er harmonie et bien-\u00eatre marque la naissance de Siena, la fusion entre forme, fonction et puissance. Le radiateur Siena permet un r\u00e9glage de la temp\u00e9rature ais\u00e9 et \u00e9conomique. La temp\u00e9rature id\u00e9ale pour chaque pi\u00e8ce est atteinte en un tour de main, en fonction des pr\u00e9f\u00e9rences personnelles, et constitue avec cela une r\u00e9elle \u00e9conomie d\u2019\u00e9nergie. Le radiateur Siena est disponible dans une large gamme de hauteurs ainsi qu\u2019en version verticale et horizontale.<\/p><\/div><\/div>\t\t\t\t<\/div>\n\t\t\t\t<\/div>\n\t\t\t\t\t<\/div>\n\t\t<\/div>\n\t\t\t\t<div class=\"elementor-column elementor-col-33 elementor-top-column elementor-element elementor-element-29284583 elementor-invisible\" data-id=\"29284583\" data-element_type=\"column\" data-e-type=\"column\" data-settings=\"{&quot;animation&quot;:&quot;fadeIn&quot;,&quot;animation_delay&quot;:1000}\">\n\t\t\t<div class=\"elementor-widget-wrap elementor-element-populated\">\n\t\t\t\t\t\t<div class=\"elementor-element elementor-element-5b0a8bba elementor-position-top elementor-widget elementor-widget-image-box\" data-id=\"5b0a8bba\" data-element_type=\"widget\" data-e-type=\"widget\" data-widget_type=\"image-box.default\">\n\t\t\t\t<div class=\"elementor-widget-container\">\n\t\t\t\t\t<div class=\"elementor-image-box-wrapper\"><figure class=\"elementor-image-box-img\"><img decoding=\"async\" width=\"532\" height=\"760\" src=\"https:\/\/quom-radiator.com\/wp-content\/uploads\/2022\/09\/SIENA-scaldasalviette-verde.jpeg\" class=\"elementor-animation-grow attachment-full size-full wp-image-1324\" alt=\"\" srcset=\"https:\/\/quom-radiator.com\/wp-content\/uploads\/2022\/09\/SIENA-scaldasalviette-verde.jpeg 532w, https:\/\/quom-radiator.com\/wp-content\/uploads\/2022\/09\/SIENA-scaldasalviette-verde-210x300.jpeg 210w\" sizes=\"(max-width: 532px) 100vw, 532px\" \/><\/figure><div class=\"elementor-image-box-content\"><h3 class=\"elementor-image-box-title\">SIENA SCALDA<\/h3><p class=\"elementor-image-box-description\">Un radiateur s\u00e8che-serviettes en forme rectangulaire et claire, qui est appr\u00e9ci\u00e9 pour son design harmonieux et sa vaste palette de couleurs. L\u2019accent est mis sur la sobri\u00e9t\u00e9 et les formes lin\u00e9aires.  Salle de bain, cuisine, salle de fitness, chambre d\u2019h\u00f4te :  Les dimensions pratiques et la bonne puissance de chauffe font de Siena un radiateur polyvalent, qui peut \u00e9galement \u00eatre utilis\u00e9 comme diviseur d\u2019espace.<\/p><\/div><\/div>\t\t\t\t<\/div>\n\t\t\t\t<\/div>\n\t\t\t\t\t<\/div>\n\t\t<\/div>\n\t\t\t\t<div class=\"elementor-column elementor-col-33 elementor-top-column elementor-element elementor-element-6541e814 elementor-invisible\" data-id=\"6541e814\" data-element_type=\"column\" data-e-type=\"column\" data-settings=\"{&quot;animation&quot;:&quot;fadeInRight&quot;,&quot;animation_delay&quot;:1000}\">\n\t\t\t<div class=\"elementor-widget-wrap elementor-element-populated\">\n\t\t\t\t\t\t<div class=\"elementor-element elementor-element-42d1ef44 elementor-position-top elementor-widget elementor-widget-image-box\" data-id=\"42d1ef44\" data-element_type=\"widget\" data-e-type=\"widget\" data-widget_type=\"image-box.default\">\n\t\t\t\t<div class=\"elementor-widget-container\">\n\t\t\t\t\t<div class=\"elementor-image-box-wrapper\"><figure class=\"elementor-image-box-img\"><img decoding=\"async\" width=\"537\" height=\"760\" src=\"https:\/\/quom-radiator.com\/wp-content\/uploads\/2022\/09\/SIENA-SH-SV-ROSSO.jpeg\" class=\"elementor-animation-grow attachment-full size-full wp-image-1328\" alt=\"\" srcset=\"https:\/\/quom-radiator.com\/wp-content\/uploads\/2022\/09\/SIENA-SH-SV-ROSSO.jpeg 537w, https:\/\/quom-radiator.com\/wp-content\/uploads\/2022\/09\/SIENA-SH-SV-ROSSO-212x300.jpeg 212w\" sizes=\"(max-width: 537px) 100vw, 537px\" \/><\/figure><div class=\"elementor-image-box-content\"><h3 class=\"elementor-image-box-title\">SIENA SV<\/h3><p class=\"elementor-image-box-description\">Siena est un radiateur au design moderne et disposant d\u2019une puissance de chauffe excellente pour votre domicile.  Attractif, avec des formes douces et claires, il met en valeur l\u2019am\u00e9nagement de chaque pi\u00e8ce. Les radiateurs Siena permettent une r\u00e9gulation ais\u00e9e de la temp\u00e9rature dans chaque pi\u00e8ce et ainsi d\u2019avantage de confort et d\u2019\u00e9conomies d\u2019\u00e9nergie. Le tube de chauffage, qui est d\u00e9terminant pour la forme de Siena, est quelque peu plus grand que le tube plat habituel, ce qui am\u00e9liore le d\u00e9gagement de chaleur. Pour cette raison, Siena offre une meilleure puissance de chauffe.<\/p><\/div><\/div>\t\t\t\t<\/div>\n\t\t\t\t<\/div>\n\t\t\t\t\t<\/div>\n\t\t<\/div>\n\t\t\t\t\t<\/div>\n\t\t<\/section>\n\t\t\t\t<section class=\"elementor-section elementor-top-section elementor-element elementor-element-423bda2f elementor-section-content-middle elementor-section-boxed elementor-section-height-default elementor-section-height-default\" data-id=\"423bda2f\" data-element_type=\"section\" data-e-type=\"section\">\n\t\t\t\t\t\t<div class=\"elementor-container elementor-column-gap-no\">\n\t\t\t\t\t<div class=\"elementor-column elementor-col-100 elementor-top-column elementor-element elementor-element-273a085c\" data-id=\"273a085c\" data-element_type=\"column\" data-e-type=\"column\">\n\t\t\t<div class=\"elementor-widget-wrap elementor-element-populated\">\n\t\t\t\t\t\t<div class=\"elementor-element elementor-element-1ca26117 elementor-widget elementor-widget-heading\" data-id=\"1ca26117\" data-element_type=\"widget\" data-e-type=\"widget\" data-widget_type=\"heading.default\">\n\t\t\t\t<div class=\"elementor-widget-container\">\n\t\t\t\t\t<h4 class=\"elementor-heading-title elementor-size-default\">T\u00e9l\u00e9chargement des caract\u00e9ristiques techniques<\/h4>\t\t\t\t<\/div>\n\t\t\t\t<\/div>\n\t\t\t\t<div class=\"elementor-element elementor-element-75d56c59 elementor-align-center elementor-invisible elementor-widget elementor-widget-button\" data-id=\"75d56c59\" data-element_type=\"widget\" data-e-type=\"widget\" data-settings=\"{&quot;_animation&quot;:&quot;pulse&quot;}\" data-widget_type=\"button.default\">\n\t\t\t\t<div class=\"elementor-widget-container\">\n\t\t\t\t\t\t\t\t\t<div class=\"elementor-button-wrapper\">\n\t\t\t\t\t<a class=\"elementor-button elementor-button-link elementor-size-sm elementor-animation-grow\" href=\"https:\/\/quom-radiator.comwp-content\/uploads\/2022\/09\/CATALOGO-QUOM-2021-NO-PREZZI.pdf\">\n\t\t\t\t\t\t<span class=\"elementor-button-content-wrapper\">\n\t\t\t\t\t\t<span class=\"elementor-button-icon\">\n\t\t\t\t<i aria-hidden=\"true\" class=\"far fa-file-pdf\"><\/i>\t\t\t<\/span>\n\t\t\t\t\t\t\t\t\t<span class=\"elementor-button-text\">Catalogue des produits<\/span>\n\t\t\t\t\t<\/span>\n\t\t\t\t\t<\/a>\n\t\t\t\t<\/div>\n\t\t\t\t\t\t\t\t<\/div>\n\t\t\t\t<\/div>\n\t\t\t\t\t<\/div>\n\t\t<\/div>\n\t\t\t\t\t<\/div>\n\t\t<\/section>\n\t\t\t\t<section class=\"elementor-section elementor-top-section elementor-element elementor-element-2ae9db10 elementor-section-boxed elementor-section-height-default elementor-section-height-default\" data-id=\"2ae9db10\" data-element_type=\"section\" data-e-type=\"section\">\n\t\t\t\t\t\t<div class=\"elementor-container elementor-column-gap-default\">\n\t\t\t\t\t<div class=\"elementor-column elementor-col-100 elementor-top-column elementor-element elementor-element-4120c2f0\" data-id=\"4120c2f0\" data-element_type=\"column\" data-e-type=\"column\">\n\t\t\t<div class=\"elementor-widget-wrap elementor-element-populated\">\n\t\t\t\t\t\t<div class=\"elementor-element elementor-element-663d1e4e elementor-widget elementor-widget-spacer\" data-id=\"663d1e4e\" data-element_type=\"widget\" data-e-type=\"widget\" data-widget_type=\"spacer.default\">\n\t\t\t\t<div class=\"elementor-widget-container\">\n\t\t\t\t\t\t\t<div class=\"elementor-spacer\">\n\t\t\t<div class=\"elementor-spacer-inner\"><\/div>\n\t\t<\/div>\n\t\t\t\t\t\t<\/div>\n\t\t\t\t<\/div>\n\t\t\t\t\t<\/div>\n\t\t<\/div>\n\t\t\t\t\t<\/div>\n\t\t<\/section>\n\t\t\t\t<section class=\"elementor-section elementor-top-section elementor-element elementor-element-6fff670f elementor-section-content-middle elementor-reverse-mobile elementor-section-boxed elementor-section-height-default elementor-section-height-default\" data-id=\"6fff670f\" data-element_type=\"section\" data-e-type=\"section\" data-settings=\"{&quot;background_background&quot;:&quot;classic&quot;}\">\n\t\t\t\t\t\t<div class=\"elementor-container elementor-column-gap-no\">\n\t\t\t\t\t<div class=\"elementor-column elementor-col-50 elementor-top-column elementor-element elementor-element-62c69f3e\" data-id=\"62c69f3e\" data-element_type=\"column\" data-e-type=\"column\">\n\t\t\t<div class=\"elementor-widget-wrap elementor-element-populated\">\n\t\t\t\t\t\t<div class=\"elementor-element elementor-element-1fff8db6 elementor-widget-divider--view-line_text elementor-widget-divider--element-align-left elementor-widget elementor-widget-divider\" data-id=\"1fff8db6\" data-element_type=\"widget\" data-e-type=\"widget\" data-settings=\"{&quot;motion_fx_motion_fx_scrolling&quot;:&quot;yes&quot;,&quot;motion_fx_translateX_effect&quot;:&quot;yes&quot;,&quot;motion_fx_translateX_speed&quot;:{&quot;unit&quot;:&quot;px&quot;,&quot;size&quot;:&quot;1&quot;,&quot;sizes&quot;:[]},&quot;motion_fx_translateX_affectedRange&quot;:{&quot;unit&quot;:&quot;%&quot;,&quot;size&quot;:&quot;&quot;,&quot;sizes&quot;:{&quot;start&quot;:&quot;0&quot;,&quot;end&quot;:&quot;50&quot;}},&quot;motion_fx_devices&quot;:[&quot;desktop&quot;,&quot;tablet&quot;],&quot;_animation&quot;:&quot;none&quot;}\" data-widget_type=\"divider.default\">\n\t\t\t\t<div class=\"elementor-widget-container\">\n\t\t\t\t\t\t\t<div class=\"elementor-divider\">\n\t\t\t<span class=\"elementor-divider-separator\">\n\t\t\t\t\t\t\t<span class=\"elementor-divider__text elementor-divider__element\">\n\t\t\t\tInt\u00e9ress\u00e9 par nos produits ?\t\t\t\t<\/span>\n\t\t\t\t\t\t<\/span>\n\t\t<\/div>\n\t\t\t\t\t\t<\/div>\n\t\t\t\t<\/div>\n\t\t\t\t<div class=\"elementor-element elementor-element-209ac896 elementor-widget elementor-widget-heading\" data-id=\"209ac896\" data-element_type=\"widget\" data-e-type=\"widget\" data-widget_type=\"heading.default\">\n\t\t\t\t<div class=\"elementor-widget-container\">\n\t\t\t\t\t<h3 class=\"elementor-heading-title elementor-size-default\">nous sommes toujours disponibles <br \/> pour toute autre question<\/h3>\t\t\t\t<\/div>\n\t\t\t\t<\/div>\n\t\t\t\t<div class=\"elementor-element elementor-element-79a95b06 elementor-align-left elementor-widget elementor-widget-button\" data-id=\"79a95b06\" data-element_type=\"widget\" data-e-type=\"widget\" data-widget_type=\"button.default\">\n\t\t\t\t<div class=\"elementor-widget-container\">\n\t\t\t\t\t\t\t\t\t<div class=\"elementor-button-wrapper\">\n\t\t\t\t\t<a class=\"elementor-button elementor-button-link elementor-size-sm\" href=\"https:\/\/quom-radiator.comfr\/contact\/\">\n\t\t\t\t\t\t<span class=\"elementor-button-content-wrapper\">\n\t\t\t\t\t\t\t\t\t<span class=\"elementor-button-text\">Contactez-nous<\/span>\n\t\t\t\t\t<\/span>\n\t\t\t\t\t<\/a>\n\t\t\t\t<\/div>\n\t\t\t\t\t\t\t\t<\/div>\n\t\t\t\t<\/div>\n\t\t\t\t\t<\/div>\n\t\t<\/div>\n\t\t\t\t<div class=\"elementor-column elementor-col-50 elementor-top-column elementor-element elementor-element-68e1c50d\" data-id=\"68e1c50d\" data-element_type=\"column\" data-e-type=\"column\">\n\t\t\t<div class=\"elementor-widget-wrap elementor-element-populated\">\n\t\t\t\t\t\t<div class=\"elementor-element elementor-element-42ea5ac8 animated-slow elementor-invisible elementor-widget elementor-widget-image\" data-id=\"42ea5ac8\" data-element_type=\"widget\" data-e-type=\"widget\" data-settings=\"{&quot;_animation&quot;:&quot;fadeIn&quot;}\" data-widget_type=\"image.default\">\n\t\t\t\t<div class=\"elementor-widget-container\">\n\t\t\t\t\t\t\t\t\t\t\t\t\t\t\t<img loading=\"lazy\" decoding=\"async\" width=\"892\" height=\"470\" src=\"https:\/\/quom-radiator.com\/wp-content\/uploads\/2022\/09\/SIENA-radiator.jpeg\" class=\"attachment-full size-full wp-image-1332\" alt=\"\" srcset=\"https:\/\/quom-radiator.com\/wp-content\/uploads\/2022\/09\/SIENA-radiator.jpeg 892w, https:\/\/quom-radiator.com\/wp-content\/uploads\/2022\/09\/SIENA-radiator-300x158.jpeg 300w, https:\/\/quom-radiator.com\/wp-content\/uploads\/2022\/09\/SIENA-radiator-768x405.jpeg 768w\" sizes=\"(max-width: 892px) 100vw, 892px\" \/>\t\t\t\t\t\t\t\t\t\t\t\t\t\t\t<\/div>\n\t\t\t\t<\/div>\n\t\t\t\t\t<\/div>\n\t\t<\/div>\n\t\t\t\t\t<\/div>\n\t\t<\/section>\n\t\t\t\t<\/div>\n\t\t","protected":false},"excerpt":{"rendered":"<p>SIENA GR CE \u00c0 SA COMBINAISON DE TECHNIQUE ET D&rsquo;ESTH\u00c9TIQUE EXQUISES. LE RADIATEUR SIENA APPORTE UNE TOUCHE DE GLAMOUR \u00c0 CHAQUE ESPACE. SIENA CALORIFERO L\u2019union entre acier et technique en vue de cr\u00e9er harmonie et bien-\u00eatre marque la naissance de Siena, la fusion entre forme, fonction et puissance. Le radiateur Siena permet un r\u00e9glage de [&hellip;]<\/p>\n","protected":false},"author":2,"featured_media":0,"parent":0,"menu_order":0,"comment_status":"closed","ping_status":"closed","template":"","meta":{"_seopress_robots_primary_cat":"","_seopress_titles_title":"","_seopress_titles_desc":"","_seopress_robots_index":"","footnotes":""},"class_list":["post-1611","page","type-page","status-publish","hentry"],"_links":{"self":[{"href":"https:\/\/quom-radiator.com\/fr\/wp-json\/wp\/v2\/pages\/1611","targetHints":{"allow":["GET"]}}],"collection":[{"href":"https:\/\/quom-radiator.com\/fr\/wp-json\/wp\/v2\/pages"}],"about":[{"href":"https:\/\/quom-radiator.com\/fr\/wp-json\/wp\/v2\/types\/page"}],"author":[{"embeddable":true,"href":"https:\/\/quom-radiator.com\/fr\/wp-json\/wp\/v2\/users\/2"}],"replies":[{"embeddable":true,"href":"https:\/\/quom-radiator.com\/fr\/wp-json\/wp\/v2\/comments?post=1611"}],"version-history":[{"count":2,"href":"https:\/\/quom-radiator.com\/fr\/wp-json\/wp\/v2\/pages\/1611\/revisions"}],"predecessor-version":[{"id":1775,"href":"https:\/\/quom-radiator.com\/fr\/wp-json\/wp\/v2\/pages\/1611\/revisions\/1775"}],"wp:attachment":[{"href":"https:\/\/quom-radiator.com\/fr\/wp-json\/wp\/v2\/media?parent=1611"}],"curies":[{"name":"wp","href":"https:\/\/api.w.org\/{rel}","templated":true}]}}