{"id":1619,"date":"2022-09-10T00:22:10","date_gmt":"2022-09-09T22:22:10","guid":{"rendered":"https:\/\/quom-radiator.comformes-speciales\/"},"modified":"2022-09-26T01:35:34","modified_gmt":"2022-09-25T23:35:34","slug":"formes-speciales","status":"publish","type":"page","link":"https:\/\/quom-radiator.com\/fr\/formes-speciales\/","title":{"rendered":"FORMES SP\u00c9CIALES"},"content":{"rendered":"\t\t<div data-elementor-type=\"wp-page\" data-elementor-id=\"1619\" class=\"elementor elementor-1619 elementor-726\" data-elementor-post-type=\"page\">\n\t\t\t\t\t\t<section class=\"elementor-section elementor-top-section elementor-element elementor-element-46abb483 elementor-section-boxed elementor-section-height-default elementor-section-height-default\" data-id=\"46abb483\" data-element_type=\"section\" data-e-type=\"section\">\n\t\t\t\t\t\t<div class=\"elementor-container elementor-column-gap-default\">\n\t\t\t\t\t<div class=\"elementor-column elementor-col-100 elementor-top-column elementor-element elementor-element-58bd266f\" data-id=\"58bd266f\" data-element_type=\"column\" data-e-type=\"column\">\n\t\t\t<div class=\"elementor-widget-wrap elementor-element-populated\">\n\t\t\t\t\t\t<div class=\"elementor-element elementor-element-1520041a elementor-widget-divider--view-line elementor-invisible elementor-widget elementor-widget-divider\" data-id=\"1520041a\" data-element_type=\"widget\" data-e-type=\"widget\" data-settings=\"{&quot;_animation&quot;:&quot;fadeIn&quot;}\" data-widget_type=\"divider.default\">\n\t\t\t\t<div class=\"elementor-widget-container\">\n\t\t\t\t\t\t\t<div class=\"elementor-divider\">\n\t\t\t<span class=\"elementor-divider-separator\">\n\t\t\t\t\t\t<\/span>\n\t\t<\/div>\n\t\t\t\t\t\t<\/div>\n\t\t\t\t<\/div>\n\t\t\t\t\t<\/div>\n\t\t<\/div>\n\t\t\t\t\t<\/div>\n\t\t<\/section>\n\t\t\t\t<section class=\"elementor-section elementor-top-section elementor-element elementor-element-5beede3f elementor-section-full_width elementor-section-height-min-height elementor-section-items-stretch elementor-section-height-default\" data-id=\"5beede3f\" data-element_type=\"section\" data-e-type=\"section\">\n\t\t\t\t\t\t<div class=\"elementor-container elementor-column-gap-default\">\n\t\t\t\t\t<div class=\"elementor-column elementor-col-100 elementor-top-column elementor-element elementor-element-3d52c3b0\" data-id=\"3d52c3b0\" data-element_type=\"column\" data-e-type=\"column\" data-settings=\"{&quot;animation&quot;:&quot;none&quot;}\">\n\t\t\t<div class=\"elementor-widget-wrap elementor-element-populated\">\n\t\t\t\t\t\t<div class=\"elementor-element elementor-element-2081a65d elementor-invisible elementor-widget elementor-widget-heading\" data-id=\"2081a65d\" data-element_type=\"widget\" data-e-type=\"widget\" data-settings=\"{&quot;_animation&quot;:&quot;fadeIn&quot;}\" data-widget_type=\"heading.default\">\n\t\t\t\t<div class=\"elementor-widget-container\">\n\t\t\t\t\t<h2 class=\"elementor-heading-title elementor-size-default\">FORMES SP\u00c9CIALES<\/h2>\t\t\t\t<\/div>\n\t\t\t\t<\/div>\n\t\t\t\t<div class=\"elementor-element elementor-element-6ca0e570 elementor-invisible elementor-widget elementor-widget-text-editor\" data-id=\"6ca0e570\" data-element_type=\"widget\" data-e-type=\"widget\" data-settings=\"{&quot;_animation&quot;:&quot;fadeInRight&quot;}\" data-widget_type=\"text-editor.default\">\n\t\t\t\t<div class=\"elementor-widget-container\">\n\t\t\t\t\t\t\t\t\t<p>Un d\u00e9tail magnifique pour chaque salle de bain et cuisine, des radiateurs s\u00e8che-serviettes d\u00e9coratifs, auxquels on peut \u00e9galement accrocher des peignoirs. Le porte-manteaux chauffant DNA, qui relie la valeur esth\u00e9tique au confort chaleureux, transforme l\u2019objet en \u0153uvre d\u2019art.<\/p>\n\t\t\t\t\t\t\t\t<\/div>\n\t\t\t\t<\/div>\n\t\t\t\t\t<\/div>\n\t\t<\/div>\n\t\t\t\t\t<\/div>\n\t\t<\/section>\n\t\t\t\t<section class=\"elementor-section elementor-top-section elementor-element elementor-element-7795abf8 animated-slow elementor-section-boxed elementor-section-height-default elementor-section-height-default elementor-invisible\" data-id=\"7795abf8\" data-element_type=\"section\" data-e-type=\"section\" data-settings=\"{&quot;animation&quot;:&quot;fadeIn&quot;}\">\n\t\t\t\t\t\t<div class=\"elementor-container elementor-column-gap-custom\">\n\t\t\t\t\t<div class=\"elementor-column elementor-col-33 elementor-top-column elementor-element elementor-element-72b4e05 elementor-invisible\" data-id=\"72b4e05\" data-element_type=\"column\" data-e-type=\"column\" data-settings=\"{&quot;animation&quot;:&quot;fadeInLeft&quot;,&quot;animation_delay&quot;:1000}\">\n\t\t\t<div class=\"elementor-widget-wrap elementor-element-populated\">\n\t\t\t\t\t\t<div class=\"elementor-element elementor-element-5e181615 elementor-position-top elementor-widget elementor-widget-image-box\" data-id=\"5e181615\" data-element_type=\"widget\" data-e-type=\"widget\" data-widget_type=\"image-box.default\">\n\t\t\t\t<div class=\"elementor-widget-container\">\n\t\t\t\t\t<div class=\"elementor-image-box-wrapper\"><figure class=\"elementor-image-box-img\"><a href=\"#\" target=\"_blank\" tabindex=\"-1\"><img fetchpriority=\"high\" decoding=\"async\" width=\"537\" height=\"760\" src=\"https:\/\/quom-radiator.com\/wp-content\/uploads\/2022\/09\/BELLATRIX-AMBIENT.jpeg\" class=\"elementor-animation-grow attachment-full size-full wp-image-1376\" alt=\"\" srcset=\"https:\/\/quom-radiator.com\/wp-content\/uploads\/2022\/09\/BELLATRIX-AMBIENT.jpeg 537w, https:\/\/quom-radiator.com\/wp-content\/uploads\/2022\/09\/BELLATRIX-AMBIENT-212x300.jpeg 212w\" sizes=\"(max-width: 537px) 100vw, 537px\" \/><\/a><\/figure><div class=\"elementor-image-box-content\"><h3 class=\"elementor-image-box-title\"><a href=\"#\" target=\"_blank\">BELLATRIX<\/a><\/h3><p class=\"elementor-image-box-description\">Un magnifique d\u00e9tail pour chaque salle de bain et chaque cuisine. Le design de ce mod\u00e8le harmonieux est le prototype auquel le consommateur se souvient actuellement - une nouvelle culture d\u2019am\u00e9nagement pour chauffages. Bellatrix est un radiateur \u00e0 forme innovatrice, harmonieuse aux coins arrondis. Un am\u00e9nagement \u00e9l\u00e9gant pour tous les espaces, pour lesquels l\u2019esth\u00e9tique rev\u00eat une importance particuli\u00e8re. BELLATRIX est disponible en version chrom\u00e9e ou peinte en blanc.<\/p><\/div><\/div>\t\t\t\t<\/div>\n\t\t\t\t<\/div>\n\t\t\t\t\t<\/div>\n\t\t<\/div>\n\t\t\t\t<div class=\"elementor-column elementor-col-33 elementor-top-column elementor-element elementor-element-37cc847f elementor-invisible\" data-id=\"37cc847f\" data-element_type=\"column\" data-e-type=\"column\" data-settings=\"{&quot;animation&quot;:&quot;fadeIn&quot;,&quot;animation_delay&quot;:1000}\">\n\t\t\t<div class=\"elementor-widget-wrap elementor-element-populated\">\n\t\t\t\t\t\t<div class=\"elementor-element elementor-element-7b3a65d8 elementor-position-top elementor-widget elementor-widget-image-box\" data-id=\"7b3a65d8\" data-element_type=\"widget\" data-e-type=\"widget\" data-widget_type=\"image-box.default\">\n\t\t\t\t<div class=\"elementor-widget-container\">\n\t\t\t\t\t<div class=\"elementor-image-box-wrapper\"><figure class=\"elementor-image-box-img\"><img decoding=\"async\" width=\"532\" height=\"760\" src=\"https:\/\/quom-radiator.com\/wp-content\/uploads\/2022\/09\/SPICA-AMBIENT.jpeg\" class=\"elementor-animation-grow attachment-full size-full wp-image-1380\" alt=\"\" srcset=\"https:\/\/quom-radiator.com\/wp-content\/uploads\/2022\/09\/SPICA-AMBIENT.jpeg 532w, https:\/\/quom-radiator.com\/wp-content\/uploads\/2022\/09\/SPICA-AMBIENT-210x300.jpeg 210w\" sizes=\"(max-width: 532px) 100vw, 532px\" \/><\/figure><div class=\"elementor-image-box-content\"><h3 class=\"elementor-image-box-title\">SPICA<\/h3><p class=\"elementor-image-box-description\">Le jeu cr\u00e9atif avec de nouvelles formes retrouve sa forme d\u2019origine et d\u00e9corative dans le mod\u00e8le SPICA. La place pour les serviettes et le linge offre une fonctionnalit\u00e9 encore plus accrue. En tant que combinaison entre beaut\u00e9 et utilit\u00e9, Spica devient le radiateur s\u00e8che-serviettes d\u00e9coratif par excellence, auquel on peut \u00e9galement accrocher ses peignoirs. SPICA est disponible en version chrom\u00e9e ou peinte en blanc.<\/p><\/div><\/div>\t\t\t\t<\/div>\n\t\t\t\t<\/div>\n\t\t\t\t\t<\/div>\n\t\t<\/div>\n\t\t\t\t<div class=\"elementor-column elementor-col-33 elementor-top-column elementor-element elementor-element-400d17c7 elementor-invisible\" data-id=\"400d17c7\" data-element_type=\"column\" data-e-type=\"column\" data-settings=\"{&quot;animation&quot;:&quot;fadeInRight&quot;,&quot;animation_delay&quot;:1000}\">\n\t\t\t<div class=\"elementor-widget-wrap elementor-element-populated\">\n\t\t\t\t\t\t<div class=\"elementor-element elementor-element-592c7255 elementor-position-top elementor-widget elementor-widget-image-box\" data-id=\"592c7255\" data-element_type=\"widget\" data-e-type=\"widget\" data-widget_type=\"image-box.default\">\n\t\t\t\t<div class=\"elementor-widget-container\">\n\t\t\t\t\t<div class=\"elementor-image-box-wrapper\"><figure class=\"elementor-image-box-img\"><img decoding=\"async\" width=\"537\" height=\"760\" src=\"https:\/\/quom-radiator.com\/wp-content\/uploads\/2022\/09\/DNA-AMBIENT.jpeg\" class=\"elementor-animation-grow attachment-full size-full wp-image-1384\" alt=\"\" srcset=\"https:\/\/quom-radiator.com\/wp-content\/uploads\/2022\/09\/DNA-AMBIENT.jpeg 537w, https:\/\/quom-radiator.com\/wp-content\/uploads\/2022\/09\/DNA-AMBIENT-212x300.jpeg 212w\" sizes=\"(max-width: 537px) 100vw, 537px\" \/><\/figure><div class=\"elementor-image-box-content\"><h3 class=\"elementor-image-box-title\">DNA<\/h3><p class=\"elementor-image-box-description\">Le porte-manteaux chauffant DNA, qui relie la valeur esth\u00e9tique au confort chaleureux, transforme l\u2019objet en \u0153uvre d\u2019art. Le porte-manteaux chauffant original et extravagant DNA est une pi\u00e8ce de mobilier magnifique, qui cr\u00e9e un nouvel espace dans votre domicile. DNA est compos\u00e9 d'une r\u00e9sistance de chauffage et chauffe les pi\u00e8ces quand le chauffage central est \u00e9teint. L\u2019\u00e9l\u00e9gance et un confort chaleureux s\u2019y unissent.<\/p><\/div><\/div>\t\t\t\t<\/div>\n\t\t\t\t<\/div>\n\t\t\t\t\t<\/div>\n\t\t<\/div>\n\t\t\t\t\t<\/div>\n\t\t<\/section>\n\t\t\t\t<section class=\"elementor-section elementor-top-section elementor-element elementor-element-8b7c2c6 animated-slow elementor-section-boxed elementor-section-height-default elementor-section-height-default elementor-invisible\" data-id=\"8b7c2c6\" data-element_type=\"section\" data-e-type=\"section\" data-settings=\"{&quot;animation&quot;:&quot;fadeIn&quot;}\">\n\t\t\t\t\t\t<div class=\"elementor-container elementor-column-gap-custom\">\n\t\t\t\t\t<div class=\"elementor-column elementor-col-33 elementor-top-column elementor-element elementor-element-b374f68 elementor-invisible\" data-id=\"b374f68\" data-element_type=\"column\" data-e-type=\"column\" data-settings=\"{&quot;animation&quot;:&quot;fadeInLeft&quot;,&quot;animation_delay&quot;:1000}\">\n\t\t\t<div class=\"elementor-widget-wrap elementor-element-populated\">\n\t\t\t\t\t\t<div class=\"elementor-element elementor-element-fb8be58 elementor-position-top elementor-widget elementor-widget-image-box\" data-id=\"fb8be58\" data-element_type=\"widget\" data-e-type=\"widget\" data-widget_type=\"image-box.default\">\n\t\t\t\t<div class=\"elementor-widget-container\">\n\t\t\t\t\t<div class=\"elementor-image-box-wrapper\"><figure class=\"elementor-image-box-img\"><a href=\"#\" target=\"_blank\" tabindex=\"-1\"><img loading=\"lazy\" decoding=\"async\" width=\"532\" height=\"760\" src=\"https:\/\/quom-radiator.com\/wp-content\/uploads\/2022\/09\/GAYA-radiator.jpeg\" class=\"elementor-animation-grow attachment-full size-full wp-image-1388\" alt=\"\" srcset=\"https:\/\/quom-radiator.com\/wp-content\/uploads\/2022\/09\/GAYA-radiator.jpeg 532w, https:\/\/quom-radiator.com\/wp-content\/uploads\/2022\/09\/GAYA-radiator-210x300.jpeg 210w\" sizes=\"(max-width: 532px) 100vw, 532px\" \/><\/a><\/figure><div class=\"elementor-image-box-content\"><h3 class=\"elementor-image-box-title\"><a href=\"#\" target=\"_blank\">GAYA<\/a><\/h3><p class=\"elementor-image-box-description\">Gaya rassemble design et concept de chaleur. Le porte-manteaux chauffant Gaya convainc de par ses d\u00e9tails et est une v\u00e9ritable pi\u00e8ce de mobilier, sous maintien de sa fonction. La forme originale permet d\u2019y accrocher divers objets : un cintre, un parapluie, un sac, un manteau. Gr\u00e2ce \u00e0 la r\u00e9sistance de chauffage int\u00e9gr\u00e9e, il atteint la temp\u00e9rature optimale pour chaque pi\u00e8ce en un tour de main, en fonction des pr\u00e9f\u00e9rences personnelles, et constitue avec cela une r\u00e9elle \u00e9conomie d\u2019\u00e9nergie.<\/p><\/div><\/div>\t\t\t\t<\/div>\n\t\t\t\t<\/div>\n\t\t\t\t\t<\/div>\n\t\t<\/div>\n\t\t\t\t<div class=\"elementor-column elementor-col-33 elementor-top-column elementor-element elementor-element-29f35ac elementor-invisible\" data-id=\"29f35ac\" data-element_type=\"column\" data-e-type=\"column\" data-settings=\"{&quot;animation&quot;:&quot;fadeIn&quot;,&quot;animation_delay&quot;:1000}\">\n\t\t\t<div class=\"elementor-widget-wrap elementor-element-populated\">\n\t\t\t\t\t\t<div class=\"elementor-element elementor-element-443e6f2 elementor-position-top elementor-invisible elementor-widget elementor-widget-image-box\" data-id=\"443e6f2\" data-element_type=\"widget\" data-e-type=\"widget\" data-settings=\"{&quot;_animation&quot;:&quot;fadeIn&quot;}\" data-widget_type=\"image-box.default\">\n\t\t\t\t<div class=\"elementor-widget-container\">\n\t\t\t\t\t<div class=\"elementor-image-box-wrapper\"><figure class=\"elementor-image-box-img\"><img loading=\"lazy\" decoding=\"async\" width=\"535\" height=\"760\" src=\"https:\/\/quom-radiator.com\/wp-content\/uploads\/2022\/09\/ROYAL-radiator.jpeg\" class=\"elementor-animation-grow attachment-full size-full wp-image-1392\" alt=\"\" srcset=\"https:\/\/quom-radiator.com\/wp-content\/uploads\/2022\/09\/ROYAL-radiator.jpeg 535w, https:\/\/quom-radiator.com\/wp-content\/uploads\/2022\/09\/ROYAL-radiator-211x300.jpeg 211w\" sizes=\"(max-width: 535px) 100vw, 535px\" \/><\/figure><div class=\"elementor-image-box-content\"><h3 class=\"elementor-image-box-title\">ROYAL<\/h3><p class=\"elementor-image-box-description\">Le porte-manteaux chauffant Royal en style classique a \u00e9t\u00e9 d\u00e9velopp\u00e9 pour rayonner de la chaleur et de l\u2019\u00e9l\u00e9gance. La chaleur dans sa plus belle forme. Royal est un porte-manteaux chauffant avec r\u00e9sistance de chauffage int\u00e9gr\u00e9e. Unique de par son design r\u00e9tro compl\u00e8tement fabriqu\u00e9 en m\u00e9tal, avec porte-parapluie et quatre grands crochets, ce porte-manteaux est une pi\u00e8ce \u00e9l\u00e9gante et simple, qui trouve sa place dans n\u2019importe quelle pi\u00e8ce. L'aspect antique de ce produit apporte \u00e0 votre domicile la sensation de toujours pouvoir plonger dans le pass\u00e9 quand l\u2019envie vous prend.<\/p><\/div><\/div>\t\t\t\t<\/div>\n\t\t\t\t<\/div>\n\t\t\t\t\t<\/div>\n\t\t<\/div>\n\t\t\t\t<div class=\"elementor-column elementor-col-33 elementor-top-column elementor-element elementor-element-5a515c6 elementor-invisible\" data-id=\"5a515c6\" data-element_type=\"column\" data-e-type=\"column\" data-settings=\"{&quot;animation&quot;:&quot;fadeInRight&quot;,&quot;animation_delay&quot;:1000}\">\n\t\t\t<div class=\"elementor-widget-wrap\">\n\t\t\t\t\t\t\t<\/div>\n\t\t<\/div>\n\t\t\t\t\t<\/div>\n\t\t<\/section>\n\t\t\t\t<section class=\"elementor-section elementor-top-section elementor-element elementor-element-248a2fef elementor-section-content-middle elementor-section-boxed elementor-section-height-default elementor-section-height-default\" data-id=\"248a2fef\" data-element_type=\"section\" data-e-type=\"section\">\n\t\t\t\t\t\t<div class=\"elementor-container elementor-column-gap-no\">\n\t\t\t\t\t<div class=\"elementor-column elementor-col-100 elementor-top-column elementor-element elementor-element-5ac2ba0a\" data-id=\"5ac2ba0a\" data-element_type=\"column\" data-e-type=\"column\">\n\t\t\t<div class=\"elementor-widget-wrap elementor-element-populated\">\n\t\t\t\t\t\t<div class=\"elementor-element elementor-element-1b11f630 elementor-widget elementor-widget-heading\" data-id=\"1b11f630\" data-element_type=\"widget\" data-e-type=\"widget\" data-widget_type=\"heading.default\">\n\t\t\t\t<div class=\"elementor-widget-container\">\n\t\t\t\t\t<h4 class=\"elementor-heading-title elementor-size-default\">T\u00e9l\u00e9chargement des caract\u00e9ristiques techniques<\/h4>\t\t\t\t<\/div>\n\t\t\t\t<\/div>\n\t\t\t\t<div class=\"elementor-element elementor-element-35e9dfb1 elementor-align-center elementor-invisible elementor-widget elementor-widget-button\" data-id=\"35e9dfb1\" data-element_type=\"widget\" data-e-type=\"widget\" data-settings=\"{&quot;_animation&quot;:&quot;pulse&quot;}\" data-widget_type=\"button.default\">\n\t\t\t\t<div class=\"elementor-widget-container\">\n\t\t\t\t\t\t\t\t\t<div class=\"elementor-button-wrapper\">\n\t\t\t\t\t<a class=\"elementor-button elementor-button-link elementor-size-sm elementor-animation-grow\" href=\"https:\/\/quom-radiator.comwp-content\/uploads\/2022\/09\/CATALOGO-QUOM-2021-NO-PREZZI.pdf\">\n\t\t\t\t\t\t<span class=\"elementor-button-content-wrapper\">\n\t\t\t\t\t\t<span class=\"elementor-button-icon\">\n\t\t\t\t<i aria-hidden=\"true\" class=\"far fa-file-pdf\"><\/i>\t\t\t<\/span>\n\t\t\t\t\t\t\t\t\t<span class=\"elementor-button-text\">Catalogue des produits<\/span>\n\t\t\t\t\t<\/span>\n\t\t\t\t\t<\/a>\n\t\t\t\t<\/div>\n\t\t\t\t\t\t\t\t<\/div>\n\t\t\t\t<\/div>\n\t\t\t\t\t<\/div>\n\t\t<\/div>\n\t\t\t\t\t<\/div>\n\t\t<\/section>\n\t\t\t\t<section class=\"elementor-section elementor-top-section elementor-element elementor-element-1573e96 elementor-section-boxed elementor-section-height-default elementor-section-height-default\" data-id=\"1573e96\" data-element_type=\"section\" data-e-type=\"section\">\n\t\t\t\t\t\t<div class=\"elementor-container elementor-column-gap-default\">\n\t\t\t\t\t<div class=\"elementor-column elementor-col-100 elementor-top-column elementor-element elementor-element-63027021\" data-id=\"63027021\" data-element_type=\"column\" data-e-type=\"column\">\n\t\t\t<div class=\"elementor-widget-wrap elementor-element-populated\">\n\t\t\t\t\t\t<div class=\"elementor-element elementor-element-4fe945cc elementor-widget elementor-widget-spacer\" data-id=\"4fe945cc\" data-element_type=\"widget\" data-e-type=\"widget\" data-widget_type=\"spacer.default\">\n\t\t\t\t<div class=\"elementor-widget-container\">\n\t\t\t\t\t\t\t<div class=\"elementor-spacer\">\n\t\t\t<div class=\"elementor-spacer-inner\"><\/div>\n\t\t<\/div>\n\t\t\t\t\t\t<\/div>\n\t\t\t\t<\/div>\n\t\t\t\t\t<\/div>\n\t\t<\/div>\n\t\t\t\t\t<\/div>\n\t\t<\/section>\n\t\t\t\t<section class=\"elementor-section elementor-top-section elementor-element elementor-element-6c87b3f2 elementor-section-content-middle elementor-reverse-mobile elementor-section-boxed elementor-section-height-default elementor-section-height-default\" data-id=\"6c87b3f2\" data-element_type=\"section\" data-e-type=\"section\" data-settings=\"{&quot;background_background&quot;:&quot;classic&quot;}\">\n\t\t\t\t\t\t<div class=\"elementor-container elementor-column-gap-no\">\n\t\t\t\t\t<div class=\"elementor-column elementor-col-50 elementor-top-column elementor-element elementor-element-73fcf717\" data-id=\"73fcf717\" data-element_type=\"column\" data-e-type=\"column\">\n\t\t\t<div class=\"elementor-widget-wrap elementor-element-populated\">\n\t\t\t\t\t\t<div class=\"elementor-element elementor-element-36832a14 elementor-widget-divider--view-line_text elementor-widget-divider--element-align-left elementor-widget elementor-widget-divider\" data-id=\"36832a14\" data-element_type=\"widget\" data-e-type=\"widget\" data-settings=\"{&quot;motion_fx_motion_fx_scrolling&quot;:&quot;yes&quot;,&quot;motion_fx_translateX_effect&quot;:&quot;yes&quot;,&quot;motion_fx_translateX_speed&quot;:{&quot;unit&quot;:&quot;px&quot;,&quot;size&quot;:&quot;1&quot;,&quot;sizes&quot;:[]},&quot;motion_fx_translateX_affectedRange&quot;:{&quot;unit&quot;:&quot;%&quot;,&quot;size&quot;:&quot;&quot;,&quot;sizes&quot;:{&quot;start&quot;:&quot;0&quot;,&quot;end&quot;:&quot;50&quot;}},&quot;motion_fx_devices&quot;:[&quot;desktop&quot;,&quot;tablet&quot;],&quot;_animation&quot;:&quot;none&quot;}\" data-widget_type=\"divider.default\">\n\t\t\t\t<div class=\"elementor-widget-container\">\n\t\t\t\t\t\t\t<div class=\"elementor-divider\">\n\t\t\t<span class=\"elementor-divider-separator\">\n\t\t\t\t\t\t\t<span class=\"elementor-divider__text elementor-divider__element\">\n\t\t\t\tInt\u00e9ress\u00e9 par nos produits ?\t\t\t\t<\/span>\n\t\t\t\t\t\t<\/span>\n\t\t<\/div>\n\t\t\t\t\t\t<\/div>\n\t\t\t\t<\/div>\n\t\t\t\t<div class=\"elementor-element elementor-element-724ba537 elementor-widget elementor-widget-heading\" data-id=\"724ba537\" data-element_type=\"widget\" data-e-type=\"widget\" data-widget_type=\"heading.default\">\n\t\t\t\t<div class=\"elementor-widget-container\">\n\t\t\t\t\t<h3 class=\"elementor-heading-title elementor-size-default\">nous sommes toujours disponibles <br \/> pour toute autre question<\/h3>\t\t\t\t<\/div>\n\t\t\t\t<\/div>\n\t\t\t\t<div class=\"elementor-element elementor-element-381829c elementor-align-left elementor-widget elementor-widget-button\" data-id=\"381829c\" data-element_type=\"widget\" data-e-type=\"widget\" data-widget_type=\"button.default\">\n\t\t\t\t<div class=\"elementor-widget-container\">\n\t\t\t\t\t\t\t\t\t<div class=\"elementor-button-wrapper\">\n\t\t\t\t\t<a class=\"elementor-button elementor-button-link elementor-size-sm\" href=\"https:\/\/quom-radiator.comfr\/contact\/\">\n\t\t\t\t\t\t<span class=\"elementor-button-content-wrapper\">\n\t\t\t\t\t\t\t\t\t<span class=\"elementor-button-text\">Contactez-nous<\/span>\n\t\t\t\t\t<\/span>\n\t\t\t\t\t<\/a>\n\t\t\t\t<\/div>\n\t\t\t\t\t\t\t\t<\/div>\n\t\t\t\t<\/div>\n\t\t\t\t\t<\/div>\n\t\t<\/div>\n\t\t\t\t<div class=\"elementor-column elementor-col-50 elementor-top-column elementor-element elementor-element-50f76432\" data-id=\"50f76432\" data-element_type=\"column\" data-e-type=\"column\">\n\t\t\t<div class=\"elementor-widget-wrap elementor-element-populated\">\n\t\t\t\t\t\t<div class=\"elementor-element elementor-element-563e6f31 animated-slow elementor-invisible elementor-widget elementor-widget-image\" data-id=\"563e6f31\" data-element_type=\"widget\" data-e-type=\"widget\" data-settings=\"{&quot;_animation&quot;:&quot;fadeIn&quot;}\" data-widget_type=\"image.default\">\n\t\t\t\t<div class=\"elementor-widget-container\">\n\t\t\t\t\t\t\t\t\t\t\t\t\t\t\t<img loading=\"lazy\" decoding=\"async\" width=\"890\" height=\"470\" src=\"https:\/\/quom-radiator.com\/wp-content\/uploads\/2022\/09\/radiator-BELLATRIX.jpeg\" class=\"attachment-full size-full wp-image-1396\" alt=\"\" srcset=\"https:\/\/quom-radiator.com\/wp-content\/uploads\/2022\/09\/radiator-BELLATRIX.jpeg 890w, https:\/\/quom-radiator.com\/wp-content\/uploads\/2022\/09\/radiator-BELLATRIX-300x158.jpeg 300w, https:\/\/quom-radiator.com\/wp-content\/uploads\/2022\/09\/radiator-BELLATRIX-768x406.jpeg 768w\" sizes=\"(max-width: 890px) 100vw, 890px\" \/>\t\t\t\t\t\t\t\t\t\t\t\t\t\t\t<\/div>\n\t\t\t\t<\/div>\n\t\t\t\t\t<\/div>\n\t\t<\/div>\n\t\t\t\t\t<\/div>\n\t\t<\/section>\n\t\t\t\t<\/div>\n\t\t","protected":false},"excerpt":{"rendered":"<p>FORMES SP\u00c9CIALES Un d\u00e9tail magnifique pour chaque salle de bain et cuisine, des radiateurs s\u00e8che-serviettes d\u00e9coratifs, auxquels on peut \u00e9galement accrocher des peignoirs. Le porte-manteaux chauffant DNA, qui relie la valeur esth\u00e9tique au confort chaleureux, transforme l\u2019objet en \u0153uvre d\u2019art. BELLATRIX Un magnifique d\u00e9tail pour chaque salle de bain et chaque cuisine. Le design de [&hellip;]<\/p>\n","protected":false},"author":2,"featured_media":0,"parent":0,"menu_order":0,"comment_status":"closed","ping_status":"closed","template":"","meta":{"_seopress_robots_primary_cat":"","_seopress_titles_title":"","_seopress_titles_desc":"","_seopress_robots_index":"","footnotes":""},"class_list":["post-1619","page","type-page","status-publish","hentry"],"_links":{"self":[{"href":"https:\/\/quom-radiator.com\/fr\/wp-json\/wp\/v2\/pages\/1619","targetHints":{"allow":["GET"]}}],"collection":[{"href":"https:\/\/quom-radiator.com\/fr\/wp-json\/wp\/v2\/pages"}],"about":[{"href":"https:\/\/quom-radiator.com\/fr\/wp-json\/wp\/v2\/types\/page"}],"author":[{"embeddable":true,"href":"https:\/\/quom-radiator.com\/fr\/wp-json\/wp\/v2\/users\/2"}],"replies":[{"embeddable":true,"href":"https:\/\/quom-radiator.com\/fr\/wp-json\/wp\/v2\/comments?post=1619"}],"version-history":[{"count":2,"href":"https:\/\/quom-radiator.com\/fr\/wp-json\/wp\/v2\/pages\/1619\/revisions"}],"predecessor-version":[{"id":1780,"href":"https:\/\/quom-radiator.com\/fr\/wp-json\/wp\/v2\/pages\/1619\/revisions\/1780"}],"wp:attachment":[{"href":"https:\/\/quom-radiator.com\/fr\/wp-json\/wp\/v2\/media?parent=1619"}],"curies":[{"name":"wp","href":"https:\/\/api.w.org\/{rel}","templated":true}]}}