{"id":1633,"date":"2022-09-06T14:41:39","date_gmt":"2022-09-06T12:41:39","guid":{"rendered":"https:\/\/quom-radiator.compourquoi-quom\/"},"modified":"2022-09-25T23:20:22","modified_gmt":"2022-09-25T21:20:22","slug":"pourquoi-quom","status":"publish","type":"page","link":"https:\/\/quom-radiator.com\/fr\/pourquoi-quom\/","title":{"rendered":"Pourquoi QUOM"},"content":{"rendered":"\t\t<div data-elementor-type=\"wp-page\" data-elementor-id=\"1633\" class=\"elementor elementor-1633 elementor-345\" data-elementor-post-type=\"page\">\n\t\t\t\t\t\t<section class=\"elementor-section elementor-top-section elementor-element elementor-element-9fb35c4 elementor-section-full_width elementor-section-height-default elementor-section-height-default\" data-id=\"9fb35c4\" data-element_type=\"section\" data-e-type=\"section\">\n\t\t\t\t\t\t<div class=\"elementor-container elementor-column-gap-default\">\n\t\t\t\t\t<div class=\"elementor-column elementor-col-100 elementor-top-column elementor-element elementor-element-6126427\" data-id=\"6126427\" data-element_type=\"column\" data-e-type=\"column\">\n\t\t\t<div class=\"elementor-widget-wrap elementor-element-populated\">\n\t\t\t\t\t\t<div class=\"elementor-element elementor-element-5c6cc54 elementor-invisible elementor-widget elementor-widget-heading\" data-id=\"5c6cc54\" data-element_type=\"widget\" data-e-type=\"widget\" data-settings=\"{&quot;_animation&quot;:&quot;fadeIn&quot;}\" data-widget_type=\"heading.default\">\n\t\t\t\t<div class=\"elementor-widget-container\">\n\t\t\t\t\t<h1 class=\"elementor-heading-title elementor-size-default\">LA QUALIT\u00c9 LA PLUS \u00c9LEV\u00c9E<br> <b>EST GARANTIE.<\/b><\/h1>\t\t\t\t<\/div>\n\t\t\t\t<\/div>\n\t\t\t\t\t<\/div>\n\t\t<\/div>\n\t\t\t\t\t<\/div>\n\t\t<\/section>\n\t\t\t\t<section class=\"elementor-section elementor-top-section elementor-element elementor-element-44c1929 elementor-section-boxed elementor-section-height-default elementor-section-height-default\" data-id=\"44c1929\" data-element_type=\"section\" data-e-type=\"section\">\n\t\t\t\t\t\t<div class=\"elementor-container elementor-column-gap-default\">\n\t\t\t\t\t<div class=\"elementor-column elementor-col-100 elementor-top-column elementor-element elementor-element-9dc3b92\" data-id=\"9dc3b92\" data-element_type=\"column\" data-e-type=\"column\">\n\t\t\t<div class=\"elementor-widget-wrap elementor-element-populated\">\n\t\t\t\t\t\t<div class=\"elementor-element elementor-element-a299c0f elementor-widget-divider--view-line elementor-invisible elementor-widget elementor-widget-divider\" data-id=\"a299c0f\" data-element_type=\"widget\" data-e-type=\"widget\" data-settings=\"{&quot;_animation&quot;:&quot;fadeInLeft&quot;}\" data-widget_type=\"divider.default\">\n\t\t\t\t<div class=\"elementor-widget-container\">\n\t\t\t\t\t\t\t<div class=\"elementor-divider\">\n\t\t\t<span class=\"elementor-divider-separator\">\n\t\t\t\t\t\t<\/span>\n\t\t<\/div>\n\t\t\t\t\t\t<\/div>\n\t\t\t\t<\/div>\n\t\t\t\t\t<\/div>\n\t\t<\/div>\n\t\t\t\t\t<\/div>\n\t\t<\/section>\n\t\t\t\t<section class=\"elementor-section elementor-top-section elementor-element elementor-element-dbcb11d elementor-section-content-middle elementor-section-boxed elementor-section-height-default elementor-section-height-default elementor-invisible\" data-id=\"dbcb11d\" data-element_type=\"section\" data-e-type=\"section\" data-settings=\"{&quot;animation&quot;:&quot;fadeIn&quot;}\">\n\t\t\t\t\t\t<div class=\"elementor-container elementor-column-gap-no\">\n\t\t\t\t\t<div class=\"elementor-column elementor-col-100 elementor-top-column elementor-element elementor-element-231e748f\" data-id=\"231e748f\" data-element_type=\"column\" data-e-type=\"column\">\n\t\t\t<div class=\"elementor-widget-wrap elementor-element-populated\">\n\t\t\t\t\t\t<div class=\"elementor-element elementor-element-227210d3 elementor-widget elementor-widget-image\" data-id=\"227210d3\" data-element_type=\"widget\" data-e-type=\"widget\" data-widget_type=\"image.default\">\n\t\t\t\t<div class=\"elementor-widget-container\">\n\t\t\t\t\t\t\t\t\t\t\t\t\t\t\t<img fetchpriority=\"high\" decoding=\"async\" width=\"1270\" height=\"711\" src=\"https:\/\/quom-radiator.com\/wp-content\/uploads\/2022\/09\/quom-radiator-quality.png\" class=\"attachment-full size-full wp-image-1248\" alt=\"\" srcset=\"https:\/\/quom-radiator.com\/wp-content\/uploads\/2022\/09\/quom-radiator-quality.png 1270w, https:\/\/quom-radiator.com\/wp-content\/uploads\/2022\/09\/quom-radiator-quality-300x168.png 300w, https:\/\/quom-radiator.com\/wp-content\/uploads\/2022\/09\/quom-radiator-quality-1024x573.png 1024w, https:\/\/quom-radiator.com\/wp-content\/uploads\/2022\/09\/quom-radiator-quality-768x430.png 768w\" sizes=\"(max-width: 1270px) 100vw, 1270px\" \/>\t\t\t\t\t\t\t\t\t\t\t\t\t\t\t<\/div>\n\t\t\t\t<\/div>\n\t\t\t\t<div class=\"elementor-element elementor-element-4a4854e3 elementor-widget elementor-widget-text-editor\" data-id=\"4a4854e3\" data-element_type=\"widget\" data-e-type=\"widget\" data-widget_type=\"text-editor.default\">\n\t\t\t\t<div class=\"elementor-widget-container\">\n\t\t\t\t\t\t\t\t\t<p>LA QUALIT\u00c9 LA PLUS \u00c9LEV\u00c9E EST GARANTIE PAR LE CARACT\u00c8RE ITALIEN DU PRODUIT, QUI, DE LA MATI\u00c8RE PREMI\u00c8RE, EN PASSANT PAR LES DIFF\u00c9RENTS COMPOSANTS, JUSQU\u2019AU TRAITEMENT, DEVIENT UN RADIATEUR R\u00c9CHAUFFANT DE LA PLUS HAUTE QUALIT\u00c9.<\/p>\n\t\t\t\t\t\t\t\t<\/div>\n\t\t\t\t<\/div>\n\t\t\t\t<section class=\"elementor-section elementor-inner-section elementor-element elementor-element-260eab4c elementor-section-boxed elementor-section-height-default elementor-section-height-default\" data-id=\"260eab4c\" data-element_type=\"section\" data-e-type=\"section\">\n\t\t\t\t\t\t<div class=\"elementor-container elementor-column-gap-default\">\n\t\t\t\t\t<div class=\"elementor-column elementor-col-50 elementor-inner-column elementor-element elementor-element-4633aa42\" data-id=\"4633aa42\" data-element_type=\"column\" data-e-type=\"column\">\n\t\t\t<div class=\"elementor-widget-wrap elementor-element-populated\">\n\t\t\t\t\t\t<div class=\"elementor-element elementor-element-2030ecd6 elementor-widget elementor-widget-text-editor\" data-id=\"2030ecd6\" data-element_type=\"widget\" data-e-type=\"widget\" data-widget_type=\"text-editor.default\">\n\t\t\t\t<div class=\"elementor-widget-container\">\n\t\t\t\t\t\t\t\t\t<p>La meilleure qualit\u00e9 est garantie. Des produits contr\u00f4l\u00e9s, des processus surveill\u00e9s, des composants et des mat\u00e9riaux tri\u00e9s sur le volet et fabriqu\u00e9s par nos propres soins.<\/p>\n<p>La forme particuli\u00e8re du tube Quom conduit \u00e0 ce que la quantit\u00e9 d\u2019eau circulant \u00e0 travers est consid\u00e9rablement moins \u00e9lev\u00e9e, compar\u00e9e au tube rond conventionnel. Ainsi, le r\u00e9chauffement est bien plus rapide, confortable et garantit en m\u00eame temps une \u00e9conomie d\u2019\u00e9nergie. Les chauffages Quom fournissent un rayonnement de chaleur \u00e9lev\u00e9 et peuvent \u00e9galement \u00eatre utilis\u00e9s de mani\u00e8re avantageuse pour le r\u00e9chauffement en cas de basses temp\u00e9ratures.<\/p>\n<p>Les versions disposant d&rsquo;une hauteur de 1,80\/2,00 m\u00e8tres, \u00e0 2 ou 3 colonnes, constituent une solution d\u2019am\u00e9nagement \u00e9l\u00e9gante et raffin\u00e9e.<\/p>\n\t\t\t\t\t\t\t\t<\/div>\n\t\t\t\t<\/div>\n\t\t\t\t\t<\/div>\n\t\t<\/div>\n\t\t\t\t<div class=\"elementor-column elementor-col-50 elementor-inner-column elementor-element elementor-element-1504765e\" data-id=\"1504765e\" data-element_type=\"column\" data-e-type=\"column\">\n\t\t\t<div class=\"elementor-widget-wrap elementor-element-populated\">\n\t\t\t\t\t\t<div class=\"elementor-element elementor-element-7bc200a6 elementor-widget elementor-widget-text-editor\" data-id=\"7bc200a6\" data-element_type=\"widget\" data-e-type=\"widget\" data-widget_type=\"text-editor.default\">\n\t\t\t\t<div class=\"elementor-widget-container\">\n\t\t\t\t\t\t\t\t\t<p>Les mod\u00e8les \u00e0 4 et 5 colonnes sont con\u00e7us pour des niches, sous la fen\u00eatre et dans les zones \u00e0 hauteur restreinte, afin d\u2019atteindre des solutions fonctionnelles \u00e0 grande puissance thermique.<\/p>\n<p>LA DURABILIT\u00c9 DES TUBES \u00c0 FORME INVERS\u00c9E<br \/>\nL\u2019acier utilis\u00e9 pour la production des tubes QUOM est de la plus haute qualit\u00e9, afin de permettre la r\u00e9sistance \u00e0 la compression et \u00e0 la distension n\u00e9cessaires pour le maintien de la forme exclusive des tubes. Le tube QUOM est dot\u00e9 d&rsquo;une r\u00e9sistance sup\u00e9rieure aux contraintes m\u00e9caniques.<\/p>\n\t\t\t\t\t\t\t\t<\/div>\n\t\t\t\t<\/div>\n\t\t\t\t\t<\/div>\n\t\t<\/div>\n\t\t\t\t\t<\/div>\n\t\t<\/section>\n\t\t\t\t\t<\/div>\n\t\t<\/div>\n\t\t\t\t\t<\/div>\n\t\t<\/section>\n\t\t\t\t<section class=\"elementor-section elementor-top-section elementor-element elementor-element-ce49f81 elementor-section-full_width elementor-section-height-default elementor-section-height-default\" data-id=\"ce49f81\" data-element_type=\"section\" data-e-type=\"section\">\n\t\t\t\t\t\t<div class=\"elementor-container elementor-column-gap-default\">\n\t\t\t\t\t<div class=\"elementor-column elementor-col-100 elementor-top-column elementor-element elementor-element-85e219d\" data-id=\"85e219d\" data-element_type=\"column\" data-e-type=\"column\">\n\t\t\t<div class=\"elementor-widget-wrap elementor-element-populated\">\n\t\t\t\t\t\t<div class=\"elementor-element elementor-element-4f039a0 elementor-widget-divider--view-line_text elementor-widget-divider--element-align-left elementor-widget elementor-widget-divider\" data-id=\"4f039a0\" data-element_type=\"widget\" data-e-type=\"widget\" data-settings=\"{&quot;motion_fx_motion_fx_scrolling&quot;:&quot;yes&quot;,&quot;motion_fx_translateX_effect&quot;:&quot;yes&quot;,&quot;motion_fx_translateX_speed&quot;:{&quot;unit&quot;:&quot;px&quot;,&quot;size&quot;:&quot;1&quot;,&quot;sizes&quot;:[]},&quot;motion_fx_translateX_affectedRange&quot;:{&quot;unit&quot;:&quot;%&quot;,&quot;size&quot;:&quot;&quot;,&quot;sizes&quot;:{&quot;start&quot;:&quot;0&quot;,&quot;end&quot;:&quot;50&quot;}},&quot;motion_fx_devices&quot;:[&quot;desktop&quot;,&quot;tablet&quot;]}\" data-widget_type=\"divider.default\">\n\t\t\t\t<div class=\"elementor-widget-container\">\n\t\t\t\t\t\t\t<div class=\"elementor-divider\">\n\t\t\t<span class=\"elementor-divider-separator\">\n\t\t\t\t\t\t\t<span class=\"elementor-divider__text elementor-divider__element\">\n\t\t\t\t<b>R\u00e9duction<\/b> des co\u00fbts de chauffage\t\t\t\t<\/span>\n\t\t\t\t\t\t<\/span>\n\t\t<\/div>\n\t\t\t\t\t\t<\/div>\n\t\t\t\t<\/div>\n\t\t\t\t\t<\/div>\n\t\t<\/div>\n\t\t\t\t\t<\/div>\n\t\t<\/section>\n\t\t\t\t<section class=\"elementor-section elementor-top-section elementor-element elementor-element-6463524 elementor-reverse-mobile elementor-section-boxed elementor-section-height-default elementor-section-height-default\" data-id=\"6463524\" data-element_type=\"section\" data-e-type=\"section\">\n\t\t\t\t\t\t<div class=\"elementor-container elementor-column-gap-default\">\n\t\t\t\t\t<div class=\"elementor-column elementor-col-50 elementor-top-column elementor-element elementor-element-3d3ef3c\" data-id=\"3d3ef3c\" data-element_type=\"column\" data-e-type=\"column\">\n\t\t\t<div class=\"elementor-widget-wrap elementor-element-populated\">\n\t\t\t\t\t\t<div class=\"elementor-element elementor-element-7140a65 elementor-invisible elementor-widget elementor-widget-image\" data-id=\"7140a65\" data-element_type=\"widget\" data-e-type=\"widget\" data-settings=\"{&quot;_animation&quot;:&quot;fadeIn&quot;}\" data-widget_type=\"image.default\">\n\t\t\t\t<div class=\"elementor-widget-container\">\n\t\t\t\t\t\t\t\t\t\t\t\t\t\t\t<img decoding=\"async\" width=\"1920\" height=\"2560\" src=\"https:\/\/quom-radiator.com\/wp-content\/uploads\/2022\/09\/save-energy.jpeg\" class=\"attachment-full size-full wp-image-1264\" alt=\"\" srcset=\"https:\/\/quom-radiator.com\/wp-content\/uploads\/2022\/09\/save-energy.jpeg 1920w, https:\/\/quom-radiator.com\/wp-content\/uploads\/2022\/09\/save-energy-225x300.jpeg 225w, https:\/\/quom-radiator.com\/wp-content\/uploads\/2022\/09\/save-energy-768x1024.jpeg 768w, https:\/\/quom-radiator.com\/wp-content\/uploads\/2022\/09\/save-energy-1152x1536.jpeg 1152w, https:\/\/quom-radiator.com\/wp-content\/uploads\/2022\/09\/save-energy-1536x2048.jpeg 1536w\" sizes=\"(max-width: 1920px) 100vw, 1920px\" \/>\t\t\t\t\t\t\t\t\t\t\t\t\t\t\t<\/div>\n\t\t\t\t<\/div>\n\t\t\t\t\t<\/div>\n\t\t<\/div>\n\t\t\t\t<div class=\"elementor-column elementor-col-50 elementor-top-column elementor-element elementor-element-ffa6af6\" data-id=\"ffa6af6\" data-element_type=\"column\" data-e-type=\"column\">\n\t\t\t<div class=\"elementor-widget-wrap elementor-element-populated\">\n\t\t\t\t\t\t<div class=\"elementor-element elementor-element-cc1ed39 elementor-invisible elementor-widget elementor-widget-heading\" data-id=\"cc1ed39\" data-element_type=\"widget\" data-e-type=\"widget\" data-settings=\"{&quot;_animation&quot;:&quot;fadeInUp&quot;}\" data-widget_type=\"heading.default\">\n\t\t\t\t<div class=\"elementor-widget-container\">\n\t\t\t\t\t<h2 class=\"elementor-heading-title elementor-size-default\">LES RADIATEURS AVEC LA MEILLEURE PERFORMANCE<\/h2>\t\t\t\t<\/div>\n\t\t\t\t<\/div>\n\t\t\t\t<div class=\"elementor-element elementor-element-5201ee7 elementor-invisible elementor-widget elementor-widget-text-editor\" data-id=\"5201ee7\" data-element_type=\"widget\" data-e-type=\"widget\" data-settings=\"{&quot;_animation&quot;:&quot;fadeInUp&quot;}\" data-widget_type=\"text-editor.default\">\n\t\t\t\t<div class=\"elementor-widget-container\">\n\t\t\t\t\t\t\t\t\t<p>Les radiateurs conventionnels norm\u00e9s en acier sont compos\u00e9s de tubes d&rsquo;un diam\u00e8tre \u00d8 de 25 mm, comme si cela \u00e9tait la limite technologique de tous les fabricants. Les tubes Quom par contre d\u00e9passent cette limite et commencent avec un diam\u00e8tre \u00d8 de 30 mm, dont les pi\u00e8ces lat\u00e9rales sont compress\u00e9es par le traitement ult\u00e9rieur.<\/p>\n\t\t\t\t\t\t\t\t<\/div>\n\t\t\t\t<\/div>\n\t\t\t\t<div class=\"elementor-element elementor-element-ad4e573 elementor-invisible elementor-widget elementor-widget-text-editor\" data-id=\"ad4e573\" data-element_type=\"widget\" data-e-type=\"widget\" data-settings=\"{&quot;_animation&quot;:&quot;fadeInUp&quot;}\" data-widget_type=\"text-editor.default\">\n\t\t\t\t<div class=\"elementor-widget-container\">\n\t\t\t\t\t\t\t\t\t<ul>\n<li><span style=\"font-weight: 400;\">UNE FAIBLE TENEUR EN EAU<\/span>\n<p><span style=\"font-weight: 400;\">La structure particuli\u00e8re du tube Quom avec un diam\u00e8tre \u00d8 de 30mm a pour cons\u00e9quence que la teneur en eau est m\u00eame encore inf\u00e9rieure que dans un tube conventionnel d\u2019un diam\u00e8tre \u00d8 de 25 mm.<\/span><\/li>\n<li><span style=\"font-weight: 400;\">BESOIN EN ESPACE R\u00c9DUIT<\/span>\n<p><span style=\"font-weight: 400;\">La largeur des tubes sera r\u00e9duite \u00e0 22 mm, l\u2019\u00e9cart entre les \u00e9l\u00e9ments reste \u00e0 sa valeur conventionnelle de 45 mm. Sur demande, des \u00e9l\u00e9ments sont \u00e9galement mont\u00e9s avec un \u00e9cart de 40 mm, afin d\u2019offrir une \u00e9conomie encore sup\u00e9rieur en termes d\u2019espace.<\/span><\/li>\n<li><span style=\"font-weight: 400;\">SURFACES CHAUFFANTES +20%<\/span>\n<p><span style=\"font-weight: 400;\">En comparaison avec tous les tubes conventionnels, le tube Quom dispose de 20% de surface chauffante en plus.<\/span><\/li>\n<li><span style=\"font-weight: 400;\">UNE PUISSANCE DE CHAUFFE SUP\u00c9RIEURE<\/span><br \/>\n<span style=\"font-weight: 400;\">Une surface chauffante sup\u00e9rieure est synonyme de puissance sup\u00e9rieure. Des tests techniques ont montr\u00e9 que QUOM dispose d\u2019une puissance de chauffe jusqu\u2019\u00e0 15 % sup\u00e9rieure \u00e0 celle des chauffages conventionnels aux m\u00eames dimensions.<\/span><\/li>\n<li><span style=\"font-weight: 400;\">ACC\u00c9L\u00c9RATION DU TRANSFERT THERMIQUE<\/span><br \/>\n<span style=\"font-weight: 400;\">La forme caract\u00e9ristique des tubes favorise le mouvement ascendant de l\u2019air chaud entre les \u00e9l\u00e9ments et conduit ainsi \u00e0 une puissance sup\u00e9rieure.<\/span><\/li>\n<li><span style=\"font-weight: 400;\">\u00c9CONOMIE D&rsquo;\u00c9NERGIE<\/span><br \/>\n<span style=\"font-weight: 400;\">Une teneur plus faible en eau, une vitesse sup\u00e9rieure lors de l\u2019\u00e9change thermique, des dur\u00e9es inf\u00e9rieures pour atteindre l\u2019\u00e9tat op\u00e9rationnel de l\u2019installation et une surface chauffante sup\u00e9rieure se transforment en puissance sup\u00e9rieure, qui, par cons\u00e9quent, conduit \u00e0 une \u00e9conomie d\u2019\u00e9nergie.<\/span><\/li>\n<\/ul>\n\t\t\t\t\t\t\t\t<\/div>\n\t\t\t\t<\/div>\n\t\t\t\t\t<\/div>\n\t\t<\/div>\n\t\t\t\t\t<\/div>\n\t\t<\/section>\n\t\t\t\t<section class=\"elementor-section elementor-top-section elementor-element elementor-element-66720c7 elementor-reverse-mobile elementor-section-boxed elementor-section-height-default elementor-section-height-default\" data-id=\"66720c7\" data-element_type=\"section\" data-e-type=\"section\">\n\t\t\t\t\t\t<div class=\"elementor-container elementor-column-gap-default\">\n\t\t\t\t\t<div class=\"elementor-column elementor-col-50 elementor-top-column elementor-element elementor-element-881cdc7\" data-id=\"881cdc7\" data-element_type=\"column\" data-e-type=\"column\">\n\t\t\t<div class=\"elementor-widget-wrap elementor-element-populated\">\n\t\t\t\t\t\t<div class=\"elementor-element elementor-element-ea95d80 elementor-invisible elementor-widget elementor-widget-image\" data-id=\"ea95d80\" data-element_type=\"widget\" data-e-type=\"widget\" data-settings=\"{&quot;_animation&quot;:&quot;fadeInUp&quot;}\" data-widget_type=\"image.default\">\n\t\t\t\t<div class=\"elementor-widget-container\">\n\t\t\t\t\t\t\t\t\t\t\t\t\t\t\t<img decoding=\"async\" width=\"904\" height=\"506\" src=\"https:\/\/quom-radiator.com\/wp-content\/uploads\/2022\/09\/radiator-design.jpeg\" class=\"attachment-full size-full wp-image-1256\" alt=\"\" srcset=\"https:\/\/quom-radiator.com\/wp-content\/uploads\/2022\/09\/radiator-design.jpeg 904w, https:\/\/quom-radiator.com\/wp-content\/uploads\/2022\/09\/radiator-design-300x168.jpeg 300w, https:\/\/quom-radiator.com\/wp-content\/uploads\/2022\/09\/radiator-design-768x430.jpeg 768w\" sizes=\"(max-width: 904px) 100vw, 904px\" \/>\t\t\t\t\t\t\t\t\t\t\t\t\t\t\t<\/div>\n\t\t\t\t<\/div>\n\t\t\t\t\t<\/div>\n\t\t<\/div>\n\t\t\t\t<div class=\"elementor-column elementor-col-50 elementor-top-column elementor-element elementor-element-9d75adf\" data-id=\"9d75adf\" data-element_type=\"column\" data-e-type=\"column\">\n\t\t\t<div class=\"elementor-widget-wrap elementor-element-populated\">\n\t\t\t\t\t\t<div class=\"elementor-element elementor-element-6528942 elementor-invisible elementor-widget elementor-widget-heading\" data-id=\"6528942\" data-element_type=\"widget\" data-e-type=\"widget\" data-settings=\"{&quot;_animation&quot;:&quot;fadeInUp&quot;}\" data-widget_type=\"heading.default\">\n\t\t\t\t<div class=\"elementor-widget-container\">\n\t\t\t\t\t<h2 class=\"elementor-heading-title elementor-size-default\">UN NOUVEAU MODERNISME POUR LES RADIATEURS ET UNE GRANDE FLEXIBILIT\u00c9 PENDANT L\u2019UTILISATION<\/h2>\t\t\t\t<\/div>\n\t\t\t\t<\/div>\n\t\t\t\t<div class=\"elementor-element elementor-element-872c2ef elementor-invisible elementor-widget elementor-widget-text-editor\" data-id=\"872c2ef\" data-element_type=\"widget\" data-e-type=\"widget\" data-settings=\"{&quot;_animation&quot;:&quot;fadeInUp&quot;}\" data-widget_type=\"text-editor.default\">\n\t\t\t\t<div class=\"elementor-widget-container\">\n\t\t\t\t\t\t\t\t\t<p>Les formes de nos tubes donnent au radiateur Quom sa ligne extr\u00eamement l\u00e9g\u00e8re. Cela permet l\u2019utilisation du radiateur dans des am\u00e9nagements cr\u00e9atifs, modernes et \u00e9l\u00e9gants de haute qualit\u00e9.<\/p>\n\t\t\t\t\t\t\t\t<\/div>\n\t\t\t\t<\/div>\n\t\t\t\t<div class=\"elementor-element elementor-element-61f5c10 elementor-invisible elementor-widget elementor-widget-text-editor\" data-id=\"61f5c10\" data-element_type=\"widget\" data-e-type=\"widget\" data-settings=\"{&quot;_animation&quot;:&quot;fadeInUp&quot;}\" data-widget_type=\"text-editor.default\">\n\t\t\t\t<div class=\"elementor-widget-container\">\n\t\t\t\t\t\t\t\t\t<ul>\n<li>Faces avant des tubes \u00e0 partir de 22 mm (en comparaison avec des tubes conventionnels \u00e0 partir de 25 mm)<\/li>\n<li>Connexions entre les \u00e9l\u00e9ments \u00e0 partir de 28 mm (en comparaison \u00e0 55 mm avec des tubes conventionnels)<\/li>\n<li>Raccords en s\u00e9rie \u00d8 1\/2\u201c (sur demande \u00d8 3\/4\u201c)<\/li>\n<\/ul>\n\t\t\t\t\t\t\t\t<\/div>\n\t\t\t\t<\/div>\n\t\t\t\t<div class=\"elementor-element elementor-element-f02e662 elementor-invisible elementor-widget elementor-widget-text-editor\" data-id=\"f02e662\" data-element_type=\"widget\" data-e-type=\"widget\" data-settings=\"{&quot;_animation&quot;:&quot;fadeInUp&quot;}\" data-widget_type=\"text-editor.default\">\n\t\t\t\t<div class=\"elementor-widget-container\">\n\t\t\t\t\t\t\t\t\t<p>La quantit\u00e9 d\u2019eau utilis\u00e9e conduit \u00e0 ce que des accouplements d&rsquo;un diam\u00e8tre \u00d8 de \u00bd\u201c sont suffisants pour les vannes et les chauffages.<\/p>\n\t\t\t\t\t\t\t\t<\/div>\n\t\t\t\t<\/div>\n\t\t\t\t\t<\/div>\n\t\t<\/div>\n\t\t\t\t\t<\/div>\n\t\t<\/section>\n\t\t\t\t<\/div>\n\t\t","protected":false},"excerpt":{"rendered":"<p>LA QUALIT\u00c9 LA PLUS \u00c9LEV\u00c9E EST GARANTIE. LA QUALIT\u00c9 LA PLUS \u00c9LEV\u00c9E EST GARANTIE PAR LE CARACT\u00c8RE ITALIEN DU PRODUIT, QUI, DE LA MATI\u00c8RE PREMI\u00c8RE, EN PASSANT PAR LES DIFF\u00c9RENTS COMPOSANTS, JUSQU\u2019AU TRAITEMENT, DEVIENT UN RADIATEUR R\u00c9CHAUFFANT DE LA PLUS HAUTE QUALIT\u00c9. La meilleure qualit\u00e9 est garantie. Des produits contr\u00f4l\u00e9s, des processus surveill\u00e9s, des composants [&hellip;]<\/p>\n","protected":false},"author":2,"featured_media":0,"parent":0,"menu_order":0,"comment_status":"closed","ping_status":"closed","template":"","meta":{"_seopress_robots_primary_cat":"","_seopress_titles_title":"","_seopress_titles_desc":"","_seopress_robots_index":"","footnotes":""},"class_list":["post-1633","page","type-page","status-publish","hentry"],"_links":{"self":[{"href":"https:\/\/quom-radiator.com\/fr\/wp-json\/wp\/v2\/pages\/1633","targetHints":{"allow":["GET"]}}],"collection":[{"href":"https:\/\/quom-radiator.com\/fr\/wp-json\/wp\/v2\/pages"}],"about":[{"href":"https:\/\/quom-radiator.com\/fr\/wp-json\/wp\/v2\/types\/page"}],"author":[{"embeddable":true,"href":"https:\/\/quom-radiator.com\/fr\/wp-json\/wp\/v2\/users\/2"}],"replies":[{"embeddable":true,"href":"https:\/\/quom-radiator.com\/fr\/wp-json\/wp\/v2\/comments?post=1633"}],"version-history":[{"count":1,"href":"https:\/\/quom-radiator.com\/fr\/wp-json\/wp\/v2\/pages\/1633\/revisions"}],"predecessor-version":[{"id":1634,"href":"https:\/\/quom-radiator.com\/fr\/wp-json\/wp\/v2\/pages\/1633\/revisions\/1634"}],"wp:attachment":[{"href":"https:\/\/quom-radiator.com\/fr\/wp-json\/wp\/v2\/media?parent=1633"}],"curies":[{"name":"wp","href":"https:\/\/api.w.org\/{rel}","templated":true}]}}