{"id":1645,"date":"2022-09-09T12:10:40","date_gmt":"2022-09-09T10:10:40","guid":{"rendered":"https:\/\/quom-radiator.comcgvs\/"},"modified":"2022-09-25T23:41:17","modified_gmt":"2022-09-25T21:41:17","slug":"cgvs","status":"publish","type":"page","link":"https:\/\/quom-radiator.com\/fr\/cgvs\/","title":{"rendered":"CGVs"},"content":{"rendered":"\t\t<div data-elementor-type=\"wp-page\" data-elementor-id=\"1645\" class=\"elementor elementor-1645 elementor-625\" data-elementor-post-type=\"page\">\n\t\t\t\t\t\t<section class=\"elementor-section elementor-top-section elementor-element elementor-element-ff024d2 elementor-section-boxed elementor-section-height-default elementor-section-height-default\" data-id=\"ff024d2\" data-element_type=\"section\" data-e-type=\"section\">\n\t\t\t\t\t\t<div class=\"elementor-container elementor-column-gap-default\">\n\t\t\t\t\t<div class=\"elementor-column elementor-col-100 elementor-top-column elementor-element elementor-element-11a8d36\" data-id=\"11a8d36\" data-element_type=\"column\" data-e-type=\"column\">\n\t\t\t<div class=\"elementor-widget-wrap elementor-element-populated\">\n\t\t\t\t\t\t<div class=\"elementor-element elementor-element-89c6cec elementor-invisible elementor-widget elementor-widget-heading\" data-id=\"89c6cec\" data-element_type=\"widget\" data-e-type=\"widget\" data-settings=\"{&quot;_animation&quot;:&quot;fadeInUp&quot;}\" data-widget_type=\"heading.default\">\n\t\t\t\t<div class=\"elementor-widget-container\">\n\t\t\t\t\t<h2 class=\"elementor-heading-title elementor-size-default\">NOS CONDITIONS G\u00c9N\u00c9RALES DE VENTE<\/h2>\t\t\t\t<\/div>\n\t\t\t\t<\/div>\n\t\t\t\t<div class=\"elementor-element elementor-element-f1c0070 elementor-invisible elementor-widget elementor-widget-text-editor\" data-id=\"f1c0070\" data-element_type=\"widget\" data-e-type=\"widget\" data-settings=\"{&quot;_animation&quot;:&quot;fadeInUp&quot;}\" data-widget_type=\"text-editor.default\">\n\t\t\t\t<div class=\"elementor-widget-container\">\n\t\t\t\t\t\t\t\t\t<p>CONDITIONS G\u00c9N\u00c9RALES DE VENTE<\/p>\n\t\t\t\t\t\t\t\t<\/div>\n\t\t\t\t<\/div>\n\t\t\t\t\t<\/div>\n\t\t<\/div>\n\t\t\t\t\t<\/div>\n\t\t<\/section>\n\t\t\t\t<section class=\"elementor-section elementor-top-section elementor-element elementor-element-e7a5560 elementor-section-boxed elementor-section-height-default elementor-section-height-default\" data-id=\"e7a5560\" data-element_type=\"section\" data-e-type=\"section\">\n\t\t\t\t\t\t<div class=\"elementor-container elementor-column-gap-default\">\n\t\t\t\t\t<div class=\"elementor-column elementor-col-100 elementor-top-column elementor-element elementor-element-7f84b2b\" data-id=\"7f84b2b\" data-element_type=\"column\" data-e-type=\"column\">\n\t\t\t<div class=\"elementor-widget-wrap elementor-element-populated\">\n\t\t\t\t\t\t<div class=\"elementor-element elementor-element-962e0f4 elementor-widget elementor-widget-text-editor\" data-id=\"962e0f4\" data-element_type=\"widget\" data-e-type=\"widget\" data-widget_type=\"text-editor.default\">\n\t\t\t\t<div class=\"elementor-widget-container\">\n\t\t\t\t\t\t\t\t\t<p>La vente des produits QUOM \u00e0 partir de l\u2019usine est r\u00e9gl\u00e9e par les conditions g\u00e9n\u00e9rales \u00e9num\u00e9r\u00e9es ici. D\u2019\u00e9ventuelles modifications sont uniquement valables si elles ont \u00e9t\u00e9 confirm\u00e9es par \u00e9crit par nos soins. La confirmation de commande est contr\u00f4l\u00e9e \u00e0 sa r\u00e9ception, si aucune communication suppl\u00e9mentaire suit dans l\u2019espace de 2 jours calendaires, alors ces conditions deviennent contraignantes pour le d\u00e9but des travaux. Quom se r\u00e9serve le droit de proc\u00e9der \u00e0 des modifications des dimensions et de proc\u00e9der \u00e0 des livraisons \u00e9chelonn\u00e9es pour le mat\u00e9riel encore disponible en stock en vue de la production. Les caract\u00e9ristiques techniques des radiateurs QUOM, qui disposent d&rsquo;une tol\u00e9rance habituelle, doivent uniquement \u00eatre comprises comme indications et sont soumises \u00e0 des modifications.<\/p>\n<p><strong>Modifications des commandes<\/strong><br \/>\nDes modifications et annulations des commandes sont soumises \u00e0 notre consentement \u00e9crit. Les co\u00fbts d\u00e9j\u00e0 d\u00e9pens\u00e9s sont factur\u00e9s \u00e0 l&rsquo;acheteur. Des commandes avec une confirmation dans l\u2019espace d&rsquo;un d\u00e9lai d\u00e9termin\u00e9 peuvent uniquement \u00eatre modifi\u00e9es ou annul\u00e9es dans le d\u00e9lai d\u00e9fini pour la confirmation.<br \/>\nD\u2019\u00e9ventuelles modifications sur les radiateurs \u00e0 fabriquer, qui sont soumises \u00e0 un accord \u00e9crit de la part de QUOM, entra\u00eenent une majoration de 30 \u00e0 50% sur les frais pour le radiateur ; si les modifications sont possibles, le radiateur sera fini de mani\u00e8re r\u00e9guli\u00e8re et sera factur\u00e9 conform\u00e9ment \u00e0 la confirmation de commande.<\/p>\n<p><strong>Prix<\/strong><br \/>\nLes prix s\u2019entendent au d\u00e9part de l\u2019usine, ils ne sont pas contraignants et peuvent \u00e0 tout moment \u00eatre chang\u00e9s sans pr\u00e9avis.<\/p>\n<p><strong>D\u00e9lai de livraison<\/strong><br \/>\nLe d\u00e9lai de livraison indiqu\u00e9 dans la confirmation de commande est respect\u00e9 dans la mesure du possible, sans toutefois pouvoir \u00eatre garanti.<br \/>\nAucune demande d\u2019indemnisation ou d\u2019annulation de la commande pour cause de retard de livraison ne sera accept\u00e9e.<br \/>\nLe jour du livraison correspond au jour de chargement. Si la marchandise devait ne pas \u00eatre reprise le jour convenu, alors la soci\u00e9t\u00e9 Quom S.r.l. se r\u00e9serve le droit de facturer les frais et les risques du stockage \u00e0 l\u2019acheteur et le mat\u00e9riel est factur\u00e9 de mani\u00e8re r\u00e9guli\u00e8re.<br \/>\nSi les d\u00e9lais de livraison ne peuvent pas \u00eatre respect\u00e9s, alors l\u2019acheteur ne peut pas revendiquer d\u2019indemnisation.<\/p>\n<p><strong>Livraison et emballage<\/strong><br \/>\nLa marchandise est livr\u00e9e aux risques et p\u00e9rils de l\u2019acheteur. La soci\u00e9t\u00e9 Quom S.r.l. se r\u00e9serve le droit de s\u00e9lectionner le type d\u2019emballage, des emballages sp\u00e9ciaux sont factur\u00e9s s\u00e9par\u00e9ment.<br \/>\nLa livraison de la marchandise a lieu avec la remise de la marchandise au transporteur.<br \/>\nLe d\u00e9chargement r\u00e9v\u00e8le de la responsabilit\u00e9 de l\u2019acheteur. La soci\u00e9t\u00e9 Quom S.r.l. d\u00e9cline toute responsabilit\u00e9 pour des dommages caus\u00e9s pendant la livraison.<\/p>\n<p><strong>R\u00e9clamations et retours<\/strong><br \/>\nDes r\u00e9clamations pour dommages caus\u00e9s par le transport ou marchandises manquantes doivent \u00eatre formul\u00e9es d\u00e8s r\u00e9ception de la marchandise, sous r\u00e9serve de signature du bon de livraison, et la soci\u00e9t\u00e9 Quom S.r.l. doit en \u00eatre inform\u00e9e par \u00e9crit dans l\u2019espace de deux jours.<br \/>\nDes r\u00e9clamations concernant des d\u00e9fauts de fabrication doivent \u00eatre formul\u00e9es en temps utile au moment de constat du d\u00e9faut. Aucun retour n\u2019est accept\u00e9 sans notre consentement \u00e9crit.<\/p>\n<p><strong>Garantie<\/strong><br \/>\nPour le radiateur et les accessoires de Quom, nous accordons une garantie de deux ans \u00e0 partir de la date de livraison, sous condition pr\u00e9alable qu\u2019ils ont \u00e9t\u00e9 utilis\u00e9s de mani\u00e8re appropri\u00e9s et que le montage a \u00e9t\u00e9 effectu\u00e9 en bonne et due forme.<br \/>\nDes pi\u00e8ces qui, pendant la p\u00e9riode de garantie, pr\u00e9sentent des d\u00e9fauts en raison de vices de mat\u00e9riel ou de fabrication, sont r\u00e9par\u00e9es gratuitement d\u00e8s leur utilisation, sur demande \u00e9crite,<br \/>\nDes mat\u00e9riaux d\u00e9fectueux, qui nous sont retourn\u00e9s, doivent \u00eatre emball\u00e9s suite \u00e0 notre accord \u00e9crit pr\u00e9alable et envoy\u00e9s \u00e0 notre si\u00e8ge social par l\u2019interm\u00e9diaire de notre soci\u00e9t\u00e9 de transport.<br \/>\nLes pi\u00e8ces impay\u00e9es ainsi que les pi\u00e8ces pr\u00e9sentant des dommages caus\u00e9s par ce qui suit sont exclues de la garantie :<\/p>\n<ul>\n<li>Stockage inappropri\u00e9 des radiateurs (sans emballage plastique et\/ou \u00e0 des endroits humides)<\/li>\n<li>Montage et utilisation inad\u00e9quats<\/li>\n<li>Une maintenance mal ex\u00e9cut\u00e9e : le nettoyage avec des produits de nettoyage agressifs peut d\u00e9truire les surfaces, qui sont nettoy\u00e9es avec un chiffon humide et rendues brillantes par un traitement \u00e0 la cire automobile<br \/>\nInstallation effectu\u00e9e par un personnel n\u2019\u00e9tant pas form\u00e9 de mani\u00e8re correspondante<\/li>\n<li>Des r\u00e9parations effectu\u00e9es sans l\u2019accord \u00e9crit par la soci\u00e9t\u00e9 Quom S.r.l.<\/li>\n<li>L\u2019ajout de substances chimiques agressives \u00e0 l\u2019eau de l\u2019installation de chauffage<\/li>\n<li>Vidange r\u00e9gulier de l\u2019installation<\/li>\n<li>Raccordement \u00e0 des installations avec vase d\u2019expansion ouvert ou \u00e0 des installations de traitement d\u2019eau ou en cas de surcharge,<\/li>\n<li>Pression de service sup\u00e9rieure \u00e0 celle indiqu\u00e9e dans les caract\u00e9ristiques techniques<\/li>\n<li>Raccordement \u00e0 une installation hydraulique et sanitaire<\/li>\n<li>Utilisation de chanvre au niveau des \u00e9l\u00e9ments de raccordement pourvus d\u2019un joint torique.<\/li>\n<\/ul>\n<p><strong>Conditions de paiement<\/strong><br \/>\nSauf convention contraire, les factures doivent \u00eatre pay\u00e9es dans l\u2019espace de 30 jours, net et sans escompte.<br \/>\nEn cas de retards de paiement, 3 points de pourcentage en plus des co\u00fbts sont dus pour l\u2019indemnisation au titre de le la premi\u00e8re tranche ABI.<br \/>\nLa marchandise remise reste la propri\u00e9t\u00e9 de QUOM jusqu\u2019\u00e0 ce que le paiement ait \u00e9t\u00e9 effectu\u00e9, autrement, la soci\u00e9t\u00e9 Quom S.r.l. se r\u00e9serve le droit de reprendre la marchandise impay\u00e9e.<\/p>\n<p>Le tribunal comp\u00e9tent est celui de Bergame.<\/p>\n<p>QUOM<br \/>\nNouveaux radiateurs \u00e0 colonnes<\/p>\n<p><strong>QUOM srl\/ CENTRALE DE VENTE SI\u00c8GE JURIDIQUE<\/strong><br \/>\nQuom srl\/ Zona Industriale San Vito, 09040 SAN VITO (CA)<br \/>\nT\u00e9l. : 035.806.084\/ Fax : 035.482.4173 T\u00e9l. : 070.9931.148\/ Fax 070.9931.640<br \/>\nwww.quom.it\/ quom@quom.it Adresse e-mail : Quom@pressteckspa.com<\/p>\n\t\t\t\t\t\t\t\t<\/div>\n\t\t\t\t<\/div>\n\t\t\t\t\t<\/div>\n\t\t<\/div>\n\t\t\t\t\t<\/div>\n\t\t<\/section>\n\t\t\t\t<\/div>\n\t\t","protected":false},"excerpt":{"rendered":"<p>NOS CONDITIONS G\u00c9N\u00c9RALES DE VENTE CONDITIONS G\u00c9N\u00c9RALES DE VENTE La vente des produits QUOM \u00e0 partir de l\u2019usine est r\u00e9gl\u00e9e par les conditions g\u00e9n\u00e9rales \u00e9num\u00e9r\u00e9es ici. D\u2019\u00e9ventuelles modifications sont uniquement valables si elles ont \u00e9t\u00e9 confirm\u00e9es par \u00e9crit par nos soins. La confirmation de commande est contr\u00f4l\u00e9e \u00e0 sa r\u00e9ception, si aucune communication suppl\u00e9mentaire suit [&hellip;]<\/p>\n","protected":false},"author":2,"featured_media":0,"parent":0,"menu_order":0,"comment_status":"closed","ping_status":"closed","template":"","meta":{"_seopress_robots_primary_cat":"","_seopress_titles_title":"","_seopress_titles_desc":"","_seopress_robots_index":"","footnotes":""},"class_list":["post-1645","page","type-page","status-publish","hentry"],"_links":{"self":[{"href":"https:\/\/quom-radiator.com\/fr\/wp-json\/wp\/v2\/pages\/1645","targetHints":{"allow":["GET"]}}],"collection":[{"href":"https:\/\/quom-radiator.com\/fr\/wp-json\/wp\/v2\/pages"}],"about":[{"href":"https:\/\/quom-radiator.com\/fr\/wp-json\/wp\/v2\/types\/page"}],"author":[{"embeddable":true,"href":"https:\/\/quom-radiator.com\/fr\/wp-json\/wp\/v2\/users\/2"}],"replies":[{"embeddable":true,"href":"https:\/\/quom-radiator.com\/fr\/wp-json\/wp\/v2\/comments?post=1645"}],"version-history":[{"count":1,"href":"https:\/\/quom-radiator.com\/fr\/wp-json\/wp\/v2\/pages\/1645\/revisions"}],"predecessor-version":[{"id":1646,"href":"https:\/\/quom-radiator.com\/fr\/wp-json\/wp\/v2\/pages\/1645\/revisions\/1646"}],"wp:attachment":[{"href":"https:\/\/quom-radiator.com\/fr\/wp-json\/wp\/v2\/media?parent=1645"}],"curies":[{"name":"wp","href":"https:\/\/api.w.org\/{rel}","templated":true}]}}