{"id":1651,"date":"2022-09-06T14:47:51","date_gmt":"2022-09-06T12:47:51","guid":{"rendered":"https:\/\/quom-radiator.comimprimer\/"},"modified":"2023-02-24T23:48:17","modified_gmt":"2023-02-24T22:48:17","slug":"imprimer","status":"publish","type":"page","link":"https:\/\/quom-radiator.com\/fr\/imprimer\/","title":{"rendered":"Imprimer"},"content":{"rendered":"\t\t<div data-elementor-type=\"wp-page\" data-elementor-id=\"1651\" class=\"elementor elementor-1651 elementor-355\" data-elementor-post-type=\"page\">\n\t\t\t\t\t\t<section class=\"elementor-section elementor-top-section elementor-element elementor-element-cd2ddc4 elementor-section-boxed elementor-section-height-default elementor-section-height-default\" data-id=\"cd2ddc4\" data-element_type=\"section\" data-e-type=\"section\">\n\t\t\t\t\t\t<div class=\"elementor-container elementor-column-gap-default\">\n\t\t\t\t\t<div class=\"elementor-column elementor-col-100 elementor-top-column elementor-element elementor-element-5a6594d\" data-id=\"5a6594d\" data-element_type=\"column\" data-e-type=\"column\">\n\t\t\t<div class=\"elementor-widget-wrap elementor-element-populated\">\n\t\t\t\t\t\t<div class=\"elementor-element elementor-element-d4da410 elementor-invisible elementor-widget elementor-widget-heading\" data-id=\"d4da410\" data-element_type=\"widget\" data-e-type=\"widget\" data-settings=\"{&quot;_animation&quot;:&quot;fadeInUp&quot;}\" data-widget_type=\"heading.default\">\n\t\t\t\t<div class=\"elementor-widget-container\">\n\t\t\t\t\t<h2 class=\"elementor-heading-title elementor-size-default\">Imprimer<\/h2>\t\t\t\t<\/div>\n\t\t\t\t<\/div>\n\t\t\t\t<div class=\"elementor-element elementor-element-69073d6 elementor-widget elementor-widget-text-editor\" data-id=\"69073d6\" data-element_type=\"widget\" data-e-type=\"widget\" data-settings=\"{&quot;_animation&quot;:&quot;none&quot;}\" data-widget_type=\"text-editor.default\">\n\t\t\t\t<div class=\"elementor-widget-container\">\n\t\t\t\t\t\t\t\t\t<p><strong>\u00c9diteur:<\/strong><\/p><p>Quom Srl<br \/>SEDE JURIDIQUE\u00a0:<br \/>Zone industrielle San Vito<br \/>09040 San Vito, Cagliari<br \/>Italie<\/p><p>COMMERCE:<br \/>T\u00e9l. +39.070.99.28.270<br \/>T\u00e9l\u00e9copie +39.070.99.29.214<br \/>ADMINISTRATION:<br \/>T\u00e9l. +39.070.99.31.148<br \/>T\u00e9l\u00e9copie +39.070.99.31.640<\/p><p>C.F. e P.Iva 02866160928<br \/><span style=\"color: var( --e-global-color-text ); font-family: var( --e-global-typography-text-font-family ), Sans-serif; font-size: var( --e-global-typography-text-font-size ); font-weight: var( --e-global-typography-text-font-weight ); letter-spacing: var( --e-global-typography-text-letter-spacing ); text-transform: var( --e-global-typography-text-text-transform ); background-color: var( --e-global-color-50b259d );\">Capitale Sociale i.v. \u20ac 10.000,00<br \/><\/span><span style=\"color: var( --e-global-color-text ); font-family: var( --e-global-typography-text-font-family ), Sans-serif; font-size: var( --e-global-typography-text-font-size ); font-weight: var( --e-global-typography-text-font-weight ); letter-spacing: var( --e-global-typography-text-letter-spacing ); text-transform: var( --e-global-typography-text-text-transform ); background-color: var( --e-global-color-50b259d );\">Registro Imprese CA n\u00b0 02886160928 \u2013 REA n\u00b0 229812<\/span><\/p><p>e-mail:<br \/>commerciale@quom.it<br \/>amministrazione@quom.it<br \/>PEC quomsrl@legalmail.it<\/p><p>\u00a0<\/p><p><strong>Repr\u00e9sentant autoris\u00e9<\/strong><\/p><p>Antonio Lobina<\/p><p>\u00a0<\/p><p><strong>R\u00e9daction<\/strong><\/p><p>STEINER+STEINER GmbH<br \/>Hermann Steiner<br \/>hes@steinergmbh.de<br \/>www.steinergmbh.de<\/p><p>\u00a0<\/p><p><strong>Concept Web &amp; Admin technique<\/strong><\/p><p>Webgestalter.Net<br \/>Michel Becker<br \/>https:\/\/webgestalter.net<\/p>\t\t\t\t\t\t\t\t<\/div>\n\t\t\t\t<\/div>\n\t\t\t\t\t<\/div>\n\t\t<\/div>\n\t\t\t\t\t<\/div>\n\t\t<\/section>\n\t\t\t\t<\/div>\n\t\t","protected":false},"excerpt":{"rendered":"<p>Imprimer \u00c9diteur: Quom SrlSEDE JURIDIQUE\u00a0:Zone industrielle San Vito09040 San Vito, CagliariItalie COMMERCE:T\u00e9l. +39.070.99.28.270T\u00e9l\u00e9copie +39.070.99.29.214ADMINISTRATION:T\u00e9l. +39.070.99.31.148T\u00e9l\u00e9copie +39.070.99.31.640 C.F. e P.Iva 02866160928Capitale Sociale i.v. \u20ac 10.000,00Registro Imprese CA n\u00b0 02886160928 \u2013 REA n\u00b0 229812 e-mail:commerciale@quom.itamministrazione@quom.itPEC quomsrl@legalmail.it \u00a0 Repr\u00e9sentant autoris\u00e9 Antonio Lobina \u00a0 R\u00e9daction STEINER+STEINER GmbHHermann Steinerhes@steinergmbh.dewww.steinergmbh.de \u00a0 Concept Web &amp; Admin technique Webgestalter.NetMichel Beckerhttps:\/\/webgestalter.net<\/p>\n","protected":false},"author":2,"featured_media":0,"parent":0,"menu_order":0,"comment_status":"closed","ping_status":"closed","template":"","meta":{"_seopress_robots_primary_cat":"","_seopress_titles_title":"","_seopress_titles_desc":"","_seopress_robots_index":"","footnotes":""},"class_list":["post-1651","page","type-page","status-publish","hentry"],"_links":{"self":[{"href":"https:\/\/quom-radiator.com\/fr\/wp-json\/wp\/v2\/pages\/1651","targetHints":{"allow":["GET"]}}],"collection":[{"href":"https:\/\/quom-radiator.com\/fr\/wp-json\/wp\/v2\/pages"}],"about":[{"href":"https:\/\/quom-radiator.com\/fr\/wp-json\/wp\/v2\/types\/page"}],"author":[{"embeddable":true,"href":"https:\/\/quom-radiator.com\/fr\/wp-json\/wp\/v2\/users\/2"}],"replies":[{"embeddable":true,"href":"https:\/\/quom-radiator.com\/fr\/wp-json\/wp\/v2\/comments?post=1651"}],"version-history":[{"count":7,"href":"https:\/\/quom-radiator.com\/fr\/wp-json\/wp\/v2\/pages\/1651\/revisions"}],"predecessor-version":[{"id":2027,"href":"https:\/\/quom-radiator.com\/fr\/wp-json\/wp\/v2\/pages\/1651\/revisions\/2027"}],"wp:attachment":[{"href":"https:\/\/quom-radiator.com\/fr\/wp-json\/wp\/v2\/media?parent=1651"}],"curies":[{"name":"wp","href":"https:\/\/api.w.org\/{rel}","templated":true}]}}