{"id":1654,"date":"2022-09-06T14:48:08","date_gmt":"2022-09-06T12:48:08","guid":{"rendered":"https:\/\/quom-radiator.comprotection-des-donnees\/"},"modified":"2022-09-25T23:47:13","modified_gmt":"2022-09-25T21:47:13","slug":"protection-des-donnees","status":"publish","type":"page","link":"https:\/\/quom-radiator.com\/fr\/protection-des-donnees\/","title":{"rendered":"Protection des donn\u00e9es"},"content":{"rendered":"\t\t<div data-elementor-type=\"wp-page\" data-elementor-id=\"1654\" class=\"elementor elementor-1654 elementor-357\" data-elementor-post-type=\"page\">\n\t\t\t\t\t\t<section class=\"elementor-section elementor-top-section elementor-element elementor-element-a4dff51 elementor-section-boxed elementor-section-height-default elementor-section-height-default\" data-id=\"a4dff51\" data-element_type=\"section\" data-e-type=\"section\">\n\t\t\t\t\t\t<div class=\"elementor-container elementor-column-gap-default\">\n\t\t\t\t\t<div class=\"elementor-column elementor-col-100 elementor-top-column elementor-element elementor-element-913f312\" data-id=\"913f312\" data-element_type=\"column\" data-e-type=\"column\">\n\t\t\t<div class=\"elementor-widget-wrap elementor-element-populated\">\n\t\t\t\t\t\t<div class=\"elementor-element elementor-element-8208896 elementor-invisible elementor-widget elementor-widget-heading\" data-id=\"8208896\" data-element_type=\"widget\" data-e-type=\"widget\" data-settings=\"{&quot;_animation&quot;:&quot;fadeInUp&quot;}\" data-widget_type=\"heading.default\">\n\t\t\t\t<div class=\"elementor-widget-container\">\n\t\t\t\t\t<h2 class=\"elementor-heading-title elementor-size-default\">Protection des donn\u00e9es<\/h2>\t\t\t\t<\/div>\n\t\t\t\t<\/div>\n\t\t\t\t<div class=\"elementor-element elementor-element-4d697ab elementor-invisible elementor-widget elementor-widget-text-editor\" data-id=\"4d697ab\" data-element_type=\"widget\" data-e-type=\"widget\" data-settings=\"{&quot;_animation&quot;:&quot;fadeInUp&quot;}\" data-widget_type=\"text-editor.default\">\n\t\t\t\t<div class=\"elementor-widget-container\">\n\t\t\t\t\t\t\t\t\t<p>Protection des donn\u00e9es<br \/>\n1. La confidentialit\u00e9 en un coup d&rsquo;\u0153il<br \/>\ninformations g\u00e9n\u00e9rales<br \/>\nLes notes suivantes donnent un aper\u00e7u simple de ce qu&rsquo;il advient de vos donn\u00e9es personnelles lorsque vous visitez notre site Web. Les donn\u00e9es personnelles sont toutes les donn\u00e9es avec lesquelles vous pouvez \u00eatre personnellement identifi\u00e9. Vous trouverez des informations d\u00e9taill\u00e9es sur le sujet de la protection des donn\u00e9es dans notre d\u00e9claration de protection des donn\u00e9es mentionn\u00e9e sous ce texte.<\/p>\n<p>Collecte de donn\u00e9es sur notre site Web<br \/>\nQui est responsable de la collecte des donn\u00e9es sur ce site Web ?<\/p>\n<p>Le traitement des donn\u00e9es sur ce site Web est effectu\u00e9 par l&rsquo;exploitant du site Web. Vous trouverez leurs coordonn\u00e9es dans les mentions l\u00e9gales de ce site.<\/p>\n<p>Comment collectons-nous vos donn\u00e9es ?<\/p>\n<p>D&rsquo;une part, vos donn\u00e9es sont collect\u00e9es lorsque vous nous les communiquez. Il peut s&rsquo;agir, par exemple, de donn\u00e9es que vous saisissez dans un formulaire de contact.<\/p>\n<p>D&rsquo;autres donn\u00e9es sont automatiquement enregistr\u00e9es par nos syst\u00e8mes informatiques lorsque vous visitez le site Web. Il s&rsquo;agit principalement de donn\u00e9es techniques (par exemple, le navigateur Internet, le syst\u00e8me d&rsquo;exploitation ou l&rsquo;heure de la consultation de la page). Ces donn\u00e9es sont collect\u00e9es automatiquement d\u00e8s que vous acc\u00e9dez \u00e0 notre site Web.<\/p>\n<p>Dans quel but utilisons-nous vos donn\u00e9es ?<\/p>\n<p>Une partie des donn\u00e9es est collect\u00e9e pour garantir que le site Web est fourni sans erreur. D&rsquo;autres donn\u00e9es peuvent \u00eatre utilis\u00e9es pour analyser votre comportement d&rsquo;utilisateur.<\/p>\n<p>Quels droits avez-vous concernant vos donn\u00e9es ?<\/p>\n<p>Vous avez le droit de recevoir gratuitement \u00e0 tout moment des informations sur l&rsquo;origine, le destinataire et le but de vos donn\u00e9es personnelles stock\u00e9es. Vous avez \u00e9galement le droit de demander la correction, le blocage ou la suppression de ces donn\u00e9es. Vous pouvez nous contacter \u00e0 tout moment \u00e0 l&rsquo;adresse indiqu\u00e9e dans les mentions l\u00e9gales si vous avez d&rsquo;autres questions au sujet de la protection des donn\u00e9es. Vous avez \u00e9galement le droit d&rsquo;introduire une r\u00e9clamation aupr\u00e8s de l&rsquo;autorit\u00e9 de contr\u00f4le comp\u00e9tente.<\/p>\n<p>Outils d&rsquo;analyse et outils tiers<br \/>\nLorsque vous visitez notre site Web, votre comportement de navigation peut \u00eatre \u00e9valu\u00e9 statistiquement. Cela se fait principalement avec des cookies et des programmes dits d&rsquo;analyse. L&rsquo;analyse de votre comportement de navigation est g\u00e9n\u00e9ralement anonyme ; le comportement de navigation ne peut pas \u00eatre retrac\u00e9 jusqu&rsquo;\u00e0 vous. Vous pouvez vous opposer \u00e0 cette analyse ou l&#8217;emp\u00eacher en n&rsquo;utilisant pas certains outils. Vous trouverez des informations d\u00e9taill\u00e9es \u00e0 ce sujet dans la d\u00e9claration de protection des donn\u00e9es suivante.<\/p>\n<p>Vous pouvez vous opposer \u00e0 cette analyse. Nous vous informerons des possibilit\u00e9s d&rsquo;opposition dans cette d\u00e9claration de protection des donn\u00e9es.<\/p>\n<p>2. Informations g\u00e9n\u00e9rales et informations obligatoires<br \/>\nintimit\u00e9<br \/>\nLes exploitants de ces pages prennent tr\u00e8s au s\u00e9rieux la protection de vos donn\u00e9es personnelles. Nous traitons vos donn\u00e9es personnelles de mani\u00e8re confidentielle et conform\u00e9ment aux dispositions l\u00e9gales en mati\u00e8re de protection des donn\u00e9es et \u00e0 la pr\u00e9sente d\u00e9claration de protection des donn\u00e9es.<\/p>\n<p>Si vous utilisez ce site Web, diverses donn\u00e9es personnelles seront collect\u00e9es. Les donn\u00e9es personnelles sont des donn\u00e9es avec lesquelles vous pouvez \u00eatre personnellement identifi\u00e9. Cette d\u00e9claration de protection des donn\u00e9es explique quelles donn\u00e9es nous collectons et pourquoi nous les utilisons. Il explique \u00e9galement comment et dans quel but cela se produit.<\/p>\n<p>Nous attirons votre attention sur le fait que la transmission de donn\u00e9es sur Internet (par exemple lors de la communication par e-mail) peut pr\u00e9senter des failles de s\u00e9curit\u00e9. Une protection compl\u00e8te des donn\u00e9es contre l&rsquo;acc\u00e8s par des tiers n&rsquo;est pas possible.<\/p>\n<p>Remarque sur l&rsquo;organisme responsable<br \/>\nLe responsable du traitement des donn\u00e9es sur ce site est :<\/p>\n<p>Quom Srl<br \/>\nSEDE JURIDIQUE\u00a0:<br \/>\nZone industrielle San Vito<br \/>\n09040 San Vito, Cagliari<br \/>\nItalie<\/p>\n<p>T\u00e9l\u00e9phone : +39 070 99 28 270<br \/>\nCourriel : amministrazione@quom.it<\/p>\n<p>L&rsquo;organisme responsable est la personne physique ou morale qui, seule ou avec d&rsquo;autres, d\u00e9cide des finalit\u00e9s et des moyens du traitement des donn\u00e9es personnelles (par exemple, noms, adresses e-mail, etc.).<\/p>\n<p>R\u00e9vocation de votre consentement au traitement des donn\u00e9es<br \/>\nDe nombreuses op\u00e9rations de traitement de donn\u00e9es ne sont possibles qu&rsquo;avec votre consentement expr\u00e8s. Vous pouvez r\u00e9voquer \u00e0 tout moment le consentement que vous avez d\u00e9j\u00e0 donn\u00e9. Un message informel par e-mail nous est suffisant. La l\u00e9galit\u00e9 du traitement des donn\u00e9es effectu\u00e9 jusqu&rsquo;\u00e0 la r\u00e9vocation n&rsquo;est pas affect\u00e9e par la r\u00e9vocation.<\/p>\n<p>Droit de recours aupr\u00e8s de l&rsquo;autorit\u00e9 de contr\u00f4le comp\u00e9tente<br \/>\nEn cas de violation de la loi sur la protection des donn\u00e9es, la personne concern\u00e9e a le droit de d\u00e9poser une plainte aupr\u00e8s de l&rsquo;autorit\u00e9 de contr\u00f4le comp\u00e9tente. L&rsquo;autorit\u00e9 de contr\u00f4le comp\u00e9tente pour les questions de protection des donn\u00e9es est le d\u00e9l\u00e9gu\u00e9 \u00e0 la protection des donn\u00e9es de l&rsquo;\u00c9tat f\u00e9d\u00e9ral dans lequel notre entreprise est bas\u00e9e. Une liste des d\u00e9l\u00e9gu\u00e9s \u00e0 la protection des donn\u00e9es et leurs coordonn\u00e9es sont disponibles sur le lien suivant : https:\/\/www.bfdi.bund.de\/DE\/Infothek\/Anschriften_Links\/anschriften_links-node.html.<\/p>\n<p>Droit \u00e0 la portabilit\u00e9 des donn\u00e9es<br \/>\nVous avez le droit d&rsquo;avoir des donn\u00e9es que nous traitons automatiquement sur la base de votre consentement ou en ex\u00e9cution d&rsquo;un contrat qui vous est remis ou \u00e0 un tiers dans un format commun lisible par machine. jusqu&rsquo;\u00e0 pr\u00e9sent<\/p>\n\t\t\t\t\t\t\t\t<\/div>\n\t\t\t\t<\/div>\n\t\t\t\t\t<\/div>\n\t\t<\/div>\n\t\t\t\t\t<\/div>\n\t\t<\/section>\n\t\t\t\t<\/div>\n\t\t","protected":false},"excerpt":{"rendered":"<p>Protection des donn\u00e9es Protection des donn\u00e9es 1. La confidentialit\u00e9 en un coup d&rsquo;\u0153il informations g\u00e9n\u00e9rales Les notes suivantes donnent un aper\u00e7u simple de ce qu&rsquo;il advient de vos donn\u00e9es personnelles lorsque vous visitez notre site Web. Les donn\u00e9es personnelles sont toutes les donn\u00e9es avec lesquelles vous pouvez \u00eatre personnellement identifi\u00e9. Vous trouverez des informations d\u00e9taill\u00e9es [&hellip;]<\/p>\n","protected":false},"author":2,"featured_media":0,"parent":0,"menu_order":0,"comment_status":"closed","ping_status":"closed","template":"","meta":{"_seopress_robots_primary_cat":"","_seopress_titles_title":"","_seopress_titles_desc":"","_seopress_robots_index":"","footnotes":""},"class_list":["post-1654","page","type-page","status-publish","hentry"],"_links":{"self":[{"href":"https:\/\/quom-radiator.com\/fr\/wp-json\/wp\/v2\/pages\/1654","targetHints":{"allow":["GET"]}}],"collection":[{"href":"https:\/\/quom-radiator.com\/fr\/wp-json\/wp\/v2\/pages"}],"about":[{"href":"https:\/\/quom-radiator.com\/fr\/wp-json\/wp\/v2\/types\/page"}],"author":[{"embeddable":true,"href":"https:\/\/quom-radiator.com\/fr\/wp-json\/wp\/v2\/users\/2"}],"replies":[{"embeddable":true,"href":"https:\/\/quom-radiator.com\/fr\/wp-json\/wp\/v2\/comments?post=1654"}],"version-history":[{"count":1,"href":"https:\/\/quom-radiator.com\/fr\/wp-json\/wp\/v2\/pages\/1654\/revisions"}],"predecessor-version":[{"id":1655,"href":"https:\/\/quom-radiator.com\/fr\/wp-json\/wp\/v2\/pages\/1654\/revisions\/1655"}],"wp:attachment":[{"href":"https:\/\/quom-radiator.com\/fr\/wp-json\/wp\/v2\/media?parent=1654"}],"curies":[{"name":"wp","href":"https:\/\/api.w.org\/{rel}","templated":true}]}}