{"id":1497,"date":"2022-09-10T00:22:10","date_gmt":"2022-09-09T22:22:10","guid":{"rendered":"https:\/\/quom-radiator.comforme-alternative\/"},"modified":"2022-09-26T01:36:18","modified_gmt":"2022-09-25T23:36:18","slug":"forme-alternative","status":"publish","type":"page","link":"https:\/\/quom-radiator.com\/it\/forme-alternative\/","title":{"rendered":"Forme alternative"},"content":{"rendered":"\t\t<div data-elementor-type=\"wp-page\" data-elementor-id=\"1497\" class=\"elementor elementor-1497 elementor-726\" data-elementor-post-type=\"page\">\n\t\t\t\t\t\t<section class=\"elementor-section elementor-top-section elementor-element elementor-element-46abb483 elementor-section-boxed elementor-section-height-default elementor-section-height-default\" data-id=\"46abb483\" data-element_type=\"section\" data-e-type=\"section\">\n\t\t\t\t\t\t<div class=\"elementor-container elementor-column-gap-default\">\n\t\t\t\t\t<div class=\"elementor-column elementor-col-100 elementor-top-column elementor-element elementor-element-58bd266f\" data-id=\"58bd266f\" data-element_type=\"column\" data-e-type=\"column\">\n\t\t\t<div class=\"elementor-widget-wrap elementor-element-populated\">\n\t\t\t\t\t\t<div class=\"elementor-element elementor-element-1520041a elementor-widget-divider--view-line elementor-invisible elementor-widget elementor-widget-divider\" data-id=\"1520041a\" data-element_type=\"widget\" data-e-type=\"widget\" data-settings=\"{&quot;_animation&quot;:&quot;fadeIn&quot;}\" data-widget_type=\"divider.default\">\n\t\t\t\t<div class=\"elementor-widget-container\">\n\t\t\t\t\t\t\t<div class=\"elementor-divider\">\n\t\t\t<span class=\"elementor-divider-separator\">\n\t\t\t\t\t\t<\/span>\n\t\t<\/div>\n\t\t\t\t\t\t<\/div>\n\t\t\t\t<\/div>\n\t\t\t\t\t<\/div>\n\t\t<\/div>\n\t\t\t\t\t<\/div>\n\t\t<\/section>\n\t\t\t\t<section class=\"elementor-section elementor-top-section elementor-element elementor-element-5beede3f elementor-section-full_width elementor-section-height-min-height elementor-section-items-stretch elementor-section-height-default\" data-id=\"5beede3f\" data-element_type=\"section\" data-e-type=\"section\">\n\t\t\t\t\t\t<div class=\"elementor-container elementor-column-gap-default\">\n\t\t\t\t\t<div class=\"elementor-column elementor-col-100 elementor-top-column elementor-element elementor-element-3d52c3b0\" data-id=\"3d52c3b0\" data-element_type=\"column\" data-e-type=\"column\" data-settings=\"{&quot;animation&quot;:&quot;none&quot;}\">\n\t\t\t<div class=\"elementor-widget-wrap elementor-element-populated\">\n\t\t\t\t\t\t<div class=\"elementor-element elementor-element-2081a65d elementor-invisible elementor-widget elementor-widget-heading\" data-id=\"2081a65d\" data-element_type=\"widget\" data-e-type=\"widget\" data-settings=\"{&quot;_animation&quot;:&quot;fadeIn&quot;}\" data-widget_type=\"heading.default\">\n\t\t\t\t<div class=\"elementor-widget-container\">\n\t\t\t\t\t<h2 class=\"elementor-heading-title elementor-size-default\">FORME ALTERNATIVE<\/h2>\t\t\t\t<\/div>\n\t\t\t\t<\/div>\n\t\t\t\t<div class=\"elementor-element elementor-element-6ca0e570 elementor-invisible elementor-widget elementor-widget-text-editor\" data-id=\"6ca0e570\" data-element_type=\"widget\" data-e-type=\"widget\" data-settings=\"{&quot;_animation&quot;:&quot;fadeInRight&quot;}\" data-widget_type=\"text-editor.default\">\n\t\t\t\t<div class=\"elementor-widget-container\">\n\t\t\t\t\t\t\t\t\t<p>Meravigliosi dettagli per il bagno e la cucina sono i nostri scaldasalviette decorativi, cui si pu\u00f2 anche appendere l&#8217;accappatoio ad asciugare. Unendo un valore estetico con il comfort termico, lo scalda abiti DNA si trasforma da oggetto a opera d&#8217;arte.<\/p>\n\t\t\t\t\t\t\t\t<\/div>\n\t\t\t\t<\/div>\n\t\t\t\t\t<\/div>\n\t\t<\/div>\n\t\t\t\t\t<\/div>\n\t\t<\/section>\n\t\t\t\t<section class=\"elementor-section elementor-top-section elementor-element elementor-element-7795abf8 animated-slow elementor-section-boxed elementor-section-height-default elementor-section-height-default elementor-invisible\" data-id=\"7795abf8\" data-element_type=\"section\" data-e-type=\"section\" data-settings=\"{&quot;animation&quot;:&quot;fadeIn&quot;}\">\n\t\t\t\t\t\t<div class=\"elementor-container elementor-column-gap-custom\">\n\t\t\t\t\t<div class=\"elementor-column elementor-col-33 elementor-top-column elementor-element elementor-element-72b4e05 elementor-invisible\" data-id=\"72b4e05\" data-element_type=\"column\" data-e-type=\"column\" data-settings=\"{&quot;animation&quot;:&quot;fadeInLeft&quot;,&quot;animation_delay&quot;:1000}\">\n\t\t\t<div class=\"elementor-widget-wrap elementor-element-populated\">\n\t\t\t\t\t\t<div class=\"elementor-element elementor-element-5e181615 elementor-position-top elementor-widget elementor-widget-image-box\" data-id=\"5e181615\" data-element_type=\"widget\" data-e-type=\"widget\" data-widget_type=\"image-box.default\">\n\t\t\t\t<div class=\"elementor-widget-container\">\n\t\t\t\t\t<div class=\"elementor-image-box-wrapper\"><figure class=\"elementor-image-box-img\"><a href=\"#\" target=\"_blank\" tabindex=\"-1\"><img fetchpriority=\"high\" decoding=\"async\" width=\"537\" height=\"760\" src=\"https:\/\/quom-radiator.com\/wp-content\/uploads\/2022\/09\/BELLATRIX-AMBIENT.jpeg\" class=\"elementor-animation-grow attachment-full size-full wp-image-1378\" alt=\"\" srcset=\"https:\/\/quom-radiator.com\/wp-content\/uploads\/2022\/09\/BELLATRIX-AMBIENT.jpeg 537w, https:\/\/quom-radiator.com\/wp-content\/uploads\/2022\/09\/BELLATRIX-AMBIENT-212x300.jpeg 212w\" sizes=\"(max-width: 537px) 100vw, 537px\" \/><\/a><\/figure><div class=\"elementor-image-box-content\"><h3 class=\"elementor-image-box-title\"><a href=\"#\" target=\"_blank\">BELLATRIX<\/a><\/h3><p class=\"elementor-image-box-description\">Uno splendido dettaglio per ogni bagno e ogni cucina. Il design di questo modello armonico \u00e8 il prototipo ormai entrato nell'uso comune di una nuova cultura che unisce arredamento e riscaldamento. Bellatrix \u00e8 un calorifero con forme innovative ed equilibrate e le estremit\u00e0 arrotondate. Un oggetto di arredo per ambienti in cui conta anche l'aspetto estetico. BELLATRIX \u00e8 disponibile in versione cromata o verniciato di bianco.<\/p><\/div><\/div>\t\t\t\t<\/div>\n\t\t\t\t<\/div>\n\t\t\t\t\t<\/div>\n\t\t<\/div>\n\t\t\t\t<div class=\"elementor-column elementor-col-33 elementor-top-column elementor-element elementor-element-37cc847f elementor-invisible\" data-id=\"37cc847f\" data-element_type=\"column\" data-e-type=\"column\" data-settings=\"{&quot;animation&quot;:&quot;fadeIn&quot;,&quot;animation_delay&quot;:1000}\">\n\t\t\t<div class=\"elementor-widget-wrap elementor-element-populated\">\n\t\t\t\t\t\t<div class=\"elementor-element elementor-element-7b3a65d8 elementor-position-top elementor-widget elementor-widget-image-box\" data-id=\"7b3a65d8\" data-element_type=\"widget\" data-e-type=\"widget\" data-widget_type=\"image-box.default\">\n\t\t\t\t<div class=\"elementor-widget-container\">\n\t\t\t\t\t<div class=\"elementor-image-box-wrapper\"><figure class=\"elementor-image-box-img\"><img decoding=\"async\" width=\"532\" height=\"760\" src=\"https:\/\/quom-radiator.com\/wp-content\/uploads\/2022\/09\/SPICA-AMBIENT.jpeg\" class=\"elementor-animation-grow attachment-full size-full wp-image-1382\" alt=\"\" srcset=\"https:\/\/quom-radiator.com\/wp-content\/uploads\/2022\/09\/SPICA-AMBIENT.jpeg 532w, https:\/\/quom-radiator.com\/wp-content\/uploads\/2022\/09\/SPICA-AMBIENT-210x300.jpeg 210w\" sizes=\"(max-width: 532px) 100vw, 532px\" \/><\/figure><div class=\"elementor-image-box-content\"><h3 class=\"elementor-image-box-title\">SPICA<\/h3><p class=\"elementor-image-box-description\">L'impiego della creativit\u00e0 nella ricerca di nuove forme trova nel modello decorativo SPICA la sua prima espressione. Lo spazio per stendere salviette e biancheria \u00e8 ancora pi\u00f9 funzionale. Bello e utile, lo scaldasalviette SPICA \u00e8 un elemento decorativo e riscaldante cui si pu\u00f2 appendere anche l'accappatoio ad asciugare. SPICA \u00e8 disponibile in versione cromata o verniciato di bianco.<\/p><\/div><\/div>\t\t\t\t<\/div>\n\t\t\t\t<\/div>\n\t\t\t\t\t<\/div>\n\t\t<\/div>\n\t\t\t\t<div class=\"elementor-column elementor-col-33 elementor-top-column elementor-element elementor-element-400d17c7 elementor-invisible\" data-id=\"400d17c7\" data-element_type=\"column\" data-e-type=\"column\" data-settings=\"{&quot;animation&quot;:&quot;fadeInRight&quot;,&quot;animation_delay&quot;:1000}\">\n\t\t\t<div class=\"elementor-widget-wrap elementor-element-populated\">\n\t\t\t\t\t\t<div class=\"elementor-element elementor-element-592c7255 elementor-position-top elementor-widget elementor-widget-image-box\" data-id=\"592c7255\" data-element_type=\"widget\" data-e-type=\"widget\" data-widget_type=\"image-box.default\">\n\t\t\t\t<div class=\"elementor-widget-container\">\n\t\t\t\t\t<div class=\"elementor-image-box-wrapper\"><figure class=\"elementor-image-box-img\"><img decoding=\"async\" width=\"537\" height=\"760\" src=\"https:\/\/quom-radiator.com\/wp-content\/uploads\/2022\/09\/DNA-AMBIENT.jpeg\" class=\"elementor-animation-grow attachment-full size-full wp-image-1386\" alt=\"\" srcset=\"https:\/\/quom-radiator.com\/wp-content\/uploads\/2022\/09\/DNA-AMBIENT.jpeg 537w, https:\/\/quom-radiator.com\/wp-content\/uploads\/2022\/09\/DNA-AMBIENT-212x300.jpeg 212w\" sizes=\"(max-width: 537px) 100vw, 537px\" \/><\/figure><div class=\"elementor-image-box-content\"><h3 class=\"elementor-image-box-title\">DNA<\/h3><p class=\"elementor-image-box-description\">Unendo un valore estetico con il comfort termico, lo scalda abiti DNA si trasforma da oggetto a opera d'arte. L'originale e stravagante scalda abiti DNA \u00e8 un meraviglioso oggetto di arredamento che crea nuovi spazi a casa tua. DNA \u00e8 costituito da una resistenza elettrica per riscaldamento e si usa per riscaldare gli ambienti quando l'impianto centralizzato \u00e8 spento. \u00c8 un dispositivo che coniuga eleganza e rendimento termico.<\/p><\/div><\/div>\t\t\t\t<\/div>\n\t\t\t\t<\/div>\n\t\t\t\t\t<\/div>\n\t\t<\/div>\n\t\t\t\t\t<\/div>\n\t\t<\/section>\n\t\t\t\t<section class=\"elementor-section elementor-top-section elementor-element elementor-element-8b7c2c6 animated-slow elementor-section-boxed elementor-section-height-default elementor-section-height-default elementor-invisible\" data-id=\"8b7c2c6\" data-element_type=\"section\" data-e-type=\"section\" data-settings=\"{&quot;animation&quot;:&quot;fadeIn&quot;}\">\n\t\t\t\t\t\t<div class=\"elementor-container elementor-column-gap-custom\">\n\t\t\t\t\t<div class=\"elementor-column elementor-col-33 elementor-top-column elementor-element elementor-element-b374f68 elementor-invisible\" data-id=\"b374f68\" data-element_type=\"column\" data-e-type=\"column\" data-settings=\"{&quot;animation&quot;:&quot;fadeInLeft&quot;,&quot;animation_delay&quot;:1000}\">\n\t\t\t<div class=\"elementor-widget-wrap elementor-element-populated\">\n\t\t\t\t\t\t<div class=\"elementor-element elementor-element-fb8be58 elementor-position-top elementor-widget elementor-widget-image-box\" data-id=\"fb8be58\" data-element_type=\"widget\" data-e-type=\"widget\" data-widget_type=\"image-box.default\">\n\t\t\t\t<div class=\"elementor-widget-container\">\n\t\t\t\t\t<div class=\"elementor-image-box-wrapper\"><figure class=\"elementor-image-box-img\"><a href=\"#\" target=\"_blank\" tabindex=\"-1\"><img loading=\"lazy\" decoding=\"async\" width=\"532\" height=\"760\" src=\"https:\/\/quom-radiator.com\/wp-content\/uploads\/2022\/09\/GAYA-radiator.jpeg\" class=\"elementor-animation-grow attachment-full size-full wp-image-1390\" alt=\"\" srcset=\"https:\/\/quom-radiator.com\/wp-content\/uploads\/2022\/09\/GAYA-radiator.jpeg 532w, https:\/\/quom-radiator.com\/wp-content\/uploads\/2022\/09\/GAYA-radiator-210x300.jpeg 210w\" sizes=\"(max-width: 532px) 100vw, 532px\" \/><\/a><\/figure><div class=\"elementor-image-box-content\"><h3 class=\"elementor-image-box-title\"><a href=\"#\" target=\"_blank\">GAYA<\/a><\/h3><p class=\"elementor-image-box-description\">Gaya unisce il design con il concetto di calore. Lo scalda abiti Gaya presenta dettagli convincenti ed \u00e8 un vero e proprio pezzo di arredamento pur mantenendo la sua funzione primaria di calorifero. La forma originale consente di appendervi gli oggetti pi\u00f9 diversi: un ometto, un ombrello, una borsa o un cappotto. Grazie alla resistenza elettrica interna, in poco tempo si ottiene la temperatura ideale per ogni ambiente secondo le proprie preferenze e con un effettivo risparmio energetico.<\/p><\/div><\/div>\t\t\t\t<\/div>\n\t\t\t\t<\/div>\n\t\t\t\t\t<\/div>\n\t\t<\/div>\n\t\t\t\t<div class=\"elementor-column elementor-col-33 elementor-top-column elementor-element elementor-element-29f35ac elementor-invisible\" data-id=\"29f35ac\" data-element_type=\"column\" data-e-type=\"column\" data-settings=\"{&quot;animation&quot;:&quot;fadeIn&quot;,&quot;animation_delay&quot;:1000}\">\n\t\t\t<div class=\"elementor-widget-wrap elementor-element-populated\">\n\t\t\t\t\t\t<div class=\"elementor-element elementor-element-443e6f2 elementor-position-top elementor-invisible elementor-widget elementor-widget-image-box\" data-id=\"443e6f2\" data-element_type=\"widget\" data-e-type=\"widget\" data-settings=\"{&quot;_animation&quot;:&quot;fadeIn&quot;}\" data-widget_type=\"image-box.default\">\n\t\t\t\t<div class=\"elementor-widget-container\">\n\t\t\t\t\t<div class=\"elementor-image-box-wrapper\"><figure class=\"elementor-image-box-img\"><img loading=\"lazy\" decoding=\"async\" width=\"535\" height=\"760\" src=\"https:\/\/quom-radiator.com\/wp-content\/uploads\/2022\/09\/ROYAL-radiator.jpeg\" class=\"elementor-animation-grow attachment-full size-full wp-image-1394\" alt=\"\" srcset=\"https:\/\/quom-radiator.com\/wp-content\/uploads\/2022\/09\/ROYAL-radiator.jpeg 535w, https:\/\/quom-radiator.com\/wp-content\/uploads\/2022\/09\/ROYAL-radiator-211x300.jpeg 211w\" sizes=\"(max-width: 535px) 100vw, 535px\" \/><\/figure><div class=\"elementor-image-box-content\"><h3 class=\"elementor-image-box-title\">ROYAL<\/h3><p class=\"elementor-image-box-description\"> Lo scalda abiti Royal \u00e8 stato sviluppato in stile classico per irradiare oltre al calore uno stile raffinato. Il calore nella sua forma pi\u00f9 bella. Royal \u00e8 uno scalda abiti con resistenza elettrica interna per riscaldamento. Unico nel suo genere grazie al suo design r\u00e9tro interamente di metallo, dotato di portaombrelli e quattro grossi ganci, questo scalda abiti \u00e8 un oggetto sobrio ed elegante collocabile in ogni ambiente. Grazie al suo aspetto antico, ogni volta che lo si guarda si avr\u00e0 la sensazione di fare un tuffo nel passato.<\/p><\/div><\/div>\t\t\t\t<\/div>\n\t\t\t\t<\/div>\n\t\t\t\t\t<\/div>\n\t\t<\/div>\n\t\t\t\t<div class=\"elementor-column elementor-col-33 elementor-top-column elementor-element elementor-element-5a515c6 elementor-invisible\" data-id=\"5a515c6\" data-element_type=\"column\" data-e-type=\"column\" data-settings=\"{&quot;animation&quot;:&quot;fadeInRight&quot;,&quot;animation_delay&quot;:1000}\">\n\t\t\t<div class=\"elementor-widget-wrap\">\n\t\t\t\t\t\t\t<\/div>\n\t\t<\/div>\n\t\t\t\t\t<\/div>\n\t\t<\/section>\n\t\t\t\t<section class=\"elementor-section elementor-top-section elementor-element elementor-element-248a2fef elementor-section-content-middle elementor-section-boxed elementor-section-height-default elementor-section-height-default\" data-id=\"248a2fef\" data-element_type=\"section\" data-e-type=\"section\">\n\t\t\t\t\t\t<div class=\"elementor-container elementor-column-gap-no\">\n\t\t\t\t\t<div class=\"elementor-column elementor-col-100 elementor-top-column elementor-element elementor-element-5ac2ba0a\" data-id=\"5ac2ba0a\" data-element_type=\"column\" data-e-type=\"column\">\n\t\t\t<div class=\"elementor-widget-wrap elementor-element-populated\">\n\t\t\t\t\t\t<div class=\"elementor-element elementor-element-1b11f630 elementor-widget elementor-widget-heading\" data-id=\"1b11f630\" data-element_type=\"widget\" data-e-type=\"widget\" data-widget_type=\"heading.default\">\n\t\t\t\t<div class=\"elementor-widget-container\">\n\t\t\t\t\t<h4 class=\"elementor-heading-title elementor-size-default\">Download dati tecnici<\/h4>\t\t\t\t<\/div>\n\t\t\t\t<\/div>\n\t\t\t\t<div class=\"elementor-element elementor-element-35e9dfb1 elementor-align-center elementor-invisible elementor-widget elementor-widget-button\" data-id=\"35e9dfb1\" data-element_type=\"widget\" data-e-type=\"widget\" data-settings=\"{&quot;_animation&quot;:&quot;pulse&quot;}\" data-widget_type=\"button.default\">\n\t\t\t\t<div class=\"elementor-widget-container\">\n\t\t\t\t\t\t\t\t\t<div class=\"elementor-button-wrapper\">\n\t\t\t\t\t<a class=\"elementor-button elementor-button-link elementor-size-sm elementor-animation-grow\" href=\"https:\/\/quom-radiator.comwp-content\/uploads\/2022\/09\/CATALOGO-QUOM-2021-NO-PREZZI.pdf\">\n\t\t\t\t\t\t<span class=\"elementor-button-content-wrapper\">\n\t\t\t\t\t\t<span class=\"elementor-button-icon\">\n\t\t\t\t<i aria-hidden=\"true\" class=\"far fa-file-pdf\"><\/i>\t\t\t<\/span>\n\t\t\t\t\t\t\t\t\t<span class=\"elementor-button-text\">Catalogo prodotti<\/span>\n\t\t\t\t\t<\/span>\n\t\t\t\t\t<\/a>\n\t\t\t\t<\/div>\n\t\t\t\t\t\t\t\t<\/div>\n\t\t\t\t<\/div>\n\t\t\t\t\t<\/div>\n\t\t<\/div>\n\t\t\t\t\t<\/div>\n\t\t<\/section>\n\t\t\t\t<section class=\"elementor-section elementor-top-section elementor-element elementor-element-1573e96 elementor-section-boxed elementor-section-height-default elementor-section-height-default\" data-id=\"1573e96\" data-element_type=\"section\" data-e-type=\"section\">\n\t\t\t\t\t\t<div class=\"elementor-container elementor-column-gap-default\">\n\t\t\t\t\t<div class=\"elementor-column elementor-col-100 elementor-top-column elementor-element elementor-element-63027021\" data-id=\"63027021\" data-element_type=\"column\" data-e-type=\"column\">\n\t\t\t<div class=\"elementor-widget-wrap elementor-element-populated\">\n\t\t\t\t\t\t<div class=\"elementor-element elementor-element-4fe945cc elementor-widget elementor-widget-spacer\" data-id=\"4fe945cc\" data-element_type=\"widget\" data-e-type=\"widget\" data-widget_type=\"spacer.default\">\n\t\t\t\t<div class=\"elementor-widget-container\">\n\t\t\t\t\t\t\t<div class=\"elementor-spacer\">\n\t\t\t<div class=\"elementor-spacer-inner\"><\/div>\n\t\t<\/div>\n\t\t\t\t\t\t<\/div>\n\t\t\t\t<\/div>\n\t\t\t\t\t<\/div>\n\t\t<\/div>\n\t\t\t\t\t<\/div>\n\t\t<\/section>\n\t\t\t\t<section class=\"elementor-section elementor-top-section elementor-element elementor-element-6c87b3f2 elementor-section-content-middle elementor-reverse-mobile elementor-section-boxed elementor-section-height-default elementor-section-height-default\" data-id=\"6c87b3f2\" data-element_type=\"section\" data-e-type=\"section\" data-settings=\"{&quot;background_background&quot;:&quot;classic&quot;}\">\n\t\t\t\t\t\t<div class=\"elementor-container elementor-column-gap-no\">\n\t\t\t\t\t<div class=\"elementor-column elementor-col-50 elementor-top-column elementor-element elementor-element-73fcf717\" data-id=\"73fcf717\" data-element_type=\"column\" data-e-type=\"column\">\n\t\t\t<div class=\"elementor-widget-wrap elementor-element-populated\">\n\t\t\t\t\t\t<div class=\"elementor-element elementor-element-36832a14 elementor-widget-divider--view-line_text elementor-widget-divider--element-align-left elementor-widget elementor-widget-divider\" data-id=\"36832a14\" data-element_type=\"widget\" data-e-type=\"widget\" data-settings=\"{&quot;motion_fx_motion_fx_scrolling&quot;:&quot;yes&quot;,&quot;motion_fx_translateX_effect&quot;:&quot;yes&quot;,&quot;motion_fx_translateX_speed&quot;:{&quot;unit&quot;:&quot;px&quot;,&quot;size&quot;:&quot;1&quot;,&quot;sizes&quot;:[]},&quot;motion_fx_translateX_affectedRange&quot;:{&quot;unit&quot;:&quot;%&quot;,&quot;size&quot;:&quot;&quot;,&quot;sizes&quot;:{&quot;start&quot;:&quot;0&quot;,&quot;end&quot;:&quot;50&quot;}},&quot;motion_fx_devices&quot;:[&quot;desktop&quot;,&quot;tablet&quot;],&quot;_animation&quot;:&quot;none&quot;}\" data-widget_type=\"divider.default\">\n\t\t\t\t<div class=\"elementor-widget-container\">\n\t\t\t\t\t\t\t<div class=\"elementor-divider\">\n\t\t\t<span class=\"elementor-divider-separator\">\n\t\t\t\t\t\t\t<span class=\"elementor-divider__text elementor-divider__element\">\n\t\t\t\tInteressato ai nostri prodotti?\t\t\t\t<\/span>\n\t\t\t\t\t\t<\/span>\n\t\t<\/div>\n\t\t\t\t\t\t<\/div>\n\t\t\t\t<\/div>\n\t\t\t\t<div class=\"elementor-element elementor-element-724ba537 elementor-widget elementor-widget-heading\" data-id=\"724ba537\" data-element_type=\"widget\" data-e-type=\"widget\" data-widget_type=\"heading.default\">\n\t\t\t\t<div class=\"elementor-widget-container\">\n\t\t\t\t\t<h3 class=\"elementor-heading-title elementor-size-default\">siamo sempre disponibili <br \/> per qualsiasi ulteriore domanda<\/h3>\t\t\t\t<\/div>\n\t\t\t\t<\/div>\n\t\t\t\t<div class=\"elementor-element elementor-element-381829c elementor-align-left elementor-widget elementor-widget-button\" data-id=\"381829c\" data-element_type=\"widget\" data-e-type=\"widget\" data-widget_type=\"button.default\">\n\t\t\t\t<div class=\"elementor-widget-container\">\n\t\t\t\t\t\t\t\t\t<div class=\"elementor-button-wrapper\">\n\t\t\t\t\t<a class=\"elementor-button elementor-button-link elementor-size-sm\" href=\"https:\/\/quom-radiator.comit\/contatti\/\">\n\t\t\t\t\t\t<span class=\"elementor-button-content-wrapper\">\n\t\t\t\t\t\t\t\t\t<span class=\"elementor-button-text\">Contatti<\/span>\n\t\t\t\t\t<\/span>\n\t\t\t\t\t<\/a>\n\t\t\t\t<\/div>\n\t\t\t\t\t\t\t\t<\/div>\n\t\t\t\t<\/div>\n\t\t\t\t\t<\/div>\n\t\t<\/div>\n\t\t\t\t<div class=\"elementor-column elementor-col-50 elementor-top-column elementor-element elementor-element-50f76432\" data-id=\"50f76432\" data-element_type=\"column\" data-e-type=\"column\">\n\t\t\t<div class=\"elementor-widget-wrap elementor-element-populated\">\n\t\t\t\t\t\t<div class=\"elementor-element elementor-element-563e6f31 animated-slow elementor-invisible elementor-widget elementor-widget-image\" data-id=\"563e6f31\" data-element_type=\"widget\" data-e-type=\"widget\" data-settings=\"{&quot;_animation&quot;:&quot;fadeIn&quot;}\" data-widget_type=\"image.default\">\n\t\t\t\t<div class=\"elementor-widget-container\">\n\t\t\t\t\t\t\t\t\t\t\t\t\t\t\t<img loading=\"lazy\" decoding=\"async\" width=\"890\" height=\"470\" src=\"https:\/\/quom-radiator.com\/wp-content\/uploads\/2022\/09\/radiator-BELLATRIX.jpeg\" class=\"attachment-full size-full wp-image-1398\" alt=\"\" srcset=\"https:\/\/quom-radiator.com\/wp-content\/uploads\/2022\/09\/radiator-BELLATRIX.jpeg 890w, https:\/\/quom-radiator.com\/wp-content\/uploads\/2022\/09\/radiator-BELLATRIX-300x158.jpeg 300w, https:\/\/quom-radiator.com\/wp-content\/uploads\/2022\/09\/radiator-BELLATRIX-768x406.jpeg 768w\" sizes=\"(max-width: 890px) 100vw, 890px\" \/>\t\t\t\t\t\t\t\t\t\t\t\t\t\t\t<\/div>\n\t\t\t\t<\/div>\n\t\t\t\t\t<\/div>\n\t\t<\/div>\n\t\t\t\t\t<\/div>\n\t\t<\/section>\n\t\t\t\t<\/div>\n\t\t","protected":false},"excerpt":{"rendered":"<p>FORME ALTERNATIVE Meravigliosi dettagli per il bagno e la cucina sono i nostri scaldasalviette decorativi, cui si pu\u00f2 anche appendere l&#8217;accappatoio ad asciugare. Unendo un valore estetico con il comfort termico, lo scalda abiti DNA si trasforma da oggetto a opera d&#8217;arte. BELLATRIX Uno splendido dettaglio per ogni bagno e ogni cucina. Il design di [&hellip;]<\/p>\n","protected":false},"author":2,"featured_media":0,"parent":0,"menu_order":0,"comment_status":"closed","ping_status":"closed","template":"","meta":{"_seopress_robots_primary_cat":"","_seopress_titles_title":"","_seopress_titles_desc":"","_seopress_robots_index":"","footnotes":""},"class_list":["post-1497","page","type-page","status-publish","hentry"],"_links":{"self":[{"href":"https:\/\/quom-radiator.com\/it\/wp-json\/wp\/v2\/pages\/1497","targetHints":{"allow":["GET"]}}],"collection":[{"href":"https:\/\/quom-radiator.com\/it\/wp-json\/wp\/v2\/pages"}],"about":[{"href":"https:\/\/quom-radiator.com\/it\/wp-json\/wp\/v2\/types\/page"}],"author":[{"embeddable":true,"href":"https:\/\/quom-radiator.com\/it\/wp-json\/wp\/v2\/users\/2"}],"replies":[{"embeddable":true,"href":"https:\/\/quom-radiator.com\/it\/wp-json\/wp\/v2\/comments?post=1497"}],"version-history":[{"count":2,"href":"https:\/\/quom-radiator.com\/it\/wp-json\/wp\/v2\/pages\/1497\/revisions"}],"predecessor-version":[{"id":1783,"href":"https:\/\/quom-radiator.com\/it\/wp-json\/wp\/v2\/pages\/1497\/revisions\/1783"}],"wp:attachment":[{"href":"https:\/\/quom-radiator.com\/it\/wp-json\/wp\/v2\/media?parent=1497"}],"curies":[{"name":"wp","href":"https:\/\/api.w.org\/{rel}","templated":true}]}}