{"id":1510,"date":"2022-09-06T14:41:39","date_gmt":"2022-09-06T12:41:39","guid":{"rendered":"https:\/\/quom-radiator.comperche-quom\/"},"modified":"2022-09-23T16:54:36","modified_gmt":"2022-09-23T14:54:36","slug":"perche-quom","status":"publish","type":"page","link":"https:\/\/quom-radiator.com\/it\/perche-quom\/","title":{"rendered":"Perch\u00e9 QUOM"},"content":{"rendered":"\t\t<div data-elementor-type=\"wp-page\" data-elementor-id=\"1510\" class=\"elementor elementor-1510 elementor-345\" data-elementor-post-type=\"page\">\n\t\t\t\t\t\t<section class=\"elementor-section elementor-top-section elementor-element elementor-element-9fb35c4 elementor-section-full_width elementor-section-height-default elementor-section-height-default\" data-id=\"9fb35c4\" data-element_type=\"section\" data-e-type=\"section\">\n\t\t\t\t\t\t<div class=\"elementor-container elementor-column-gap-default\">\n\t\t\t\t\t<div class=\"elementor-column elementor-col-100 elementor-top-column elementor-element elementor-element-6126427\" data-id=\"6126427\" data-element_type=\"column\" data-e-type=\"column\">\n\t\t\t<div class=\"elementor-widget-wrap elementor-element-populated\">\n\t\t\t\t\t\t<div class=\"elementor-element elementor-element-5c6cc54 elementor-invisible elementor-widget elementor-widget-heading\" data-id=\"5c6cc54\" data-element_type=\"widget\" data-e-type=\"widget\" data-settings=\"{&quot;_animation&quot;:&quot;fadeIn&quot;}\" data-widget_type=\"heading.default\">\n\t\t\t\t<div class=\"elementor-widget-container\">\n\t\t\t\t\t<h1 class=\"elementor-heading-title elementor-size-default\">Garantiamo la massima <b>qualit\u00e0.<\/b><\/h1>\t\t\t\t<\/div>\n\t\t\t\t<\/div>\n\t\t\t\t\t<\/div>\n\t\t<\/div>\n\t\t\t\t\t<\/div>\n\t\t<\/section>\n\t\t\t\t<section class=\"elementor-section elementor-top-section elementor-element elementor-element-44c1929 elementor-section-boxed elementor-section-height-default elementor-section-height-default\" data-id=\"44c1929\" data-element_type=\"section\" data-e-type=\"section\">\n\t\t\t\t\t\t<div class=\"elementor-container elementor-column-gap-default\">\n\t\t\t\t\t<div class=\"elementor-column elementor-col-100 elementor-top-column elementor-element elementor-element-9dc3b92\" data-id=\"9dc3b92\" data-element_type=\"column\" data-e-type=\"column\">\n\t\t\t<div class=\"elementor-widget-wrap elementor-element-populated\">\n\t\t\t\t\t\t<div class=\"elementor-element elementor-element-a299c0f elementor-widget-divider--view-line elementor-invisible elementor-widget elementor-widget-divider\" data-id=\"a299c0f\" data-element_type=\"widget\" data-e-type=\"widget\" data-settings=\"{&quot;_animation&quot;:&quot;fadeInLeft&quot;}\" data-widget_type=\"divider.default\">\n\t\t\t\t<div class=\"elementor-widget-container\">\n\t\t\t\t\t\t\t<div class=\"elementor-divider\">\n\t\t\t<span class=\"elementor-divider-separator\">\n\t\t\t\t\t\t<\/span>\n\t\t<\/div>\n\t\t\t\t\t\t<\/div>\n\t\t\t\t<\/div>\n\t\t\t\t\t<\/div>\n\t\t<\/div>\n\t\t\t\t\t<\/div>\n\t\t<\/section>\n\t\t\t\t<section class=\"elementor-section elementor-top-section elementor-element elementor-element-dbcb11d elementor-section-content-middle elementor-section-boxed elementor-section-height-default elementor-section-height-default elementor-invisible\" data-id=\"dbcb11d\" data-element_type=\"section\" data-e-type=\"section\" data-settings=\"{&quot;animation&quot;:&quot;fadeIn&quot;}\">\n\t\t\t\t\t\t<div class=\"elementor-container elementor-column-gap-no\">\n\t\t\t\t\t<div class=\"elementor-column elementor-col-100 elementor-top-column elementor-element elementor-element-231e748f\" data-id=\"231e748f\" data-element_type=\"column\" data-e-type=\"column\">\n\t\t\t<div class=\"elementor-widget-wrap elementor-element-populated\">\n\t\t\t\t\t\t<div class=\"elementor-element elementor-element-227210d3 elementor-widget elementor-widget-image\" data-id=\"227210d3\" data-element_type=\"widget\" data-e-type=\"widget\" data-widget_type=\"image.default\">\n\t\t\t\t<div class=\"elementor-widget-container\">\n\t\t\t\t\t\t\t\t\t\t\t\t\t\t\t<img fetchpriority=\"high\" decoding=\"async\" width=\"1270\" height=\"711\" src=\"https:\/\/quom-radiator.com\/wp-content\/uploads\/2022\/09\/quom-radiator-quality.png\" class=\"attachment-full size-full wp-image-1250\" alt=\"\" srcset=\"https:\/\/quom-radiator.com\/wp-content\/uploads\/2022\/09\/quom-radiator-quality.png 1270w, https:\/\/quom-radiator.com\/wp-content\/uploads\/2022\/09\/quom-radiator-quality-300x168.png 300w, https:\/\/quom-radiator.com\/wp-content\/uploads\/2022\/09\/quom-radiator-quality-1024x573.png 1024w, https:\/\/quom-radiator.com\/wp-content\/uploads\/2022\/09\/quom-radiator-quality-768x430.png 768w\" sizes=\"(max-width: 1270px) 100vw, 1270px\" \/>\t\t\t\t\t\t\t\t\t\t\t\t\t\t\t<\/div>\n\t\t\t\t<\/div>\n\t\t\t\t<div class=\"elementor-element elementor-element-4a4854e3 elementor-widget elementor-widget-text-editor\" data-id=\"4a4854e3\" data-element_type=\"widget\" data-e-type=\"widget\" data-widget_type=\"text-editor.default\">\n\t\t\t\t<div class=\"elementor-widget-container\">\n\t\t\t\t\t\t\t\t\t<p>MASSIMA QUALIT\u00c0 GARANTITA DALL&#8217;ITALIANIT\u00c0 DEL PRODOTTO: DALLE MATERIE PRIME ALLE SINGOLE COMPONENTI AI PROCESSI DI LAVORAZIONE, IL TUTTO PORTA A UN CALORIFERO DI QUALIT\u00c0 SUPERIORE.<\/p>\n\t\t\t\t\t\t\t\t<\/div>\n\t\t\t\t<\/div>\n\t\t\t\t<section class=\"elementor-section elementor-inner-section elementor-element elementor-element-260eab4c elementor-section-boxed elementor-section-height-default elementor-section-height-default\" data-id=\"260eab4c\" data-element_type=\"section\" data-e-type=\"section\">\n\t\t\t\t\t\t<div class=\"elementor-container elementor-column-gap-default\">\n\t\t\t\t\t<div class=\"elementor-column elementor-col-50 elementor-inner-column elementor-element elementor-element-4633aa42\" data-id=\"4633aa42\" data-element_type=\"column\" data-e-type=\"column\">\n\t\t\t<div class=\"elementor-widget-wrap elementor-element-populated\">\n\t\t\t\t\t\t<div class=\"elementor-element elementor-element-2030ecd6 elementor-widget elementor-widget-text-editor\" data-id=\"2030ecd6\" data-element_type=\"widget\" data-e-type=\"widget\" data-widget_type=\"text-editor.default\">\n\t\t\t\t<div class=\"elementor-widget-container\">\n\t\t\t\t\t\t\t\t\t<p>Massima qualit\u00e0 garantita. Prodotti controllati, processi monitorati, componenti e materie di lavorazione sviluppate in proprio.<\/p>\n<p>Grazie alla loro forma particolare, la quantit\u00e0 d\u2019acqua che circola nei tubi Quom \u00e8 inferiore a quella necessaria per i tubi rotondi tradizionali. L\u2019ambiente si riscalda prima, con pi\u00f9 facilit\u00e0 e con un risparmio energetico garantito. I caloriferi Quom si caratterizzano per un\u2019elevata emissione di calore e si possono usare anche per il riscaldamento a basse temperature mantenendo tutti i loro vantaggi.<\/p>\n<p>Le versioni aventi un\u2019altezza di 1.80\/2.00 metri e 2 o 3 colonne sono una soluzione di arredamento elegante e raffinata.<\/p>\n\t\t\t\t\t\t\t\t<\/div>\n\t\t\t\t<\/div>\n\t\t\t\t\t<\/div>\n\t\t<\/div>\n\t\t\t\t<div class=\"elementor-column elementor-col-50 elementor-inner-column elementor-element elementor-element-1504765e\" data-id=\"1504765e\" data-element_type=\"column\" data-e-type=\"column\">\n\t\t\t<div class=\"elementor-widget-wrap elementor-element-populated\">\n\t\t\t\t\t\t<div class=\"elementor-element elementor-element-7bc200a6 elementor-widget elementor-widget-text-editor\" data-id=\"7bc200a6\" data-element_type=\"widget\" data-e-type=\"widget\" data-widget_type=\"text-editor.default\">\n\t\t\t\t<div class=\"elementor-widget-container\">\n\t\t\t\t\t\t\t\t\t<p>I modelli con 4 o 5 colonne sono pensati per le nicchie, ad esempio sotto le finestre o altri spazi con un\u2019altezza limitata, in modo da ottenere soluzioni funzionali con il maggiore rendimento termico possibile.<\/p>\n<p>LA LUNGA DURATA DEI CANALI SCHIACCIATI<br \/>\nUsiamo acciaio di elevata qualit\u00e0 in grado di sopportare la compressione e lo stiramento necessari per ottenere la forma esclusiva dei tubi QUOM. I tubi QUOM sono resistenti alle sollecitazioni meccaniche.<\/p>\n\t\t\t\t\t\t\t\t<\/div>\n\t\t\t\t<\/div>\n\t\t\t\t\t<\/div>\n\t\t<\/div>\n\t\t\t\t\t<\/div>\n\t\t<\/section>\n\t\t\t\t\t<\/div>\n\t\t<\/div>\n\t\t\t\t\t<\/div>\n\t\t<\/section>\n\t\t\t\t<section class=\"elementor-section elementor-top-section elementor-element elementor-element-ce49f81 elementor-section-full_width elementor-section-height-default elementor-section-height-default\" data-id=\"ce49f81\" data-element_type=\"section\" data-e-type=\"section\">\n\t\t\t\t\t\t<div class=\"elementor-container elementor-column-gap-default\">\n\t\t\t\t\t<div class=\"elementor-column elementor-col-100 elementor-top-column elementor-element elementor-element-85e219d\" data-id=\"85e219d\" data-element_type=\"column\" data-e-type=\"column\">\n\t\t\t<div class=\"elementor-widget-wrap elementor-element-populated\">\n\t\t\t\t\t\t<div class=\"elementor-element elementor-element-4f039a0 elementor-widget-divider--view-line_text elementor-widget-divider--element-align-left elementor-widget elementor-widget-divider\" data-id=\"4f039a0\" data-element_type=\"widget\" data-e-type=\"widget\" data-settings=\"{&quot;motion_fx_motion_fx_scrolling&quot;:&quot;yes&quot;,&quot;motion_fx_translateX_effect&quot;:&quot;yes&quot;,&quot;motion_fx_translateX_speed&quot;:{&quot;unit&quot;:&quot;px&quot;,&quot;size&quot;:&quot;1&quot;,&quot;sizes&quot;:[]},&quot;motion_fx_translateX_affectedRange&quot;:{&quot;unit&quot;:&quot;%&quot;,&quot;size&quot;:&quot;&quot;,&quot;sizes&quot;:{&quot;start&quot;:&quot;0&quot;,&quot;end&quot;:&quot;50&quot;}},&quot;motion_fx_devices&quot;:[&quot;desktop&quot;,&quot;tablet&quot;]}\" data-widget_type=\"divider.default\">\n\t\t\t\t<div class=\"elementor-widget-container\">\n\t\t\t\t\t\t\t<div class=\"elementor-divider\">\n\t\t\t<span class=\"elementor-divider-separator\">\n\t\t\t\t\t\t\t<span class=\"elementor-divider__text elementor-divider__element\">\n\t\t\t\t<b>Meno <\/b>costi di riscaldamento\t\t\t\t<\/span>\n\t\t\t\t\t\t<\/span>\n\t\t<\/div>\n\t\t\t\t\t\t<\/div>\n\t\t\t\t<\/div>\n\t\t\t\t\t<\/div>\n\t\t<\/div>\n\t\t\t\t\t<\/div>\n\t\t<\/section>\n\t\t\t\t<section class=\"elementor-section elementor-top-section elementor-element elementor-element-6463524 elementor-reverse-mobile elementor-section-boxed elementor-section-height-default elementor-section-height-default\" data-id=\"6463524\" data-element_type=\"section\" data-e-type=\"section\">\n\t\t\t\t\t\t<div class=\"elementor-container elementor-column-gap-default\">\n\t\t\t\t\t<div class=\"elementor-column elementor-col-50 elementor-top-column elementor-element elementor-element-3d3ef3c\" data-id=\"3d3ef3c\" data-element_type=\"column\" data-e-type=\"column\">\n\t\t\t<div class=\"elementor-widget-wrap elementor-element-populated\">\n\t\t\t\t\t\t<div class=\"elementor-element elementor-element-7140a65 elementor-invisible elementor-widget elementor-widget-image\" data-id=\"7140a65\" data-element_type=\"widget\" data-e-type=\"widget\" data-settings=\"{&quot;_animation&quot;:&quot;fadeIn&quot;}\" data-widget_type=\"image.default\">\n\t\t\t\t<div class=\"elementor-widget-container\">\n\t\t\t\t\t\t\t\t\t\t\t\t\t\t\t<img decoding=\"async\" width=\"1920\" height=\"2560\" src=\"https:\/\/quom-radiator.com\/wp-content\/uploads\/2022\/09\/save-energy.jpeg\" class=\"attachment-full size-full wp-image-1266\" alt=\"\" srcset=\"https:\/\/quom-radiator.com\/wp-content\/uploads\/2022\/09\/save-energy.jpeg 1920w, https:\/\/quom-radiator.com\/wp-content\/uploads\/2022\/09\/save-energy-225x300.jpeg 225w, https:\/\/quom-radiator.com\/wp-content\/uploads\/2022\/09\/save-energy-768x1024.jpeg 768w, https:\/\/quom-radiator.com\/wp-content\/uploads\/2022\/09\/save-energy-1152x1536.jpeg 1152w, https:\/\/quom-radiator.com\/wp-content\/uploads\/2022\/09\/save-energy-1536x2048.jpeg 1536w\" sizes=\"(max-width: 1920px) 100vw, 1920px\" \/>\t\t\t\t\t\t\t\t\t\t\t\t\t\t\t<\/div>\n\t\t\t\t<\/div>\n\t\t\t\t\t<\/div>\n\t\t<\/div>\n\t\t\t\t<div class=\"elementor-column elementor-col-50 elementor-top-column elementor-element elementor-element-ffa6af6\" data-id=\"ffa6af6\" data-element_type=\"column\" data-e-type=\"column\">\n\t\t\t<div class=\"elementor-widget-wrap elementor-element-populated\">\n\t\t\t\t\t\t<div class=\"elementor-element elementor-element-cc1ed39 elementor-invisible elementor-widget elementor-widget-heading\" data-id=\"cc1ed39\" data-element_type=\"widget\" data-e-type=\"widget\" data-settings=\"{&quot;_animation&quot;:&quot;fadeInUp&quot;}\" data-widget_type=\"heading.default\">\n\t\t\t\t<div class=\"elementor-widget-container\">\n\t\t\t\t\t<h2 class=\"elementor-heading-title elementor-size-default\">IL CALORIFERO CON IL RENDIMENTO TERMICO PI\u00d9 ELEVATO<\/h2>\t\t\t\t<\/div>\n\t\t\t\t<\/div>\n\t\t\t\t<div class=\"elementor-element elementor-element-5201ee7 elementor-invisible elementor-widget elementor-widget-text-editor\" data-id=\"5201ee7\" data-element_type=\"widget\" data-e-type=\"widget\" data-settings=\"{&quot;_animation&quot;:&quot;fadeInUp&quot;}\" data-widget_type=\"text-editor.default\">\n\t\t\t\t<div class=\"elementor-widget-container\">\n\t\t\t\t\t\t\t\t\t<p>I caloriferi a colonna tradizionali in acciaio di solito sono costituiti da tubi aventi un \u00d8 di 25 mm, come se tutti i produttori dovessero sottostare a questo limite. I tubi Quom invece lo superano. Si parte da un \u00d8 di 30 mm che viene poi compresso lateralmente con le successive fasi di lavorazione.<\/p>\n\t\t\t\t\t\t\t\t<\/div>\n\t\t\t\t<\/div>\n\t\t\t\t<div class=\"elementor-element elementor-element-ad4e573 elementor-invisible elementor-widget elementor-widget-text-editor\" data-id=\"ad4e573\" data-element_type=\"widget\" data-e-type=\"widget\" data-settings=\"{&quot;_animation&quot;:&quot;fadeInUp&quot;}\" data-widget_type=\"text-editor.default\">\n\t\t\t\t<div class=\"elementor-widget-container\">\n\t\t\t\t\t\t\t\t\t<ul>\n<li>MINOR CONTENUTO D\u2019ACQUA<br \/>\nLa struttura dei tubi Quom con \u00d8 di 30mm necessita di un contenuto d\u2019acqua inferiore rispetto ai tubi tradizionali con \u00d8 di 25 mm.<\/li>\n<li>MINOR BISOGNO DI SPAZIO<br \/>\nLa larghezza dei tubi \u00e8 stata ridotta a 22 mm, mentre la distanza tra gli elementi \u00e8 rimasta del valore tradizionale di 45 mm. Su richiesta gli elementi possono essere montati con distanza di 40 mm per occupare ancora meno spazio.<\/li>\n<li>+20% DI SUPERFICIE RADIANTE<br \/>\nRispetto a tutti i tubi tradizionali, i tubi Quom hanno una superficie radiante superiore del 20%.<\/li>\n<li>MAGGIOR RENDIMENTO TERMICO<br \/>\nUna maggior superficie radiante implica un maggior rendimento termico. I test tecnici hanno dimostrato che QUOM ha fino al 15 % di rendimento termico in pi\u00f9 rispetto ai caloriferi tradizionali aventi le stesse dimensioni.<\/li>\n<li>ACCELERAZIONE DELLA TRASMISSIONE DI CALORE<br \/>\nLa forma dei tubi Quom favorisce il moto ascensionale dell\u2019aria calda tra gli elementi dando luogo a un maggior rendimento.<\/li>\n<li>RISPARMIO ENERGETICO<br \/>\nIl minor contenuto d\u2019acqua, la maggior velocit\u00e0 nello scambio di calore, i tempi ridotti per mettere a regime l\u2019impianto e la superficie radiante pi\u00f9 estesa generano un maggior rendimento termico con conseguente risparmio energetico.<\/li>\n<\/ul>\n\t\t\t\t\t\t\t\t<\/div>\n\t\t\t\t<\/div>\n\t\t\t\t\t<\/div>\n\t\t<\/div>\n\t\t\t\t\t<\/div>\n\t\t<\/section>\n\t\t\t\t<section class=\"elementor-section elementor-top-section elementor-element elementor-element-66720c7 elementor-reverse-mobile elementor-section-boxed elementor-section-height-default elementor-section-height-default\" data-id=\"66720c7\" data-element_type=\"section\" data-e-type=\"section\">\n\t\t\t\t\t\t<div class=\"elementor-container elementor-column-gap-default\">\n\t\t\t\t\t<div class=\"elementor-column elementor-col-50 elementor-top-column elementor-element elementor-element-881cdc7\" data-id=\"881cdc7\" data-element_type=\"column\" data-e-type=\"column\">\n\t\t\t<div class=\"elementor-widget-wrap elementor-element-populated\">\n\t\t\t\t\t\t<div class=\"elementor-element elementor-element-ea95d80 elementor-invisible elementor-widget elementor-widget-image\" data-id=\"ea95d80\" data-element_type=\"widget\" data-e-type=\"widget\" data-settings=\"{&quot;_animation&quot;:&quot;fadeInUp&quot;}\" data-widget_type=\"image.default\">\n\t\t\t\t<div class=\"elementor-widget-container\">\n\t\t\t\t\t\t\t\t\t\t\t\t\t\t\t<img decoding=\"async\" width=\"904\" height=\"506\" src=\"https:\/\/quom-radiator.com\/wp-content\/uploads\/2022\/09\/radiator-design.jpeg\" class=\"attachment-full size-full wp-image-1258\" alt=\"\" srcset=\"https:\/\/quom-radiator.com\/wp-content\/uploads\/2022\/09\/radiator-design.jpeg 904w, https:\/\/quom-radiator.com\/wp-content\/uploads\/2022\/09\/radiator-design-300x168.jpeg 300w, https:\/\/quom-radiator.com\/wp-content\/uploads\/2022\/09\/radiator-design-768x430.jpeg 768w\" sizes=\"(max-width: 904px) 100vw, 904px\" \/>\t\t\t\t\t\t\t\t\t\t\t\t\t\t\t<\/div>\n\t\t\t\t<\/div>\n\t\t\t\t\t<\/div>\n\t\t<\/div>\n\t\t\t\t<div class=\"elementor-column elementor-col-50 elementor-top-column elementor-element elementor-element-9d75adf\" data-id=\"9d75adf\" data-element_type=\"column\" data-e-type=\"column\">\n\t\t\t<div class=\"elementor-widget-wrap elementor-element-populated\">\n\t\t\t\t\t\t<div class=\"elementor-element elementor-element-6528942 elementor-invisible elementor-widget elementor-widget-heading\" data-id=\"6528942\" data-element_type=\"widget\" data-e-type=\"widget\" data-settings=\"{&quot;_animation&quot;:&quot;fadeInUp&quot;}\" data-widget_type=\"heading.default\">\n\t\t\t\t<div class=\"elementor-widget-container\">\n\t\t\t\t\t<h2 class=\"elementor-heading-title elementor-size-default\">UN DESIGN NUOVO E MODERNO PER I CALORIFERI E UNA GRANDE FLESSIBILIT\u00c0 DI UTILIZZO<\/h2>\t\t\t\t<\/div>\n\t\t\t\t<\/div>\n\t\t\t\t<div class=\"elementor-element elementor-element-872c2ef elementor-invisible elementor-widget elementor-widget-text-editor\" data-id=\"872c2ef\" data-element_type=\"widget\" data-e-type=\"widget\" data-settings=\"{&quot;_animation&quot;:&quot;fadeInUp&quot;}\" data-widget_type=\"text-editor.default\">\n\t\t\t\t<div class=\"elementor-widget-container\">\n\t\t\t\t\t\t\t\t\t<p>Le forme dei nostri tubi conferiscono al calorifero Quom una linea estremamente leggera. Il calorifero pu\u00f2 quindi essere inserito in un arredo creativo, moderno ed elegante.<\/p>\n\t\t\t\t\t\t\t\t<\/div>\n\t\t\t\t<\/div>\n\t\t\t\t<div class=\"elementor-element elementor-element-61f5c10 elementor-invisible elementor-widget elementor-widget-text-editor\" data-id=\"61f5c10\" data-element_type=\"widget\" data-e-type=\"widget\" data-settings=\"{&quot;_animation&quot;:&quot;fadeInUp&quot;}\" data-widget_type=\"text-editor.default\">\n\t\t\t\t<div class=\"elementor-widget-container\">\n\t\t\t\t\t\t\t\t\t<ul>\n<li>Fronte tubi da 22 mm (rispetto ai 25 mm dei tubi tradizionali)<\/li>\n<li>Connessioni tra gli elementi da 28 mm (rispetto ai 55 mm dei tubi tradizionali)<\/li>\n<li>Allacciamenti di serie \u00d8 \u00bd\u201c (su richiesta \u00d83\/4\u201c)<\/li>\n<\/ul>\n\t\t\t\t\t\t\t\t<\/div>\n\t\t\t\t<\/div>\n\t\t\t\t<div class=\"elementor-element elementor-element-f02e662 elementor-invisible elementor-widget elementor-widget-text-editor\" data-id=\"f02e662\" data-element_type=\"widget\" data-e-type=\"widget\" data-settings=\"{&quot;_animation&quot;:&quot;fadeInUp&quot;}\" data-widget_type=\"text-editor.default\">\n\t\t\t\t<div class=\"elementor-widget-container\">\n\t\t\t\t\t\t\t\t\t<div class=\"sections_group\">\n<div class=\"entry-content\">\n<div class=\"section mcb-section   \">\n<div class=\"section_wrapper mcb-section-inner\">\n<div class=\"wrap mcb-wrap one  valign-top clearfix\">\n<div class=\"mcb-wrap-inner\">\n<div class=\"column mcb-column one column_content \">\n<div class=\"the_content\">\n<div class=\"the_content_wrapper\">\n<p>La quantit\u00e0 d\u2019acqua usata fa s\u00ec che siano sufficienti raccordi con un \u00d8 di \u00bd\u201c per valvole e caloriferi.<\/p>\n<\/div>\n<\/div>\n<\/div>\n<\/div>\n<\/div>\n<\/div>\n<\/div>\n<\/div>\n<\/div>\n\t\t\t\t\t\t\t\t<\/div>\n\t\t\t\t<\/div>\n\t\t\t\t\t<\/div>\n\t\t<\/div>\n\t\t\t\t\t<\/div>\n\t\t<\/section>\n\t\t\t\t<\/div>\n\t\t","protected":false},"excerpt":{"rendered":"<p>Garantiamo la massima qualit\u00e0. MASSIMA QUALIT\u00c0 GARANTITA DALL&#8217;ITALIANIT\u00c0 DEL PRODOTTO: DALLE MATERIE PRIME ALLE SINGOLE COMPONENTI AI PROCESSI DI LAVORAZIONE, IL TUTTO PORTA A UN CALORIFERO DI QUALIT\u00c0 SUPERIORE. Massima qualit\u00e0 garantita. Prodotti controllati, processi monitorati, componenti e materie di lavorazione sviluppate in proprio. Grazie alla loro forma particolare, la quantit\u00e0 d\u2019acqua che circola nei [&hellip;]<\/p>\n","protected":false},"author":2,"featured_media":0,"parent":0,"menu_order":0,"comment_status":"closed","ping_status":"closed","template":"","meta":{"_seopress_robots_primary_cat":"","_seopress_titles_title":"","_seopress_titles_desc":"","_seopress_robots_index":"","footnotes":""},"class_list":["post-1510","page","type-page","status-publish","hentry"],"_links":{"self":[{"href":"https:\/\/quom-radiator.com\/it\/wp-json\/wp\/v2\/pages\/1510","targetHints":{"allow":["GET"]}}],"collection":[{"href":"https:\/\/quom-radiator.com\/it\/wp-json\/wp\/v2\/pages"}],"about":[{"href":"https:\/\/quom-radiator.com\/it\/wp-json\/wp\/v2\/types\/page"}],"author":[{"embeddable":true,"href":"https:\/\/quom-radiator.com\/it\/wp-json\/wp\/v2\/users\/2"}],"replies":[{"embeddable":true,"href":"https:\/\/quom-radiator.com\/it\/wp-json\/wp\/v2\/comments?post=1510"}],"version-history":[{"count":1,"href":"https:\/\/quom-radiator.com\/it\/wp-json\/wp\/v2\/pages\/1510\/revisions"}],"predecessor-version":[{"id":1511,"href":"https:\/\/quom-radiator.com\/it\/wp-json\/wp\/v2\/pages\/1510\/revisions\/1511"}],"wp:attachment":[{"href":"https:\/\/quom-radiator.com\/it\/wp-json\/wp\/v2\/media?parent=1510"}],"curies":[{"name":"wp","href":"https:\/\/api.w.org\/{rel}","templated":true}]}}